{"id":1032,"date":"2021-02-08T16:15:45","date_gmt":"2021-02-08T21:15:45","guid":{"rendered":"http:\/\/ontournevert.com\/politique-de-confidentialite\/"},"modified":"2021-04-27T18:10:17","modified_gmt":"2021-04-27T23:10:17","slug":"privacy-policy","status":"publish","type":"page","link":"https:\/\/ontournevert.com\/en\/privacy-policy\/","title":{"rendered":"Privacy Policy"},"content":{"rendered":"<p>[et_pb_section fb_built=&#8221;1&#8243; admin_label=&#8221;section&#8221; _builder_version=&#8221;3.22&#8243; custom_padding=&#8221;||35px|||&#8221;][et_pb_row admin_label=&#8221;row&#8221; _builder_version=&#8221;3.25&#8243; background_size=&#8221;initial&#8221; background_position=&#8221;top_left&#8221; background_repeat=&#8221;repeat&#8221; custom_margin=&#8221;-35px|auto||auto||&#8221;][et_pb_column type=&#8221;4_4&#8243; _builder_version=&#8221;3.25&#8243; custom_padding=&#8221;|||&#8221; custom_padding__hover=&#8221;|||&#8221;][et_pb_text admin_label=&#8221;Text&#8221; _builder_version=&#8221;3.27.4&#8243; background_size=&#8221;initial&#8221; background_position=&#8221;top_left&#8221; background_repeat=&#8221;repeat&#8221; inline_fonts=&#8221;Abel&#8221;]<\/p>\n<p><span style=\"font-family: Abel; font-weight: normal; font-size: large;\">The Bureau du cin\u00e9ma et de la t\u00e9l\u00e9vision du Qu\u00e9bec (BCTQ) respects and protects the privacy of Internet users who visit this Web site. The purpose of this policy is to inform visitors of the principles that govern the collection, use, protection and disclosure of information that they may be asked to provide while using this website. This policy applies to everyone who visits this website.<\/span><\/p>\n<p><span style=\"font-family: Abel; font-weight: normal; font-size: large; color: #6ab579;\">Collection of Personal Information<\/span><\/p>\n<p><span style=\"font-family: Abel; font-weight: normal; font-size: large;\">No personal or identifying information such as a visitor&#8217;s name, address, telephone number or e-mail address &#8211; hereinafter collectively referred to as &#8220;Personal Information&#8221; &#8211; will be collected, used or disclosed by Le Bureau du cin\u00e9ma et de la t\u00e9l\u00e9vision du Qu\u00e9bec (BCTQ) without the express consent of the visitor to this website.<\/span><\/p>\n<p><span style=\"font-family: Abel; font-weight: normal; font-size: large;\">In order to provide certain services on this website, Le Bureau du cin\u00e9ma et de la t\u00e9l\u00e9vision du Qu\u00e9bec (BCTQ) may ask its visitors to voluntarily submit Personal Information. This Personal Information will be collected, used and, if necessary, disclosed, only for the purposes and reasons specified by Le Bureau du cin\u00e9ma et de la t\u00e9l\u00e9vision du Qu\u00e9bec (BCTQ) at the time of collection. In all cases, Personal Information is kept by the Bureau du cin\u00e9ma et de la t\u00e9l\u00e9vision du Qu\u00e9bec (BCTQ) only for the time necessary to achieve the purposes specified at the time of collection.\u00a0<\/span><\/p>\n<p><span style=\"font-family: Abel; font-weight: normal; font-size: large;\">The visitor may at any time write to<a href=\"mailto:info@bctq.ca\"> info@bctq.ca<\/a> and ask the Bureau du cin\u00e9ma et de la t\u00e9l\u00e9vision du Qu\u00e9bec (BCTQ) to modify, delete or update the Personal Information concerning him or her.<\/span><\/p>\n<p><span style=\"font-family: Abel; font-weight: normal; font-size: large;\"><span style=\"color: #6ab579;\">Use of Personal Information<\/span><\/span><\/p>\n<p><span style=\"font-family: Abel; font-weight: normal; font-size: large;\">The Quebec Film and Television Bureau (QFTC) collects, uses and\/or discloses your Personal Information for the following purpose<\/span><span style=\"font-family: Abel; font-weight: normal; font-size: large;\"><\/span><span style=\"font-family: Abel; font-weight: normal; font-size: large;\"><\/span><span style=\"font-family: Abel; font-weight: normal; font-size: large;\"><\/span><span style=\"font-family: Abel; font-weight: normal; font-size: large;\"><\/span><\/p>\n<ul>\n<li><span style=\"font-size: large; font-family: Abel; font-weight: normal;\">to provide the service or information you have requested;<\/span><\/li>\n<li><span style=\"font-family: Abel; font-weight: normal; font-size: large;\">to send you information about the services you have requested or to respond to your requests and questions;<\/span><\/li>\n<li><span style=\"font-family: Abel; font-weight: normal; font-size: large;\">to better understand your needs and preferences;<\/span><\/li>\n<li><span style=\"font-family: Abel; font-weight: normal; font-size: large;\">to provide good customer service;<\/span><span style=\"font-family: Abel; font-weight: normal; font-size: large;\"><\/span><\/li>\n<li><span style=\"font-family: Abel; font-weight: normal; font-size: large;\">to organize and administer contests and\/or surveys;<\/span><\/li>\n<li><span style=\"font-family: Abel; font-weight: normal; font-size: large;\">to inform you of new offers, activities and promotions;<\/span><\/li>\n<li><span style=\"font-family: Abel; font-weight: normal; font-size: large;\">to comply with legal requirements; and\/or<br \/>for any other purpose for which you provide your consent<\/span><\/li>\n<\/ul>\n<p><span style=\"font-family: Abel; font-weight: normal; font-size: large;\"><\/span><\/p>\n<p><span style=\"font-family: Abel; font-weight: normal; font-size: large; color: #6ab579;\">Consent<\/span><\/p>\n<p><span style=\"font-family: Abel; font-weight: normal; font-size: large;\">When the visitor communicates Personal Information concerning another person, the Bureau du cin\u00e9ma et de la t\u00e9l\u00e9vision du Qu\u00e9bec (BCTQ) assumes that the visitor has obtained valid consent from that person to collect, use and communicate this Information in accordance with this Policy. Any electronic communication that the Bureau du cin\u00e9ma et de la t\u00e9l\u00e9vision du Qu\u00e9bec (BCTQ) sends to the visitor, whether on its own behalf or on behalf of a third party business partner, will include instructions informing the visitor how to unsubscribe from future communications. If the visitor does not consent, then he or she is obligated not to disclose his or her Personal Information or, where applicable, he or she is obligated to unsubscribe or send us an email at info@bctq.ca The Bureau du cin\u00e9ma et de la t\u00e9l\u00e9vision du Qu\u00e9bec (BCTQ) may not be able to provide the visitor with services if the visitor withdraws his or her consent to certain uses of his or her Personal Information.<\/span><\/p>\n<p><span style=\"font-family: Abel; font-weight: normal; font-size: large;\"><\/span><\/p>\n<p><span style=\"font-family: Abel; font-weight: normal; font-size: large; color: #6ab579;\">Protection of Personal Information<\/span><\/p>\n<p><span style=\"font-family: Abel; font-weight: normal; font-size: large;\">The security of Personal Information collected on this Web site is ensured through technological measures and administrative policies put in place by the Bureau du cin\u00e9ma et de la t\u00e9l\u00e9vision du Qu\u00e9bec (BCTQ). The computers and servers used to store Personal Information are kept in a secure environment and limited to authorized personnel with appropriate access codes.<\/span><\/p>\n<p><span style=\"font-family: Abel; font-weight: normal; font-size: large; color: #6ab579;\">Collection of Anonymous and Non-Personal Information<\/span><\/p>\n<p><span style=\"font-family: Abel; font-weight: normal; font-size: large;\">When a visitor visits this Web site, certain anonymous, non-personal information may be collected. Such information may include, but is not limited to, the web browser and operating system used by a visitor, the number of visits, the number of web pages viewed, the duration of the visits, the language and the origin of the visitor. The Bureau du cin\u00e9ma et de la t\u00e9l\u00e9vision du Qu\u00e9bec (BCTQ) uses this information for statistical purposes only and to tailor this Web site to the needs of its visitors. The Bureau du cin\u00e9ma et de la t\u00e9l\u00e9vision du Qu\u00e9bec (BCTQ) may disclose this anonymous and non-personal information to third parties, such as partners or sponsors.<\/span><\/p>\n<p><span style=\"font-family: Abel; font-weight: normal; font-size: large; color: #6ab579;\">Cookies<\/span><\/p>\n<p><span style=\"font-family: Abel; font-weight: normal; font-size: large;\">The Bureau du cin\u00e9ma et de la t\u00e9l\u00e9vision du Qu\u00e9bec (BCTQ) uses cookies on this Web site. These cookies are used to collect information about the visitor&#8217;s interaction with this Web site and to remember the visitor. Cookies are used to tailor the content of the website to the visitor&#8217;s browsing habits in order to improve and personalize the visitor&#8217;s experience. Specifically, these cookies are used to provide the visitor with targeted advertisements, personalized services, and editorial content that reflect the visitor&#8217;s interests and preferences, and to allow the visitor to share information on social networks. Finally, these cookies are used to generate anonymous visitor statistics and to analyze and evaluate visitors, both on this website and in other media. Cookies do not reveal any Personal Information about the visitor. Visitors may refuse or disable cookies at any time by changing the settings in their web browser.<\/span><\/p>\n<p><span style=\"font-family: Abel; font-weight: normal; font-size: large; color: #6ab579;\">Links to Third Party Websites<\/span><\/p>\n<p><span style=\"font-family: Abel; font-weight: normal; font-size: large;\">This Web site contains links to Web sites operated by third parties that have their own privacy and confidentiality policies. The Bureau du cin\u00e9ma et de la t\u00e9l\u00e9vision du Qu\u00e9bec (BCTQ) does not guarantee these websites and cannot be held responsible for their activities, procedures and policies.<\/span><\/p>\n<p><span style=\"font-family: Abel; font-weight: normal; font-size: large; color: #6ab579;\">Responsibility<\/span><\/p>\n<p><span style=\"font-family: Abel; font-weight: normal; font-size: large;\">This Privacy Policy constitutes the entire agreement between any person visiting this website and the Bureau du cin\u00e9ma et de la t\u00e9l\u00e9vision du Qu\u00e9bec (BCTQ). Anyone who does not agree with one or more of the provisions of this policy is asked to refrain from accessing this website. If you have any questions, complaints or comments regarding this policy or the treatment of your Personal Information, please contact Le Bureau du cin\u00e9ma et de la t\u00e9l\u00e9vision du Qu\u00e9bec (BCTQ) by e-mail at <a href=\"mailto:info@bctq.ca\"><span style=\"color: #6ab579;\">info@bctq.ca<\/span><\/a>, by telephone at 1 866 320-3456 or in writing at 204, rue du Saint-Sacrement, bureau 500, Montr\u00e9al, Qu\u00e9bec, Canada, H2Y 1W8.<\/span><\/p>\n<p><span style=\"font-family: Abel; font-weight: normal; font-size: large; color: #6ab579;\">Juridiction<\/span><\/p>\n<p><span style=\"font-family: Abel; font-weight: normal; font-size: large;\">This policy and the relationship between the Visitor and the Bureau du cin\u00e9ma et de la t\u00e9l\u00e9vision du Qu\u00e9bec (BCTQ) are governed by the laws of the Province of Quebec, Canada. The parties agree to elect domicile in the judicial district of Montreal, Province of Quebec, Canada and choose this as the appropriate district for the hearing of any claim arising from the interpretation, application, fulfillment, coming into force, validity and effects of this policy.<\/span><\/p>\n<p>&nbsp;<\/p>\n<h2><!-- \/divi:heading --><\/h2>\n<p>[\/et_pb_text][\/et_pb_column][\/et_pb_row][\/et_pb_section]<\/p>\n","protected":false},"excerpt":{"rendered":"<p>The Bureau du cin\u00e9ma et de la t\u00e9l\u00e9vision du Qu\u00e9bec (BCTQ) respects and protects the privacy of Internet users who visit this Web site. The purpose of this policy is to inform visitors of the principles that govern the collection, use, protection and disclosure of information that they may be asked to provide while using [&hellip;]<\/p>\n","protected":false},"author":1,"featured_media":0,"parent":0,"menu_order":0,"comment_status":"closed","ping_status":"closed","template":"","meta":{"_et_pb_use_builder":"on","_et_pb_old_content":"<!-- wp:heading --><h2>Who we are<\/h2><!-- \/wp:heading --><!-- wp:paragraph --><p>Our website address is: https:\/\/ontournevert.com.<\/p><!-- \/wp:paragraph --><!-- wp:heading --><h2>What personal data we collect and why we collect it<\/h2><!-- \/wp:heading --><!-- wp:heading {\"level\":3} --><h3>Comments<\/h3><!-- \/wp:heading --><!-- wp:paragraph --><p>When visitors leave comments on the site we collect the data shown in the comments form, and also the visitor&#8217;s IP address and browser user agent string to help spam detection.<\/p><!-- \/wp:paragraph --><!-- wp:paragraph --><p>An anonymized string created from your email address (also called a hash) may be provided to the Gravatar service to see if you are using it. The Gravatar service privacy policy is available here: https:\/\/automattic.com\/privacy\/. After approval of your comment, your profile picture is visible to the public in the context of your comment.<\/p><!-- \/wp:paragraph --><!-- wp:heading {\"level\":3} --><h3>Media<\/h3><!-- \/wp:heading --><!-- wp:paragraph --><p>If you upload images to the website, you should avoid uploading images with embedded location data (EXIF GPS) included. Visitors to the website can download and extract any location data from images on the website.<\/p><!-- \/wp:paragraph --><!-- wp:heading {\"level\":3} --><h3>Contact forms<\/h3><!-- \/wp:heading --><!-- wp:heading {\"level\":3} --><h3>Cookies<\/h3><!-- \/wp:heading --><!-- wp:paragraph --><p>If you leave a comment on our site you may opt-in to saving your name, email address and website in cookies. These are for your convenience so that you do not have to fill in your details again when you leave another comment. These cookies will last for one year.<\/p><!-- \/wp:paragraph --><!-- wp:paragraph --><p>If you visit our login page, we will set a temporary cookie to determine if your browser accepts cookies. This cookie contains no personal data and is discarded when you close your browser.<\/p><!-- \/wp:paragraph --><!-- wp:paragraph --><p>When you log in, we will also set up several cookies to save your login information and your screen display choices. Login cookies last for two days, and screen options cookies last for a year. If you select &quot;Remember Me&quot;, your login will persist for two weeks. If you log out of your account, the login cookies will be removed.<\/p><!-- \/wp:paragraph --><!-- wp:paragraph --><p>If you edit or publish an article, an additional cookie will be saved in your browser. This cookie includes no personal data and simply indicates the post ID of the article you just edited. It expires after 1 day.<\/p><!-- \/wp:paragraph --><!-- wp:heading {\"level\":3} --><h3>Embedded content from other websites<\/h3><!-- \/wp:heading --><!-- wp:paragraph --><p>Articles on this site may include embedded content (e.g. videos, images, articles, etc.). Embedded content from other websites behaves in the exact same way as if the visitor has visited the other website.<\/p><!-- \/wp:paragraph --><!-- wp:paragraph --><p>These websites may collect data about you, use cookies, embed additional third-party tracking, and monitor your interaction with that embedded content, including tracking your interaction with the embedded content if you have an account and are logged in to that website.<\/p><!-- \/wp:paragraph --><!-- wp:heading {\"level\":3} --><h3>Analytics<\/h3><!-- \/wp:heading --><!-- wp:heading --><h2>Who we share your data with<\/h2><!-- \/wp:heading --><!-- wp:paragraph --><p>If you request a password reset, your IP address will be included in the reset email.<\/p><!-- \/wp:paragraph --><!-- wp:heading --><h2>How long we retain your data<\/h2><!-- \/wp:heading --><!-- wp:paragraph --><p>If you leave a comment, the comment and its metadata are retained indefinitely. This is so we can recognize and approve any follow-up comments automatically instead of holding them in a moderation queue.<\/p><!-- \/wp:paragraph --><!-- wp:paragraph --><p>For users that register on our website (if any), we also store the personal information they provide in their user profile. All users can see, edit, or delete their personal information at any time (except they cannot change their username). Website administrators can also see and edit that information.<\/p><!-- \/wp:paragraph --><!-- wp:heading --><h2>What rights you have over your data<\/h2><!-- \/wp:heading --><!-- wp:paragraph --><p>If you have an account on this site, or have left comments, you can request to receive an exported file of the personal data we hold about you, including any data you have provided to us. You can also request that we erase any personal data we hold about you. This does not include any data we are obliged to keep for administrative, legal, or security purposes.<\/p><!-- \/wp:paragraph --><!-- wp:heading --><h2>Where we send your data<\/h2><!-- \/wp:heading --><!-- wp:paragraph --><p>Visitor comments may be checked through an automated spam detection service.<\/p><!-- \/wp:paragraph --><!-- wp:heading --><h2>Your contact information<\/h2><!-- \/wp:heading --><!-- wp:heading --><h2>Additional information<\/h2><!-- \/wp:heading --><!-- wp:heading {\"level\":3} --><h3>How we protect your data<\/h3><!-- \/wp:heading --><!-- wp:heading {\"level\":3} --><h3>What data breach procedures we have in place<\/h3><!-- \/wp:heading --><!-- wp:heading {\"level\":3} --><h3>What third parties we receive data from<\/h3><!-- \/wp:heading --><!-- wp:heading {\"level\":3} --><h3>What automated decision making and\/or profiling we do with user data<\/h3><!-- \/wp:heading --><!-- wp:heading {\"level\":3} --><h3>Industry regulatory disclosure requirements<\/h3><!-- \/wp:heading -->","_et_gb_content_width":"","footnotes":""},"class_list":["post-1032","page","type-page","status-publish","hentry"],"yoast_head":"<!-- This site is optimized with the Yoast SEO plugin v27.6 - https:\/\/yoast.com\/product\/yoast-seo-wordpress\/ -->\n<title>Privacy Policy - On Tourne Vert \/ Rolling Green<\/title>\n<meta name=\"description\" content=\"The Quebec film and television council (QFTC) respects and protects the privacy of Internet users who visit this Web site.\" \/>\n<meta name=\"robots\" content=\"index, follow, max-snippet:-1, max-image-preview:large, max-video-preview:-1\" \/>\n<link rel=\"canonical\" href=\"https:\/\/ontournevert.com\/en\/privacy-policy\/\" \/>\n<meta property=\"og:locale\" content=\"en_US\" \/>\n<meta property=\"og:type\" content=\"article\" \/>\n<meta property=\"og:title\" content=\"Privacy Policy - On Tourne Vert \/ Rolling Green\" \/>\n<meta property=\"og:description\" content=\"The Quebec film and television council (QFTC) respects and protects the privacy of Internet users who visit this Web site.\" \/>\n<meta property=\"og:url\" content=\"https:\/\/ontournevert.com\/en\/privacy-policy\/\" \/>\n<meta property=\"og:site_name\" content=\"On Tourne Vert \/ Rolling Green\" \/>\n<meta property=\"article:publisher\" content=\"https:\/\/www.facebook.com\/bctqqftc\/\" \/>\n<meta property=\"article:modified_time\" content=\"2021-04-27T23:10:17+00:00\" \/>\n<meta name=\"twitter:card\" content=\"summary_large_image\" \/>\n<meta name=\"twitter:site\" content=\"@bctq_qftc\" \/>\n<meta name=\"twitter:label1\" content=\"Est. reading time\" \/>\n\t<meta name=\"twitter:data1\" content=\"6 minutes\" \/>\n<script type=\"application\/ld+json\" class=\"yoast-schema-graph\">{\"@context\":\"https:\\\/\\\/schema.org\",\"@graph\":[{\"@type\":\"WebPage\",\"@id\":\"https:\\\/\\\/ontournevert.com\\\/en\\\/privacy-policy\\\/\",\"url\":\"https:\\\/\\\/ontournevert.com\\\/en\\\/privacy-policy\\\/\",\"name\":\"Privacy Policy - On Tourne Vert \\\/ Rolling Green\",\"isPartOf\":{\"@id\":\"https:\\\/\\\/ontournevert.com\\\/fr\\\/#website\"},\"datePublished\":\"2021-02-08T21:15:45+00:00\",\"dateModified\":\"2021-04-27T23:10:17+00:00\",\"description\":\"The Quebec film and television council (QFTC) respects and protects the privacy of Internet users who visit this Web site.\",\"breadcrumb\":{\"@id\":\"https:\\\/\\\/ontournevert.com\\\/en\\\/privacy-policy\\\/#breadcrumb\"},\"inLanguage\":\"en-US\",\"potentialAction\":[{\"@type\":\"ReadAction\",\"target\":[\"https:\\\/\\\/ontournevert.com\\\/en\\\/privacy-policy\\\/\"]}]},{\"@type\":\"BreadcrumbList\",\"@id\":\"https:\\\/\\\/ontournevert.com\\\/en\\\/privacy-policy\\\/#breadcrumb\",\"itemListElement\":[{\"@type\":\"ListItem\",\"position\":1,\"name\":\"Home\",\"item\":\"https:\\\/\\\/ontournevert.com\\\/en\\\/\"},{\"@type\":\"ListItem\",\"position\":2,\"name\":\"Privacy Policy\"}]},{\"@type\":\"WebSite\",\"@id\":\"https:\\\/\\\/ontournevert.com\\\/fr\\\/#website\",\"url\":\"https:\\\/\\\/ontournevert.com\\\/fr\\\/\",\"name\":\"On Tourne Vert \\\/ Rolling Green\",\"description\":\"Am\u00e9liorer l&#039;\u00e9coresponsabilit\u00e9 des productions audiovisuelles au Qu\u00e9bec.\",\"publisher\":{\"@id\":\"https:\\\/\\\/ontournevert.com\\\/fr\\\/#organization\"},\"potentialAction\":[{\"@type\":\"SearchAction\",\"target\":{\"@type\":\"EntryPoint\",\"urlTemplate\":\"https:\\\/\\\/ontournevert.com\\\/fr\\\/?s={search_term_string}\"},\"query-input\":{\"@type\":\"PropertyValueSpecification\",\"valueRequired\":true,\"valueName\":\"search_term_string\"}}],\"inLanguage\":\"en-US\"},{\"@type\":\"Organization\",\"@id\":\"https:\\\/\\\/ontournevert.com\\\/fr\\\/#organization\",\"name\":\"On Tourne Vert \\\/ Rolling Green\",\"url\":\"https:\\\/\\\/ontournevert.com\\\/fr\\\/\",\"logo\":{\"@type\":\"ImageObject\",\"inLanguage\":\"en-US\",\"@id\":\"https:\\\/\\\/ontournevert.com\\\/fr\\\/#\\\/schema\\\/logo\\\/image\\\/\",\"url\":\"http:\\\/\\\/ontournevert.com\\\/wp-content\\\/uploads\\\/2022\\\/01\\\/Logo.png\",\"contentUrl\":\"http:\\\/\\\/ontournevert.com\\\/wp-content\\\/uploads\\\/2022\\\/01\\\/Logo.png\",\"width\":506,\"height\":225,\"caption\":\"On Tourne Vert \\\/ Rolling Green\"},\"image\":{\"@id\":\"https:\\\/\\\/ontournevert.com\\\/fr\\\/#\\\/schema\\\/logo\\\/image\\\/\"},\"sameAs\":[\"https:\\\/\\\/www.facebook.com\\\/bctqqftc\\\/\",\"https:\\\/\\\/x.com\\\/bctq_qftc\",\"https:\\\/\\\/www.instagram.com\\\/bctq_qftc\\\/?hl=fr\",\"https:\\\/\\\/www.linkedin.com\\\/company\\\/bctq\\\/?originalSubdomain=ca\",\"https:\\\/\\\/www.youtube.com\\\/channel\\\/UCzPwrM1b2iYeQS4ERSehUKA\",\"https:\\\/\\\/www.instagram.com\\\/ontournevert\\\/\",\"https:\\\/\\\/www.linkedin.com\\\/company\\\/on-tourne-vert\\\/?viewAsMember=true\",\"https:\\\/\\\/www.facebook.com\\\/ontournevert\"]}]}<\/script>\n<!-- \/ Yoast SEO plugin. -->","yoast_head_json":{"title":"Privacy Policy - On Tourne Vert \/ Rolling Green","description":"The Quebec film and television council (QFTC) respects and protects the privacy of Internet users who visit this Web site.","robots":{"index":"index","follow":"follow","max-snippet":"max-snippet:-1","max-image-preview":"max-image-preview:large","max-video-preview":"max-video-preview:-1"},"canonical":"https:\/\/ontournevert.com\/en\/privacy-policy\/","og_locale":"en_US","og_type":"article","og_title":"Privacy Policy - On Tourne Vert \/ Rolling Green","og_description":"The Quebec film and television council (QFTC) respects and protects the privacy of Internet users who visit this Web site.","og_url":"https:\/\/ontournevert.com\/en\/privacy-policy\/","og_site_name":"On Tourne Vert \/ Rolling Green","article_publisher":"https:\/\/www.facebook.com\/bctqqftc\/","article_modified_time":"2021-04-27T23:10:17+00:00","twitter_card":"summary_large_image","twitter_site":"@bctq_qftc","twitter_misc":{"Est. reading time":"6 minutes"},"schema":{"@context":"https:\/\/schema.org","@graph":[{"@type":"WebPage","@id":"https:\/\/ontournevert.com\/en\/privacy-policy\/","url":"https:\/\/ontournevert.com\/en\/privacy-policy\/","name":"Privacy Policy - On Tourne Vert \/ Rolling Green","isPartOf":{"@id":"https:\/\/ontournevert.com\/fr\/#website"},"datePublished":"2021-02-08T21:15:45+00:00","dateModified":"2021-04-27T23:10:17+00:00","description":"The Quebec film and television council (QFTC) respects and protects the privacy of Internet users who visit this Web site.","breadcrumb":{"@id":"https:\/\/ontournevert.com\/en\/privacy-policy\/#breadcrumb"},"inLanguage":"en-US","potentialAction":[{"@type":"ReadAction","target":["https:\/\/ontournevert.com\/en\/privacy-policy\/"]}]},{"@type":"BreadcrumbList","@id":"https:\/\/ontournevert.com\/en\/privacy-policy\/#breadcrumb","itemListElement":[{"@type":"ListItem","position":1,"name":"Home","item":"https:\/\/ontournevert.com\/en\/"},{"@type":"ListItem","position":2,"name":"Privacy Policy"}]},{"@type":"WebSite","@id":"https:\/\/ontournevert.com\/fr\/#website","url":"https:\/\/ontournevert.com\/fr\/","name":"On Tourne Vert \/ Rolling Green","description":"Am\u00e9liorer l&#039;\u00e9coresponsabilit\u00e9 des productions audiovisuelles au Qu\u00e9bec.","publisher":{"@id":"https:\/\/ontournevert.com\/fr\/#organization"},"potentialAction":[{"@type":"SearchAction","target":{"@type":"EntryPoint","urlTemplate":"https:\/\/ontournevert.com\/fr\/?s={search_term_string}"},"query-input":{"@type":"PropertyValueSpecification","valueRequired":true,"valueName":"search_term_string"}}],"inLanguage":"en-US"},{"@type":"Organization","@id":"https:\/\/ontournevert.com\/fr\/#organization","name":"On Tourne Vert \/ Rolling Green","url":"https:\/\/ontournevert.com\/fr\/","logo":{"@type":"ImageObject","inLanguage":"en-US","@id":"https:\/\/ontournevert.com\/fr\/#\/schema\/logo\/image\/","url":"http:\/\/ontournevert.com\/wp-content\/uploads\/2022\/01\/Logo.png","contentUrl":"http:\/\/ontournevert.com\/wp-content\/uploads\/2022\/01\/Logo.png","width":506,"height":225,"caption":"On Tourne Vert \/ Rolling Green"},"image":{"@id":"https:\/\/ontournevert.com\/fr\/#\/schema\/logo\/image\/"},"sameAs":["https:\/\/www.facebook.com\/bctqqftc\/","https:\/\/x.com\/bctq_qftc","https:\/\/www.instagram.com\/bctq_qftc\/?hl=fr","https:\/\/www.linkedin.com\/company\/bctq\/?originalSubdomain=ca","https:\/\/www.youtube.com\/channel\/UCzPwrM1b2iYeQS4ERSehUKA","https:\/\/www.instagram.com\/ontournevert\/","https:\/\/www.linkedin.com\/company\/on-tourne-vert\/?viewAsMember=true","https:\/\/www.facebook.com\/ontournevert"]}]}},"_links":{"self":[{"href":"https:\/\/ontournevert.com\/en\/wp-json\/wp\/v2\/pages\/1032","targetHints":{"allow":["GET"]}}],"collection":[{"href":"https:\/\/ontournevert.com\/en\/wp-json\/wp\/v2\/pages"}],"about":[{"href":"https:\/\/ontournevert.com\/en\/wp-json\/wp\/v2\/types\/page"}],"author":[{"embeddable":true,"href":"https:\/\/ontournevert.com\/en\/wp-json\/wp\/v2\/users\/1"}],"replies":[{"embeddable":true,"href":"https:\/\/ontournevert.com\/en\/wp-json\/wp\/v2\/comments?post=1032"}],"version-history":[{"count":0,"href":"https:\/\/ontournevert.com\/en\/wp-json\/wp\/v2\/pages\/1032\/revisions"}],"wp:attachment":[{"href":"https:\/\/ontournevert.com\/en\/wp-json\/wp\/v2\/media?parent=1032"}],"curies":[{"name":"wp","href":"https:\/\/api.w.org\/{rel}","templated":true}]}}