{"id":10337,"date":"2026-03-30T11:42:59","date_gmt":"2026-03-30T16:42:59","guid":{"rendered":"https:\/\/ontournevert.com\/?page_id=10337"},"modified":"2026-03-30T11:44:27","modified_gmt":"2026-03-30T16:44:27","slug":"all-ressources","status":"publish","type":"page","link":"https:\/\/ontournevert.com\/en\/all-ressources\/","title":{"rendered":"All ressources"},"content":{"rendered":"<p>[et_pb_section fb_built=&#8221;1&#8243; admin_label=&#8221;Hero&#8221; _builder_version=&#8221;4.27.6&#8243; background_color=&#8221;#309b49&#8243; background_image=&#8221;https:\/\/ontournevert.com\/wp-content\/uploads\/2026\/03\/FORMATION-ON-TOURNE-VERT-9.png&#8221; background_size=&#8221;contain&#8221; height=&#8221;198px&#8221; max_height=&#8221;2000px&#8221; custom_margin=&#8221;||24px|||&#8221; custom_padding=&#8221;2px||0px|||&#8221; animation_style=&#8221;zoom&#8221; animation_intensity_zoom=&#8221;4%&#8221; locked=&#8221;off&#8221; global_colors_info=&#8221;{}&#8221;][\/et_pb_section][et_pb_section fb_built=&#8221;1&#8243; _builder_version=&#8221;4.27.4&#8243; _module_preset=&#8221;default&#8221; global_colors_info=&#8221;{}&#8221;][et_pb_row _builder_version=&#8221;4.27.4&#8243; _module_preset=&#8221;default&#8221; background_color=&#8221;#FFFFFF&#8221; width=&#8221;64%&#8221; custom_padding=&#8221;51px|||||&#8221; border_width_all=&#8221;2px&#8221; locked=&#8221;off&#8221; global_colors_info=&#8221;{}&#8221;][et_pb_column type=&#8221;4_4&#8243; _builder_version=&#8221;4.24.2&#8243; _module_preset=&#8221;default&#8221; global_colors_info=&#8221;{}&#8221;][et_pb_text _builder_version=&#8221;4.27.6&#8243; _module_preset=&#8221;3fb0acc0-ca95-4e08-a49b-6fb2b7f04660&#8243; width=&#8221;93%&#8221; module_alignment=&#8221;center&#8221; global_colors_info=&#8221;{}&#8221;]<\/p>\n<div class=\"et_pb_module et_pb_text et_pb_text_5  et_pb_text_align_left et_pb_bg_layout_light\">\n<p><i style=\"font-size: 16px; text-align: left; font-family: Lato, Helvetica, Arial, Lucida, sans-serif; color: #666666;\">Rolling Green <\/i><span style=\"font-size: 16px; text-align: left; font-family: Lato, Helvetica, Arial, Lucida, sans-serif; color: #666666;\"><\/span>offers a wide range of guides and tools to help you make the transition to eco-friendly practices.<\/p>\n<p>To better understand the ecosystem and how it works, you can access various studies.<\/p>\n<\/div>\n<div class=\"et_pb_module et_pb_text et_pb_text_7  et_pb_text_align_left et_pb_bg_layout_light\">\n<div class=\"et_pb_text_inner\"><\/div>\n<\/div>\n<p style=\"text-align: center;\">[\/et_pb_text][et_pb_button button_text=&#8221;Our guides and tools &#8221; button_alignment=&#8221;center&#8221; _builder_version=&#8221;4.27.6&#8243; _module_preset=&#8221;default&#8221; custom_button=&#8221;on&#8221; button_text_size=&#8221;28px&#8221; button_text_color=&#8221;#FFFFFF&#8221; button_bg_color=&#8221;#119b5f&#8221; button_bg_blend=&#8221;lighten&#8221; button_border_width=&#8221;4px&#8221; button_icon_color=&#8221;#FFFFFF&#8221; hover_enabled=&#8221;0&#8243; global_colors_info=&#8221;{}&#8221; button_url=&#8221;https:\/\/ontournevert.com\/en\/our-guides-and-tools\/&#8221; sticky_enabled=&#8221;0&#8243;][\/et_pb_button][et_pb_button button_text=&#8221;Our studies and reports&#8221; button_alignment=&#8221;center&#8221; _builder_version=&#8221;4.27.6&#8243; _module_preset=&#8221;default&#8221; custom_button=&#8221;on&#8221; button_text_size=&#8221;28px&#8221; button_text_color=&#8221;#FFFFFF&#8221; button_bg_color=&#8221;#119b5f&#8221; button_bg_blend=&#8221;lighten&#8221; button_border_width=&#8221;4px&#8221; button_icon_color=&#8221;#FFFFFF&#8221; hover_enabled=&#8221;0&#8243; global_colors_info=&#8221;{}&#8221; button_url=&#8221;https:\/\/ontournevert.com\/en\/our-guides-and-tools\/our-studies-and-reports\/&#8221; sticky_enabled=&#8221;0&#8243;][\/et_pb_button][\/et_pb_column][\/et_pb_row][\/et_pb_section]<\/p>\n","protected":false},"excerpt":{"rendered":"<p>Rolling Green offers a wide range of guides and tools to help you make the transition to eco-friendly practices. To better understand the ecosystem and how it works, you can access various studies.<\/p>\n","protected":false},"author":1,"featured_media":0,"parent":0,"menu_order":0,"comment_status":"closed","ping_status":"closed","template":"","meta":{"_et_pb_use_builder":"on","_et_pb_old_content":"[et_pb_section fb_built=\"1\" admin_label=\"Hero\" _builder_version=\"4.27.6\" background_color=\"#309b49\" background_image=\"https:\/\/ontournevert.com\/wp-content\/uploads\/2026\/01\/FORMATION-ON-TOURNE-VERT-2.png\" background_size=\"contain\" height=\"260px\" max_height=\"2000px\" custom_margin=\"||24px|||\" custom_padding=\"2px||0px|||\" animation_style=\"zoom\" animation_intensity_zoom=\"4%\" locked=\"off\" global_colors_info=\"{}\"][\/et_pb_section][et_pb_section fb_built=\"1\" _builder_version=\"4.27.4\" _module_preset=\"default\" global_colors_info=\"{}\"][et_pb_row _builder_version=\"4.27.4\" _module_preset=\"default\" background_color=\"#FFFFFF\" width=\"64%\" custom_padding=\"51px|||||\" border_width_all=\"2px\" locked=\"off\" global_colors_info=\"{}\"][et_pb_column type=\"4_4\" _builder_version=\"4.24.2\" _module_preset=\"default\" global_colors_info=\"{}\"][et_pb_text _builder_version=\"4.27.4\" _module_preset=\"3fb0acc0-ca95-4e08-a49b-6fb2b7f04660\" width=\"93%\" module_alignment=\"center\" global_colors_info=\"{}\"]\n<div class=\"et_pb_module et_pb_text et_pb_text_5  et_pb_text_align_left et_pb_bg_layout_light\">\n<div class=\"et_pb_text_inner\">\n<h2 style=\"text-align: justify;\"><i style=\"font-size: 16px; text-align: left; font-family: Lato, Helvetica, Arial, Lucida, sans-serif; color: #666666;\">On Tourne Vert<\/i><span style=\"font-size: 16px; text-align: left; font-family: Lato, Helvetica, Arial, Lucida, sans-serif; color: #666666;\"> propose un large panel de guide &amp; outils afin de vous accompagner dans votre transition \u00e9coresponsable.<\/span><\/h2>\n<span style=\"font-size: 16px; text-align: left; font-family: Lato, Helvetica, Arial, Lucida, sans-serif; color: #666666;\">Afin de mieux comprendre l'\u00e9cosyst\u00e8me et son fonctionnement vous pouvez retrouver des \u00e9tudes.\u00a0<\/span>\n\n<\/div>\n<\/div>\n<div class=\"et_pb_module et_pb_text et_pb_text_7  et_pb_text_align_left et_pb_bg_layout_light\">\n<div class=\"et_pb_text_inner\"><\/div>\n<\/div>\n<p style=\"text-align: center;\">[\/et_pb_text][et_pb_button button_url=\"https:\/\/ontournevert.com\/fr\/parcours-on-tourne-vert-x-sodec-2025\/\" button_text=\"Nos guides & outils\" button_alignment=\"center\" _builder_version=\"4.27.6\" _module_preset=\"default\" custom_button=\"on\" button_text_size=\"28px\" button_text_color=\"#FFFFFF\" button_bg_color=\"#119b5f\" button_bg_blend=\"lighten\" button_border_width=\"4px\" button_icon_color=\"#FFFFFF\" global_colors_info=\"{}\"][\/et_pb_button][et_pb_button button_url=\"https:\/\/ontournevert.com\/fr\/ecrire-pour-demain\/\" button_text=\"Nos \u00e9tudes et rapports\" button_alignment=\"center\" _builder_version=\"4.27.6\" _module_preset=\"default\" custom_button=\"on\" button_text_size=\"28px\" button_text_color=\"#FFFFFF\" button_bg_color=\"#119b5f\" button_bg_blend=\"lighten\" button_border_width=\"4px\" button_icon_color=\"#FFFFFF\" hover_enabled=\"0\" global_colors_info=\"{}\" sticky_enabled=\"0\"][\/et_pb_button][\/et_pb_column][\/et_pb_row][\/et_pb_section]<\/p>","_et_gb_content_width":"","footnotes":""},"class_list":["post-10337","page","type-page","status-publish","hentry"],"yoast_head":"<!-- This site is optimized with the Yoast SEO plugin v27.4 - https:\/\/yoast.com\/product\/yoast-seo-wordpress\/ -->\n<title>All ressources - On Tourne Vert \/ Rolling Green<\/title>\n<meta name=\"robots\" content=\"index, follow, max-snippet:-1, max-image-preview:large, max-video-preview:-1\" \/>\n<link rel=\"canonical\" href=\"https:\/\/ontournevert.com\/en\/all-ressources\/\" \/>\n<meta property=\"og:locale\" content=\"en_US\" \/>\n<meta property=\"og:type\" content=\"article\" \/>\n<meta property=\"og:title\" content=\"All ressources - On Tourne Vert \/ Rolling Green\" \/>\n<meta property=\"og:description\" content=\"Rolling Green offers a wide range of guides and tools to help you make the transition to eco-friendly practices. To better understand the ecosystem and how it works, you can access various studies.\" \/>\n<meta property=\"og:url\" content=\"https:\/\/ontournevert.com\/en\/all-ressources\/\" \/>\n<meta property=\"og:site_name\" content=\"On Tourne Vert \/ Rolling Green\" \/>\n<meta property=\"article:publisher\" content=\"https:\/\/www.facebook.com\/bctqqftc\/\" \/>\n<meta property=\"article:modified_time\" content=\"2026-03-30T16:44:27+00:00\" \/>\n<meta name=\"twitter:card\" content=\"summary_large_image\" \/>\n<meta name=\"twitter:site\" content=\"@bctq_qftc\" \/>\n<meta name=\"twitter:label1\" content=\"Est. reading time\" \/>\n\t<meta name=\"twitter:data1\" content=\"1 minute\" \/>\n<script type=\"application\/ld+json\" class=\"yoast-schema-graph\">{\"@context\":\"https:\\\/\\\/schema.org\",\"@graph\":[{\"@type\":\"WebPage\",\"@id\":\"https:\\\/\\\/ontournevert.com\\\/en\\\/all-ressources\\\/\",\"url\":\"https:\\\/\\\/ontournevert.com\\\/en\\\/all-ressources\\\/\",\"name\":\"All ressources - On Tourne Vert \\\/ Rolling Green\",\"isPartOf\":{\"@id\":\"https:\\\/\\\/ontournevert.com\\\/fr\\\/#website\"},\"datePublished\":\"2026-03-30T16:42:59+00:00\",\"dateModified\":\"2026-03-30T16:44:27+00:00\",\"breadcrumb\":{\"@id\":\"https:\\\/\\\/ontournevert.com\\\/en\\\/all-ressources\\\/#breadcrumb\"},\"inLanguage\":\"en-US\",\"potentialAction\":[{\"@type\":\"ReadAction\",\"target\":[\"https:\\\/\\\/ontournevert.com\\\/en\\\/all-ressources\\\/\"]}]},{\"@type\":\"BreadcrumbList\",\"@id\":\"https:\\\/\\\/ontournevert.com\\\/en\\\/all-ressources\\\/#breadcrumb\",\"itemListElement\":[{\"@type\":\"ListItem\",\"position\":1,\"name\":\"Home\",\"item\":\"https:\\\/\\\/ontournevert.com\\\/en\\\/\"},{\"@type\":\"ListItem\",\"position\":2,\"name\":\"All ressources\"}]},{\"@type\":\"WebSite\",\"@id\":\"https:\\\/\\\/ontournevert.com\\\/fr\\\/#website\",\"url\":\"https:\\\/\\\/ontournevert.com\\\/fr\\\/\",\"name\":\"On Tourne Vert \\\/ Rolling Green\",\"description\":\"Am\u00e9liorer l&#039;\u00e9coresponsabilit\u00e9 des productions audiovisuelles au Qu\u00e9bec.\",\"publisher\":{\"@id\":\"https:\\\/\\\/ontournevert.com\\\/fr\\\/#organization\"},\"potentialAction\":[{\"@type\":\"SearchAction\",\"target\":{\"@type\":\"EntryPoint\",\"urlTemplate\":\"https:\\\/\\\/ontournevert.com\\\/fr\\\/?s={search_term_string}\"},\"query-input\":{\"@type\":\"PropertyValueSpecification\",\"valueRequired\":true,\"valueName\":\"search_term_string\"}}],\"inLanguage\":\"en-US\"},{\"@type\":\"Organization\",\"@id\":\"https:\\\/\\\/ontournevert.com\\\/fr\\\/#organization\",\"name\":\"On Tourne Vert \\\/ Rolling Green\",\"url\":\"https:\\\/\\\/ontournevert.com\\\/fr\\\/\",\"logo\":{\"@type\":\"ImageObject\",\"inLanguage\":\"en-US\",\"@id\":\"https:\\\/\\\/ontournevert.com\\\/fr\\\/#\\\/schema\\\/logo\\\/image\\\/\",\"url\":\"http:\\\/\\\/ontournevert.com\\\/wp-content\\\/uploads\\\/2022\\\/01\\\/Logo.png\",\"contentUrl\":\"http:\\\/\\\/ontournevert.com\\\/wp-content\\\/uploads\\\/2022\\\/01\\\/Logo.png\",\"width\":506,\"height\":225,\"caption\":\"On Tourne Vert \\\/ Rolling Green\"},\"image\":{\"@id\":\"https:\\\/\\\/ontournevert.com\\\/fr\\\/#\\\/schema\\\/logo\\\/image\\\/\"},\"sameAs\":[\"https:\\\/\\\/www.facebook.com\\\/bctqqftc\\\/\",\"https:\\\/\\\/x.com\\\/bctq_qftc\",\"https:\\\/\\\/www.instagram.com\\\/bctq_qftc\\\/?hl=fr\",\"https:\\\/\\\/www.linkedin.com\\\/company\\\/bctq\\\/?originalSubdomain=ca\",\"https:\\\/\\\/www.youtube.com\\\/channel\\\/UCzPwrM1b2iYeQS4ERSehUKA\",\"https:\\\/\\\/www.instagram.com\\\/ontournevert\\\/\",\"https:\\\/\\\/www.linkedin.com\\\/company\\\/on-tourne-vert\\\/?viewAsMember=true\",\"https:\\\/\\\/www.facebook.com\\\/ontournevert\"]}]}<\/script>\n<!-- \/ Yoast SEO plugin. -->","yoast_head_json":{"title":"All ressources - On Tourne Vert \/ Rolling Green","robots":{"index":"index","follow":"follow","max-snippet":"max-snippet:-1","max-image-preview":"max-image-preview:large","max-video-preview":"max-video-preview:-1"},"canonical":"https:\/\/ontournevert.com\/en\/all-ressources\/","og_locale":"en_US","og_type":"article","og_title":"All ressources - On Tourne Vert \/ Rolling Green","og_description":"Rolling Green offers a wide range of guides and tools to help you make the transition to eco-friendly practices. To better understand the ecosystem and how it works, you can access various studies.","og_url":"https:\/\/ontournevert.com\/en\/all-ressources\/","og_site_name":"On Tourne Vert \/ Rolling Green","article_publisher":"https:\/\/www.facebook.com\/bctqqftc\/","article_modified_time":"2026-03-30T16:44:27+00:00","twitter_card":"summary_large_image","twitter_site":"@bctq_qftc","twitter_misc":{"Est. reading time":"1 minute"},"schema":{"@context":"https:\/\/schema.org","@graph":[{"@type":"WebPage","@id":"https:\/\/ontournevert.com\/en\/all-ressources\/","url":"https:\/\/ontournevert.com\/en\/all-ressources\/","name":"All ressources - On Tourne Vert \/ Rolling Green","isPartOf":{"@id":"https:\/\/ontournevert.com\/fr\/#website"},"datePublished":"2026-03-30T16:42:59+00:00","dateModified":"2026-03-30T16:44:27+00:00","breadcrumb":{"@id":"https:\/\/ontournevert.com\/en\/all-ressources\/#breadcrumb"},"inLanguage":"en-US","potentialAction":[{"@type":"ReadAction","target":["https:\/\/ontournevert.com\/en\/all-ressources\/"]}]},{"@type":"BreadcrumbList","@id":"https:\/\/ontournevert.com\/en\/all-ressources\/#breadcrumb","itemListElement":[{"@type":"ListItem","position":1,"name":"Home","item":"https:\/\/ontournevert.com\/en\/"},{"@type":"ListItem","position":2,"name":"All ressources"}]},{"@type":"WebSite","@id":"https:\/\/ontournevert.com\/fr\/#website","url":"https:\/\/ontournevert.com\/fr\/","name":"On Tourne Vert \/ Rolling Green","description":"Am\u00e9liorer l&#039;\u00e9coresponsabilit\u00e9 des productions audiovisuelles au Qu\u00e9bec.","publisher":{"@id":"https:\/\/ontournevert.com\/fr\/#organization"},"potentialAction":[{"@type":"SearchAction","target":{"@type":"EntryPoint","urlTemplate":"https:\/\/ontournevert.com\/fr\/?s={search_term_string}"},"query-input":{"@type":"PropertyValueSpecification","valueRequired":true,"valueName":"search_term_string"}}],"inLanguage":"en-US"},{"@type":"Organization","@id":"https:\/\/ontournevert.com\/fr\/#organization","name":"On Tourne Vert \/ Rolling Green","url":"https:\/\/ontournevert.com\/fr\/","logo":{"@type":"ImageObject","inLanguage":"en-US","@id":"https:\/\/ontournevert.com\/fr\/#\/schema\/logo\/image\/","url":"http:\/\/ontournevert.com\/wp-content\/uploads\/2022\/01\/Logo.png","contentUrl":"http:\/\/ontournevert.com\/wp-content\/uploads\/2022\/01\/Logo.png","width":506,"height":225,"caption":"On Tourne Vert \/ Rolling Green"},"image":{"@id":"https:\/\/ontournevert.com\/fr\/#\/schema\/logo\/image\/"},"sameAs":["https:\/\/www.facebook.com\/bctqqftc\/","https:\/\/x.com\/bctq_qftc","https:\/\/www.instagram.com\/bctq_qftc\/?hl=fr","https:\/\/www.linkedin.com\/company\/bctq\/?originalSubdomain=ca","https:\/\/www.youtube.com\/channel\/UCzPwrM1b2iYeQS4ERSehUKA","https:\/\/www.instagram.com\/ontournevert\/","https:\/\/www.linkedin.com\/company\/on-tourne-vert\/?viewAsMember=true","https:\/\/www.facebook.com\/ontournevert"]}]}},"_links":{"self":[{"href":"https:\/\/ontournevert.com\/en\/wp-json\/wp\/v2\/pages\/10337","targetHints":{"allow":["GET"]}}],"collection":[{"href":"https:\/\/ontournevert.com\/en\/wp-json\/wp\/v2\/pages"}],"about":[{"href":"https:\/\/ontournevert.com\/en\/wp-json\/wp\/v2\/types\/page"}],"author":[{"embeddable":true,"href":"https:\/\/ontournevert.com\/en\/wp-json\/wp\/v2\/users\/1"}],"replies":[{"embeddable":true,"href":"https:\/\/ontournevert.com\/en\/wp-json\/wp\/v2\/comments?post=10337"}],"version-history":[{"count":10,"href":"https:\/\/ontournevert.com\/en\/wp-json\/wp\/v2\/pages\/10337\/revisions"}],"predecessor-version":[{"id":10396,"href":"https:\/\/ontournevert.com\/en\/wp-json\/wp\/v2\/pages\/10337\/revisions\/10396"}],"wp:attachment":[{"href":"https:\/\/ontournevert.com\/en\/wp-json\/wp\/v2\/media?parent=10337"}],"curies":[{"name":"wp","href":"https:\/\/api.w.org\/{rel}","templated":true}]}}