{"id":4753,"date":"2021-04-09T15:36:48","date_gmt":"2021-04-09T20:36:48","guid":{"rendered":"http:\/\/ontournevert.com\/nouvelles\/"},"modified":"2026-01-23T12:14:39","modified_gmt":"2026-01-23T17:14:39","slug":"news","status":"publish","type":"page","link":"https:\/\/ontournevert.com\/en\/news\/","title":{"rendered":"News"},"content":{"rendered":"<p>[et_pb_section fb_built=&#8221;1&#8243; admin_label=&#8221;Hero&#8221; _builder_version=&#8221;4.27.4&#8243; background_color=&#8221;#2ca88f&#8221; background_image=&#8221;https:\/\/ontournevert.com\/wp-content\/uploads\/2025\/11\/FORMATION-ON-TOURNE-VERT-7-scaled.jpg&#8221; height=&#8221;260px&#8221; max_height=&#8221;2000px&#8221; custom_margin=&#8221;||24px|||&#8221; custom_padding=&#8221;2px||0px|||&#8221; animation_style=&#8221;zoom&#8221; animation_intensity_zoom=&#8221;4%&#8221; locked=&#8221;off&#8221; global_colors_info=&#8221;{}&#8221;][\/et_pb_section][et_pb_section fb_built=&#8221;1&#8243; _builder_version=&#8221;4.21.0&#8243; _module_preset=&#8221;default&#8221; global_colors_info=&#8221;{}&#8221; disabled_on=&#8221;on|on|on&#8221; disabled=&#8221;on&#8221;][et_pb_row column_structure=&#8221;1_3,1_3,1_3&#8243; _builder_version=&#8221;4.21.0&#8243; _module_preset=&#8221;default&#8221; max_height=&#8221;1000px&#8221; hover_enabled=&#8221;0&#8243; global_colors_info=&#8221;{}&#8221; sticky_enabled=&#8221;0&#8243;][et_pb_column type=&#8221;1_3&#8243; _builder_version=&#8221;4.21.0&#8243; _module_preset=&#8221;default&#8221; background_image=&#8221;https:\/\/ontournevert.com\/wp-content\/uploads\/2023\/06\/FevrMOTEXPT23-12.png&#8221; parallax=&#8221;on&#8221; global_colors_info=&#8221;{}&#8221;][\/et_pb_column][et_pb_column type=&#8221;1_3&#8243; _builder_version=&#8221;4.21.0&#8243; _module_preset=&#8221;default&#8221; background_image=&#8221;https:\/\/ontournevert.com\/wp-content\/uploads\/2023\/06\/FevrMOTEXPT23-11.png&#8221; parallax=&#8221;on&#8221; global_colors_info=&#8221;{}&#8221;][et_pb_divider show_divider=&#8221;off&#8221; _builder_version=&#8221;4.21.0&#8243; _module_preset=&#8221;default&#8221; custom_padding=&#8221;||115px|||&#8221; global_colors_info=&#8221;{}&#8221;][\/et_pb_divider][\/et_pb_column][et_pb_column type=&#8221;1_3&#8243; _builder_version=&#8221;4.21.0&#8243; _module_preset=&#8221;default&#8221; background_image=&#8221;https:\/\/ontournevert.com\/wp-content\/uploads\/2023\/06\/1681937922087.jpg&#8221; parallax=&#8221;on&#8221; global_colors_info=&#8221;{}&#8221;][et_pb_divider show_divider=&#8221;off&#8221; _builder_version=&#8221;4.21.0&#8243; _module_preset=&#8221;default&#8221; custom_padding=&#8221;||115px|||&#8221; global_colors_info=&#8221;{}&#8221;][\/et_pb_divider][et_pb_button button_url=&#8221;https:\/\/ontournevert.com\/en\/evenements\/&#8221; button_text=&#8221;Events&#8221; button_alignment=&#8221;center&#8221; _builder_version=&#8221;4.21.0&#8243; _module_preset=&#8221;default&#8221; custom_button=&#8221;on&#8221; button_text_size=&#8221;30px&#8221; button_text_color=&#8221;#000000&#8243; button_bg_color=&#8221;#FFFFFF&#8221; button_border_radius=&#8221;0px&#8221; custom_margin=&#8221;||201px|||&#8221; global_colors_info=&#8221;{}&#8221;][\/et_pb_button][\/et_pb_column][\/et_pb_row][\/et_pb_section][et_pb_section fb_built=&#8221;1&#8243; admin_label=&#8221;Subscription Section&#8221; module_id=&#8221;infolettre&#8221; _builder_version=&#8221;4.20.2&#8243; background_color=&#8221;#dbebcb&#8221; min_height=&#8221;353px&#8221; custom_margin=&#8221;1px|||||&#8221; custom_padding=&#8221;2px||24px|||&#8221; saved_tabs=&#8221;all&#8221; global_colors_info=&#8221;{}&#8221;][et_pb_row _builder_version=&#8221;4.21.0&#8243; _module_preset=&#8221;default&#8221; global_colors_info=&#8221;{}&#8221; min_height=&#8221;2510.9px&#8221;][et_pb_column type=&#8221;4_4&#8243; _builder_version=&#8221;4.21.0&#8243; _module_preset=&#8221;default&#8221; global_colors_info=&#8221;{}&#8221;][et_pb_divider divider_weight=&#8221;10px&#8221; _builder_version=&#8221;4.21.0&#8243; _module_preset=&#8221;default&#8221; width=&#8221;45%&#8221; max_width=&#8221;100%&#8221; module_alignment=&#8221;center&#8221; global_colors_info=&#8221;{}&#8221;][\/et_pb_divider][et_pb_text _builder_version=&#8221;4.21.0&#8243; text_font=&#8221;||||||||&#8221; text_text_color=&#8221;#FFFFFF&#8221; header_font=&#8221;Montserrat|700||on|||||dotted&#8221; header_text_color=&#8221;#353740&#8243; header_font_size=&#8221;60px&#8221; header_line_height=&#8221;1.3em&#8221; background_size=&#8221;initial&#8221; background_position=&#8221;top_left&#8221; background_repeat=&#8221;repeat&#8221; custom_margin=&#8221;0px||18px||false|false&#8221; animation_style=&#8221;fade&#8221; header_font_size_tablet=&#8221;&#8221; header_font_size_phone=&#8221;46px&#8221; header_font_size_last_edited=&#8221;on|phone&#8221; locked=&#8221;off&#8221; global_colors_info=&#8221;{}&#8221;]<\/p>\n<h1 style=\"text-align: center;\"><span style=\"color: #000000;\">ARTICLES<\/span><\/h1>\n<p>[\/et_pb_text][et_pb_blog fullwidth=&#8221;off&#8221; _builder_version=&#8221;4.21.0&#8243; _module_preset=&#8221;default&#8221; global_colors_info=&#8221;{}&#8221;][\/et_pb_blog][et_pb_button button_url=&#8221;https:\/\/ontournevert.com\/en\/category\/press-release\/&#8221; button_text=&#8221;Press Releases&#8221; button_alignment=&#8221;center&#8221; _builder_version=&#8221;4.21.0&#8243; _module_preset=&#8221;default&#8221; custom_button=&#8221;on&#8221; button_text_size=&#8221;30px&#8221; button_text_color=&#8221;#000000&#8243; button_bg_color=&#8221;#FFFFFF&#8221; custom_margin=&#8221;||203px|||&#8221; global_colors_info=&#8221;{}&#8221;][\/et_pb_button][\/et_pb_column][\/et_pb_row][\/et_pb_section][et_pb_section fb_built=&#8221;1&#8243; _builder_version=&#8221;4.21.0&#8243; _module_preset=&#8221;default&#8221; global_colors_info=&#8221;{}&#8221;][et_pb_row _builder_version=&#8221;4.21.0&#8243; _module_preset=&#8221;default&#8221; global_colors_info=&#8221;{}&#8221;][et_pb_column type=&#8221;4_4&#8243; _builder_version=&#8221;4.21.0&#8243; _module_preset=&#8221;default&#8221; global_colors_info=&#8221;{}&#8221;][et_pb_signup mailchimp_list=&#8221;MailChimp|03dac884f0&#8243; name_field=&#8221;on&#8221; title=&#8221;Subscribe to our Newsletter&#8221; button_text=&#8221;Suscribe&#8221; description=&#8221;<\/p>\n<p>Stay informed of the latest news about the Rolling Green project (events, workshops, training) by registering via the following form!<\/p>\n<p>&#8221; _builder_version=&#8221;4.21.0&#8243; form_field_background_color=&#8221;#ffffff&#8221; form_field_text_color=&#8221;#747d88&#8243; header_font=&#8221;Montserrat|on|||&#8221; header_text_color=&#8221;#353740&#8243; header_font_size=&#8221;42px&#8221; body_font=&#8221;Montserrat||||&#8221; body_text_color=&#8221;#747d88&#8243; body_font_size=&#8221;16px&#8221; body_line_height=&#8221;1.8em&#8221; use_background_color=&#8221;off&#8221; custom_button=&#8221;on&#8221; button_text_color=&#8221;#747d88&#8243; button_border_width=&#8221;4px&#8221; button_border_color=&#8221;#747d88&#8243; button_border_radius=&#8221;100px&#8221; button_letter_spacing=&#8221;2px&#8221; button_font=&#8221;Montserrat|on||on|&#8221; button_icon=&#8221;&#x45;||divi||400&#8243; background_layout=&#8221;light&#8221; animation_style=&#8221;fade&#8221; button_text_color_hover=&#8221;#747d88&#8243; button_letter_spacing_hover=&#8221;2px&#8221; button_bg_color_hover=&#8221;rgba(0,0,0,0)&#8221; global_colors_info=&#8221;{}&#8221; button_text_size__hover_enabled=&#8221;off&#8221; button_one_text_size__hover_enabled=&#8221;off&#8221; button_two_text_size__hover_enabled=&#8221;off&#8221; button_text_color__hover_enabled=&#8221;on&#8221; button_text_color__hover=&#8221;#747d88&#8243; button_one_text_color__hover_enabled=&#8221;off&#8221; button_two_text_color__hover_enabled=&#8221;off&#8221; button_border_width__hover_enabled=&#8221;off&#8221; button_one_border_width__hover_enabled=&#8221;off&#8221; button_two_border_width__hover_enabled=&#8221;off&#8221; button_border_color__hover_enabled=&#8221;off&#8221; button_one_border_color__hover_enabled=&#8221;off&#8221; button_two_border_color__hover_enabled=&#8221;off&#8221; button_border_radius__hover_enabled=&#8221;off&#8221; button_one_border_radius__hover_enabled=&#8221;off&#8221; button_two_border_radius__hover_enabled=&#8221;off&#8221; button_letter_spacing__hover_enabled=&#8221;on&#8221; button_letter_spacing__hover=&#8221;2px&#8221; button_one_letter_spacing__hover_enabled=&#8221;off&#8221; button_two_letter_spacing__hover_enabled=&#8221;off&#8221; button_bg_color__hover_enabled=&#8221;on&#8221; button_bg_color__hover=&#8221;rgba(0,0,0,0)&#8221; button_one_bg_color__hover_enabled=&#8221;off&#8221; button_two_bg_color__hover_enabled=&#8221;off&#8221;]<span>Curabitur aliquam justo ex, ac varius sem facilisis a. In vel felis eros. Fusce ipsum enim, ultrices at ante sollicitudin, faucibus hendrerit nunc. Nullam tempor nulla eu imperdiet interdum. Mauris euismod mattis consectetur.&nbsp;<\/span>[\/et_pb_signup][\/et_pb_column][\/et_pb_row][\/et_pb_section][et_pb_section fb_built=&#8221;1&#8243; admin_label=&#8221;Contact Form Section&#8221; module_id=&#8221;#infolettre&#8221; _builder_version=&#8221;4.21.0&#8243; background_color=&#8221;#6ab579&#8243; min_height=&#8221;589px&#8221; height=&#8221;1000px&#8221; max_height=&#8221;599px&#8221; custom_margin=&#8221;-12px||||false|false&#8221; custom_padding=&#8221;0px||0px|||&#8221; animation_style=&#8221;zoom&#8221; animation_direction=&#8221;bottom&#8221; animation_intensity_zoom=&#8221;10%&#8221; saved_tabs=&#8221;all&#8221; global_colors_info=&#8221;{}&#8221;][et_pb_row admin_label=&#8221;Service Section Title&#8221; _builder_version=&#8221;4.16&#8243; custom_margin=&#8221;12px|auto|40px|auto||&#8221; custom_padding=&#8221;||27px|||&#8221; animation_style=&#8221;fade&#8221; animation_direction=&#8221;top&#8221; locked=&#8221;off&#8221; global_colors_info=&#8221;{}&#8221;][et_pb_column type=&#8221;4_4&#8243; _builder_version=&#8221;4.16&#8243; custom_padding=&#8221;|||&#8221; global_colors_info=&#8221;{}&#8221; custom_padding__hover=&#8221;|||&#8221;][et_pb_text admin_label=&#8221;Title&#8221; module_id=&#8221;infolettre&#8221; _builder_version=&#8221;4.21.0&#8243; text_font=&#8221;Montserrat||||||||&#8221; text_text_color=&#8221;#ffffff&#8221; text_font_size=&#8221;16px&#8221; text_line_height=&#8221;1.9em&#8221; header_font=&#8221;||||||||&#8221; header_text_color=&#8221;#FFFFFF&#8221; header_2_font=&#8221;Montserrat|700||on|||||&#8221; header_2_font_size=&#8221;42px&#8221; header_2_line_height=&#8221;1.3em&#8221; background_size=&#8221;initial&#8221; background_position=&#8221;top_left&#8221; background_repeat=&#8221;repeat&#8221; text_orientation=&#8221;center&#8221; max_width=&#8221;700px&#8221; module_alignment=&#8221;center&#8221; animation_style=&#8221;slide&#8221; animation_direction=&#8221;bottom&#8221; animation_intensity_slide=&#8221;4%&#8221; global_colors_info=&#8221;{}&#8221;]<\/p>\n<h2 style=\"text-align: center;\"><span style=\"color: #ffffff;\">CONTACT US !<\/span><\/h2>\n<p>[\/et_pb_text][\/et_pb_column][\/et_pb_row][et_pb_row admin_label=&#8221;Contact Form&#8221; _builder_version=&#8221;4.16&#8243; animation_style=&#8221;fade&#8221; global_colors_info=&#8221;{}&#8221;][et_pb_column type=&#8221;4_4&#8243; _builder_version=&#8221;4.16&#8243; custom_padding=&#8221;|||&#8221; global_colors_info=&#8221;{}&#8221; custom_padding__hover=&#8221;|||&#8221;][et_pb_contact_form captcha=&#8221;off&#8221; email=&#8221;info@ontournevert.ca&#8221; success_message=&#8221;Votre message a \u00e9t\u00e9 envoy\u00e9, nous vous r\u00e9pondrons d\u00e8s que possible!&#8221; submit_button_text=&#8221;Send&#8221; module_id=&#8221;et_pb_contact_form_0&#8243; _builder_version=&#8221;4.16&#8243; form_field_background_color=&#8221;rgba(255,255,255,0)&#8221; form_field_text_color=&#8221;#FFFFFF&#8221; title_level=&#8221;h4&#8243; form_field_font=&#8221;Montserrat||||&#8221; form_field_font_size=&#8221;16px&#8221; custom_button=&#8221;on&#8221; button_text_color=&#8221;#ffffff&#8221; button_border_width=&#8221;5px&#8221; button_border_color=&#8221;#ffffff&#8221; button_border_radius=&#8221;100px&#8221; button_letter_spacing=&#8221;2px&#8221; button_font=&#8221;Montserrat|on||on|&#8221; button_icon=&#8221;&#x45;||divi||400&#8243; button_icon_color=&#8221;#ffffff&#8221; max_width=&#8221;800px&#8221; module_alignment=&#8221;center&#8221; animation_style=&#8221;fade&#8221; box_shadow_style=&#8221;preset7&#8243; box_shadow_horizontal=&#8221;0px&#8221; box_shadow_vertical=&#8221;-1px&#8221; box_shadow_color=&#8221;rgba(0,0,0,0.18)&#8221; form_background_color=&#8221;rgba(255,255,255,0)&#8221; global_colors_info=&#8221;{}&#8221;][et_pb_contact_field field_id=&#8221;Company&#8221; field_title=&#8221;Name of the company &#8221; fullwidth_field=&#8221;on&#8221; _builder_version=&#8221;4.16&#8243; form_field_text_color=&#8221;#FFFFFF&#8221; global_colors_info=&#8221;{}&#8221; button_text_size__hover_enabled=&#8221;off&#8221; button_one_text_size__hover_enabled=&#8221;off&#8221; button_two_text_size__hover_enabled=&#8221;off&#8221; button_text_color__hover_enabled=&#8221;off&#8221; button_one_text_color__hover_enabled=&#8221;off&#8221; button_two_text_color__hover_enabled=&#8221;off&#8221; button_border_width__hover_enabled=&#8221;off&#8221; button_one_border_width__hover_enabled=&#8221;off&#8221; button_two_border_width__hover_enabled=&#8221;off&#8221; button_border_color__hover_enabled=&#8221;off&#8221; button_one_border_color__hover_enabled=&#8221;off&#8221; button_two_border_color__hover_enabled=&#8221;off&#8221; button_border_radius__hover_enabled=&#8221;off&#8221; button_one_border_radius__hover_enabled=&#8221;off&#8221; button_two_border_radius__hover_enabled=&#8221;off&#8221; button_letter_spacing__hover_enabled=&#8221;off&#8221; button_one_letter_spacing__hover_enabled=&#8221;off&#8221; button_two_letter_spacing__hover_enabled=&#8221;off&#8221; button_bg_color__hover_enabled=&#8221;off&#8221; button_one_bg_color__hover_enabled=&#8221;off&#8221; button_two_bg_color__hover_enabled=&#8221;off&#8221;][\/et_pb_contact_field][et_pb_contact_field field_id=&#8221;Name&#8221; field_title=&#8221;Name&#8221; fullwidth_field=&#8221;on&#8221; _builder_version=&#8221;4.16&#8243; global_colors_info=&#8221;{}&#8221; button_text_size__hover_enabled=&#8221;off&#8221; button_one_text_size__hover_enabled=&#8221;off&#8221; button_two_text_size__hover_enabled=&#8221;off&#8221; button_text_color__hover_enabled=&#8221;off&#8221; button_one_text_color__hover_enabled=&#8221;off&#8221; button_two_text_color__hover_enabled=&#8221;off&#8221; button_border_width__hover_enabled=&#8221;off&#8221; button_one_border_width__hover_enabled=&#8221;off&#8221; button_two_border_width__hover_enabled=&#8221;off&#8221; button_border_color__hover_enabled=&#8221;off&#8221; button_one_border_color__hover_enabled=&#8221;off&#8221; button_two_border_color__hover_enabled=&#8221;off&#8221; button_border_radius__hover_enabled=&#8221;off&#8221; button_one_border_radius__hover_enabled=&#8221;off&#8221; button_two_border_radius__hover_enabled=&#8221;off&#8221; button_letter_spacing__hover_enabled=&#8221;off&#8221; button_one_letter_spacing__hover_enabled=&#8221;off&#8221; button_two_letter_spacing__hover_enabled=&#8221;off&#8221; button_bg_color__hover_enabled=&#8221;off&#8221; button_one_bg_color__hover_enabled=&#8221;off&#8221; button_two_bg_color__hover_enabled=&#8221;off&#8221;][\/et_pb_contact_field][et_pb_contact_field field_id=&#8221;E-mail&#8221; field_title=&#8221;E-mail&#8221; field_type=&#8221;email&#8221; fullwidth_field=&#8221;on&#8221; _builder_version=&#8221;4.16&#8243; global_colors_info=&#8221;{}&#8221; button_text_size__hover_enabled=&#8221;off&#8221; button_one_text_size__hover_enabled=&#8221;off&#8221; button_two_text_size__hover_enabled=&#8221;off&#8221; button_text_color__hover_enabled=&#8221;off&#8221; button_one_text_color__hover_enabled=&#8221;off&#8221; button_two_text_color__hover_enabled=&#8221;off&#8221; button_border_width__hover_enabled=&#8221;off&#8221; button_one_border_width__hover_enabled=&#8221;off&#8221; button_two_border_width__hover_enabled=&#8221;off&#8221; button_border_color__hover_enabled=&#8221;off&#8221; button_one_border_color__hover_enabled=&#8221;off&#8221; button_two_border_color__hover_enabled=&#8221;off&#8221; button_border_radius__hover_enabled=&#8221;off&#8221; button_one_border_radius__hover_enabled=&#8221;off&#8221; button_two_border_radius__hover_enabled=&#8221;off&#8221; button_letter_spacing__hover_enabled=&#8221;off&#8221; button_one_letter_spacing__hover_enabled=&#8221;off&#8221; button_two_letter_spacing__hover_enabled=&#8221;off&#8221; button_bg_color__hover_enabled=&#8221;off&#8221; button_one_bg_color__hover_enabled=&#8221;off&#8221; button_two_bg_color__hover_enabled=&#8221;off&#8221;][\/et_pb_contact_field][\/et_pb_contact_form][\/et_pb_column][\/et_pb_row][\/et_pb_section]<\/p>\n","protected":false},"excerpt":{"rendered":"<p>ARTICLESCurabitur aliquam justo ex, ac varius sem facilisis a. In vel felis eros. Fusce ipsum enim, ultrices at ante sollicitudin, faucibus hendrerit nunc. Nullam tempor nulla eu imperdiet interdum. Mauris euismod mattis consectetur.&nbsp;CONTACT US !<\/p>\n","protected":false},"author":1,"featured_media":0,"parent":0,"menu_order":0,"comment_status":"closed","ping_status":"closed","template":"","meta":{"_et_pb_use_builder":"on","_et_pb_old_content":"","_et_gb_content_width":"","footnotes":""},"class_list":["post-4753","page","type-page","status-publish","hentry"],"yoast_head":"<!-- This site is optimized with the Yoast SEO plugin v27.4 - https:\/\/yoast.com\/product\/yoast-seo-wordpress\/ -->\n<title>News - On Tourne Vert \/ Rolling Green<\/title>\n<meta name=\"description\" content=\"Ne manquez plus les derni\u00e8res nouvelles sur les plans d&#039;actions \u00e9coresponsables de On tourne vert! Abbonez-vous \u00e0 l&#039;infolettre!\" \/>\n<meta name=\"robots\" content=\"noindex, nofollow\" \/>\n<meta property=\"og:locale\" content=\"en_US\" \/>\n<meta property=\"og:type\" content=\"article\" \/>\n<meta property=\"og:title\" content=\"News - On Tourne Vert \/ Rolling Green\" \/>\n<meta property=\"og:description\" content=\"Ne manquez plus les derni\u00e8res nouvelles sur les plans d&#039;actions \u00e9coresponsables de On tourne vert! Abbonez-vous \u00e0 l&#039;infolettre!\" \/>\n<meta property=\"og:url\" content=\"https:\/\/ontournevert.com\/en\/news\/\" \/>\n<meta property=\"og:site_name\" content=\"On Tourne Vert \/ Rolling Green\" \/>\n<meta property=\"article:publisher\" content=\"https:\/\/www.facebook.com\/bctqqftc\/\" \/>\n<meta property=\"article:modified_time\" content=\"2026-01-23T17:14:39+00:00\" \/>\n<meta name=\"twitter:card\" content=\"summary_large_image\" \/>\n<meta name=\"twitter:site\" content=\"@bctq_qftc\" \/>\n<meta name=\"twitter:label1\" content=\"Est. reading time\" \/>\n\t<meta name=\"twitter:data1\" content=\"3 minutes\" \/>\n<script type=\"application\/ld+json\" class=\"yoast-schema-graph\">{\"@context\":\"https:\\\/\\\/schema.org\",\"@graph\":[{\"@type\":\"WebPage\",\"@id\":\"https:\\\/\\\/ontournevert.com\\\/en\\\/news\\\/\",\"url\":\"https:\\\/\\\/ontournevert.com\\\/en\\\/news\\\/\",\"name\":\"News - On Tourne Vert \\\/ Rolling Green\",\"isPartOf\":{\"@id\":\"https:\\\/\\\/ontournevert.com\\\/fr\\\/#website\"},\"datePublished\":\"2021-04-09T20:36:48+00:00\",\"dateModified\":\"2026-01-23T17:14:39+00:00\",\"description\":\"Ne manquez plus les derni\u00e8res nouvelles sur les plans d'actions \u00e9coresponsables de On tourne vert! Abbonez-vous \u00e0 l'infolettre!\",\"breadcrumb\":{\"@id\":\"https:\\\/\\\/ontournevert.com\\\/en\\\/news\\\/#breadcrumb\"},\"inLanguage\":\"en-US\",\"potentialAction\":[{\"@type\":\"ReadAction\",\"target\":[\"https:\\\/\\\/ontournevert.com\\\/en\\\/news\\\/\"]}]},{\"@type\":\"BreadcrumbList\",\"@id\":\"https:\\\/\\\/ontournevert.com\\\/en\\\/news\\\/#breadcrumb\",\"itemListElement\":[{\"@type\":\"ListItem\",\"position\":1,\"name\":\"Home\",\"item\":\"https:\\\/\\\/ontournevert.com\\\/en\\\/\"},{\"@type\":\"ListItem\",\"position\":2,\"name\":\"News\"}]},{\"@type\":\"WebSite\",\"@id\":\"https:\\\/\\\/ontournevert.com\\\/fr\\\/#website\",\"url\":\"https:\\\/\\\/ontournevert.com\\\/fr\\\/\",\"name\":\"On Tourne Vert \\\/ Rolling Green\",\"description\":\"Am\u00e9liorer l&#039;\u00e9coresponsabilit\u00e9 des productions audiovisuelles au Qu\u00e9bec.\",\"publisher\":{\"@id\":\"https:\\\/\\\/ontournevert.com\\\/fr\\\/#organization\"},\"potentialAction\":[{\"@type\":\"SearchAction\",\"target\":{\"@type\":\"EntryPoint\",\"urlTemplate\":\"https:\\\/\\\/ontournevert.com\\\/fr\\\/?s={search_term_string}\"},\"query-input\":{\"@type\":\"PropertyValueSpecification\",\"valueRequired\":true,\"valueName\":\"search_term_string\"}}],\"inLanguage\":\"en-US\"},{\"@type\":\"Organization\",\"@id\":\"https:\\\/\\\/ontournevert.com\\\/fr\\\/#organization\",\"name\":\"On Tourne Vert \\\/ Rolling Green\",\"url\":\"https:\\\/\\\/ontournevert.com\\\/fr\\\/\",\"logo\":{\"@type\":\"ImageObject\",\"inLanguage\":\"en-US\",\"@id\":\"https:\\\/\\\/ontournevert.com\\\/fr\\\/#\\\/schema\\\/logo\\\/image\\\/\",\"url\":\"http:\\\/\\\/ontournevert.com\\\/wp-content\\\/uploads\\\/2022\\\/01\\\/Logo.png\",\"contentUrl\":\"http:\\\/\\\/ontournevert.com\\\/wp-content\\\/uploads\\\/2022\\\/01\\\/Logo.png\",\"width\":506,\"height\":225,\"caption\":\"On Tourne Vert \\\/ Rolling Green\"},\"image\":{\"@id\":\"https:\\\/\\\/ontournevert.com\\\/fr\\\/#\\\/schema\\\/logo\\\/image\\\/\"},\"sameAs\":[\"https:\\\/\\\/www.facebook.com\\\/bctqqftc\\\/\",\"https:\\\/\\\/x.com\\\/bctq_qftc\",\"https:\\\/\\\/www.instagram.com\\\/bctq_qftc\\\/?hl=fr\",\"https:\\\/\\\/www.linkedin.com\\\/company\\\/bctq\\\/?originalSubdomain=ca\",\"https:\\\/\\\/www.youtube.com\\\/channel\\\/UCzPwrM1b2iYeQS4ERSehUKA\",\"https:\\\/\\\/www.instagram.com\\\/ontournevert\\\/\",\"https:\\\/\\\/www.linkedin.com\\\/company\\\/on-tourne-vert\\\/?viewAsMember=true\",\"https:\\\/\\\/www.facebook.com\\\/ontournevert\"]}]}<\/script>\n<!-- \/ Yoast SEO plugin. -->","yoast_head_json":{"title":"News - On Tourne Vert \/ Rolling Green","description":"Ne manquez plus les derni\u00e8res nouvelles sur les plans d'actions \u00e9coresponsables de On tourne vert! Abbonez-vous \u00e0 l'infolettre!","robots":{"index":"noindex","follow":"nofollow"},"og_locale":"en_US","og_type":"article","og_title":"News - On Tourne Vert \/ Rolling Green","og_description":"Ne manquez plus les derni\u00e8res nouvelles sur les plans d'actions \u00e9coresponsables de On tourne vert! Abbonez-vous \u00e0 l'infolettre!","og_url":"https:\/\/ontournevert.com\/en\/news\/","og_site_name":"On Tourne Vert \/ Rolling Green","article_publisher":"https:\/\/www.facebook.com\/bctqqftc\/","article_modified_time":"2026-01-23T17:14:39+00:00","twitter_card":"summary_large_image","twitter_site":"@bctq_qftc","twitter_misc":{"Est. reading time":"3 minutes"},"schema":{"@context":"https:\/\/schema.org","@graph":[{"@type":"WebPage","@id":"https:\/\/ontournevert.com\/en\/news\/","url":"https:\/\/ontournevert.com\/en\/news\/","name":"News - On Tourne Vert \/ Rolling Green","isPartOf":{"@id":"https:\/\/ontournevert.com\/fr\/#website"},"datePublished":"2021-04-09T20:36:48+00:00","dateModified":"2026-01-23T17:14:39+00:00","description":"Ne manquez plus les derni\u00e8res nouvelles sur les plans d'actions \u00e9coresponsables de On tourne vert! Abbonez-vous \u00e0 l'infolettre!","breadcrumb":{"@id":"https:\/\/ontournevert.com\/en\/news\/#breadcrumb"},"inLanguage":"en-US","potentialAction":[{"@type":"ReadAction","target":["https:\/\/ontournevert.com\/en\/news\/"]}]},{"@type":"BreadcrumbList","@id":"https:\/\/ontournevert.com\/en\/news\/#breadcrumb","itemListElement":[{"@type":"ListItem","position":1,"name":"Home","item":"https:\/\/ontournevert.com\/en\/"},{"@type":"ListItem","position":2,"name":"News"}]},{"@type":"WebSite","@id":"https:\/\/ontournevert.com\/fr\/#website","url":"https:\/\/ontournevert.com\/fr\/","name":"On Tourne Vert \/ Rolling Green","description":"Am\u00e9liorer l&#039;\u00e9coresponsabilit\u00e9 des productions audiovisuelles au Qu\u00e9bec.","publisher":{"@id":"https:\/\/ontournevert.com\/fr\/#organization"},"potentialAction":[{"@type":"SearchAction","target":{"@type":"EntryPoint","urlTemplate":"https:\/\/ontournevert.com\/fr\/?s={search_term_string}"},"query-input":{"@type":"PropertyValueSpecification","valueRequired":true,"valueName":"search_term_string"}}],"inLanguage":"en-US"},{"@type":"Organization","@id":"https:\/\/ontournevert.com\/fr\/#organization","name":"On Tourne Vert \/ Rolling Green","url":"https:\/\/ontournevert.com\/fr\/","logo":{"@type":"ImageObject","inLanguage":"en-US","@id":"https:\/\/ontournevert.com\/fr\/#\/schema\/logo\/image\/","url":"http:\/\/ontournevert.com\/wp-content\/uploads\/2022\/01\/Logo.png","contentUrl":"http:\/\/ontournevert.com\/wp-content\/uploads\/2022\/01\/Logo.png","width":506,"height":225,"caption":"On Tourne Vert \/ Rolling Green"},"image":{"@id":"https:\/\/ontournevert.com\/fr\/#\/schema\/logo\/image\/"},"sameAs":["https:\/\/www.facebook.com\/bctqqftc\/","https:\/\/x.com\/bctq_qftc","https:\/\/www.instagram.com\/bctq_qftc\/?hl=fr","https:\/\/www.linkedin.com\/company\/bctq\/?originalSubdomain=ca","https:\/\/www.youtube.com\/channel\/UCzPwrM1b2iYeQS4ERSehUKA","https:\/\/www.instagram.com\/ontournevert\/","https:\/\/www.linkedin.com\/company\/on-tourne-vert\/?viewAsMember=true","https:\/\/www.facebook.com\/ontournevert"]}]}},"_links":{"self":[{"href":"https:\/\/ontournevert.com\/en\/wp-json\/wp\/v2\/pages\/4753","targetHints":{"allow":["GET"]}}],"collection":[{"href":"https:\/\/ontournevert.com\/en\/wp-json\/wp\/v2\/pages"}],"about":[{"href":"https:\/\/ontournevert.com\/en\/wp-json\/wp\/v2\/types\/page"}],"author":[{"embeddable":true,"href":"https:\/\/ontournevert.com\/en\/wp-json\/wp\/v2\/users\/1"}],"replies":[{"embeddable":true,"href":"https:\/\/ontournevert.com\/en\/wp-json\/wp\/v2\/comments?post=4753"}],"version-history":[{"count":18,"href":"https:\/\/ontournevert.com\/en\/wp-json\/wp\/v2\/pages\/4753\/revisions"}],"predecessor-version":[{"id":9657,"href":"https:\/\/ontournevert.com\/en\/wp-json\/wp\/v2\/pages\/4753\/revisions\/9657"}],"wp:attachment":[{"href":"https:\/\/ontournevert.com\/en\/wp-json\/wp\/v2\/media?parent=4753"}],"curies":[{"name":"wp","href":"https:\/\/api.w.org\/{rel}","templated":true}]}}