{"id":4865,"date":"2023-07-18T06:46:31","date_gmt":"2023-07-18T11:46:31","guid":{"rendered":"http:\/\/ontournevert.com\/?page_id=4865"},"modified":"2026-02-18T12:43:02","modified_gmt":"2026-02-18T17:43:02","slug":"evenements","status":"publish","type":"page","link":"https:\/\/ontournevert.com\/en\/evenements\/","title":{"rendered":"Events"},"content":{"rendered":"<p>[et_pb_section fb_built=&#8221;1&#8243; _builder_version=&#8221;4.21.0&#8243; _module_preset=&#8221;default&#8221; background_color=&#8221;#6ab579&#8243; global_colors_info=&#8221;{}&#8221;][et_pb_row _builder_version=&#8221;4.21.0&#8243; _module_preset=&#8221;default&#8221; global_colors_info=&#8221;{}&#8221;][et_pb_column type=&#8221;4_4&#8243; _builder_version=&#8221;4.21.0&#8243; _module_preset=&#8221;default&#8221; global_colors_info=&#8221;{}&#8221;][et_pb_text _builder_version=&#8221;4.24.3&#8243; _module_preset=&#8221;default&#8221; text_text_color=&#8221;#000000&#8243; text_font_size=&#8221;59px&#8221; global_colors_info=&#8221;{}&#8221;]<\/p>\n<p><span style=\"color: #ffffff;\"><strong>EVENTS<\/strong><\/span><\/p>\n<p>[\/et_pb_text][\/et_pb_column][\/et_pb_row][\/et_pb_section][et_pb_section fb_built=&#8221;1&#8243; _builder_version=&#8221;4.21.0&#8243; _module_preset=&#8221;default&#8221; background_image=&#8221;https:\/\/ontournevert.com\/wp-content\/uploads\/2023\/06\/1681937922087.jpg&#8221; parallax=&#8221;on&#8221; global_colors_info=&#8221;{}&#8221;][et_pb_row _builder_version=&#8221;4.21.0&#8243; _module_preset=&#8221;default&#8221; global_colors_info=&#8221;{}&#8221;][et_pb_column type=&#8221;4_4&#8243; _builder_version=&#8221;4.21.0&#8243; _module_preset=&#8221;default&#8221; global_colors_info=&#8221;{}&#8221;][et_pb_text _builder_version=&#8221;4.24.3&#8243; _module_preset=&#8221;default&#8221; text_text_color=&#8221;#6ab579&#8243; text_font_size=&#8221;43px&#8221; global_colors_info=&#8221;{}&#8221;]<\/p>\n<p style=\"text-align: center;\"><span style=\"color: #ffffff;\"><strong>UPCOMING<\/strong><\/span><\/p>\n<p>[\/et_pb_text][\/et_pb_column][\/et_pb_row][\/et_pb_section][et_pb_section fb_built=&#8221;1&#8243; _builder_version=&#8221;4.21.0&#8243; _module_preset=&#8221;default&#8221; global_colors_info=&#8221;{}&#8221;][et_pb_row _builder_version=&#8221;4.21.0&#8243; _module_preset=&#8221;default&#8221; global_colors_info=&#8221;{}&#8221;][et_pb_column type=&#8221;4_4&#8243; _builder_version=&#8221;4.21.0&#8243; _module_preset=&#8221;default&#8221; global_colors_info=&#8221;{}&#8221;][et_pb_text _builder_version=&#8221;4.24.3&#8243; _module_preset=&#8221;default&#8221; custom_margin=&#8221;||8px|||&#8221; global_colors_info=&#8221;{}&#8221;]<\/p>\n<h2 style=\"text-align: center;\">Rolling Green Rendez-vous 2026 Edition\u00a0<\/h2>\n<h2 style=\"text-align: center;\">&#8211;<\/h2>\n<h2 style=\"text-align: center;\">March 31st at the Maison du d\u00e9veloppement durable\u00a0<\/h2>\n<p>[\/et_pb_text][et_pb_text _builder_version=&#8221;4.27.5&#8243; _module_preset=&#8221;default&#8221; global_colors_info=&#8221;{}&#8221;]<\/p>\n<p>On the schedule :<\/p>\n<ul>\n<li>Sustainable production budgets and resources<\/li>\n<li>Costumes: between creativity and environmental awareness<\/li>\n<li>Inspiring stories<\/li>\n<li>Screening of a short film made by graduating students from ATM C\u00e9gep de Jonqui\u00e8re, accredited by Rolling Green<\/li>\n<li>Time for sharing and networking!<\/li>\n<\/ul>\n<p>The full program will be announced soon!<\/p>\n<p>Rolling Green Rendez-vous it&#8217;s a francophone event.<\/p>\n<p>&nbsp;<\/p>\n<p>[\/et_pb_text][et_pb_image src=&#8221;https:\/\/ontournevert.com\/wp-content\/uploads\/2026\/02\/RDV-OTV-3-31-MARS-2026-Banniere-1.png&#8221; title_text=&#8221;RDV OTV 3 &#8211; 31 MARS 2026 &#8211; Banni\u00e8re (1)&#8221; _builder_version=&#8221;4.27.5&#8243; _module_preset=&#8221;default&#8221; global_colors_info=&#8221;{}&#8221;][\/et_pb_image][\/et_pb_column][\/et_pb_row][\/et_pb_section][et_pb_section fb_built=&#8221;1&#8243; _builder_version=&#8221;4.21.0&#8243; _module_preset=&#8221;default&#8221; background_image=&#8221;https:\/\/ontournevert.com\/wp-content\/uploads\/2023\/06\/1681937922087.jpg&#8221; global_colors_info=&#8221;{}&#8221;][et_pb_row _builder_version=&#8221;4.21.0&#8243; _module_preset=&#8221;default&#8221; global_colors_info=&#8221;{}&#8221;][et_pb_column type=&#8221;4_4&#8243; _builder_version=&#8221;4.21.0&#8243; _module_preset=&#8221;default&#8221; global_colors_info=&#8221;{}&#8221;][et_pb_text _builder_version=&#8221;4.24.3&#8243; _module_preset=&#8221;default&#8221; text_text_color=&#8221;#6ab579&#8243; text_font_size=&#8221;43px&#8221; global_colors_info=&#8221;{}&#8221;]<\/p>\n<p style=\"text-align: center;\"><span style=\"color: #ffffff;\"><strong>PAST EVENTS<\/strong><\/span><\/p>\n<p>[\/et_pb_text][\/et_pb_column][\/et_pb_row][\/et_pb_section][et_pb_section fb_built=&#8221;1&#8243; _builder_version=&#8221;4.21.0&#8243; _module_preset=&#8221;default&#8221; global_colors_info=&#8221;{}&#8221;][et_pb_row column_structure=&#8221;2_5,3_5&#8243; _builder_version=&#8221;4.21.0&#8243; _module_preset=&#8221;default&#8221; global_colors_info=&#8221;{}&#8221;][et_pb_column type=&#8221;2_5&#8243; _builder_version=&#8221;4.21.0&#8243; _module_preset=&#8221;default&#8221; global_colors_info=&#8221;{}&#8221;][et_pb_image src=&#8221;https:\/\/ontournevert.com\/wp-content\/uploads\/2024\/03\/RDV-OTV-Nouvelle-AN-1-1.png&#8221; title_text=&#8221;RDV OTV &#8211; Nouvelle &#8211; AN (1)&#8221; align=&#8221;center&#8221; _builder_version=&#8221;4.24.3&#8243; _module_preset=&#8221;default&#8221; width=&#8221;100%&#8221; module_alignment=&#8221;left&#8221; global_colors_info=&#8221;{}&#8221;][\/et_pb_image][\/et_pb_column][et_pb_column type=&#8221;3_5&#8243; _builder_version=&#8221;4.21.0&#8243; _module_preset=&#8221;default&#8221; global_colors_info=&#8221;{}&#8221;][et_pb_text _builder_version=&#8221;4.24.3&#8243; _module_preset=&#8221;default&#8221; custom_margin=&#8221;||5px|||&#8221; global_colors_info=&#8221;{}&#8221;]<\/p>\n<h3 style=\"text-align: center;\">THE 2024 ROLLING GREEN RENDEZ-VOUS<\/h3>\n<p>[\/et_pb_text][et_pb_text _builder_version=&#8221;4.24.3&#8243; _module_preset=&#8221;default&#8221; global_colors_info=&#8221;{}&#8221;]<\/p>\n<p style=\"text-align: center;\"><em>March 26, 2024 &#8211; cin\u00e9math\u00e8que qu\u00e9b\u00e9coise<\/em><\/p>\n<p>[\/et_pb_text][et_pb_text _builder_version=&#8221;4.24.3&#8243; _module_preset=&#8221;default&#8221; global_colors_info=&#8221;{}&#8221;]<\/p>\n<p style=\"text-align: justify;\">On March 26, 2024, over 150 industry members from all walks of life gathered at the Cin\u00e9math\u00e8que qu\u00e9b\u00e9coise for the first-ever Rolling Green Rendez-vous.<\/p>\n<p style=\"text-align: justify;\">The day began with a symbolic gathering of all Quebec broadcasters to express their commitment to a more sustainable industry. This was followed by a series of panels covering a variety of captivating topics, such as &#8220;Shaping the sustainable future of visual effects and animation&#8221;, &#8220;Facing the climate crisis, an environmental and social challenge&#8221;, &#8220;Training for eco-responsible production in post-secondary education&#8221;, and &#8220;First steps towards a sustainable digital future&#8221;. These fascinating discussions were accompanied by a collaborative workshop and a screening of the accredited short film &#8220;The last Rhino&#8221;, produced by La Cr\u00e9ative Films.<br \/>Thanks to the partners who made this event possible: Canada Economic Development for Quebec Regions, Canada Media Fund and Caisse Desjardins de la Culture.<\/p>\n<div class=\"x11i5rnm xat24cr x1mh8g0r x1vvkbs xtlvy1s x126k92a\" style=\"text-align: justify;\"><\/div>\n<p>[\/et_pb_text][et_pb_button button_url=&#8221;https:\/\/ontournevert.com\/en\/photos-rendez-vous-on-tourne-vert\/&#8221; button_text=&#8221;PHOTOS&#8221; button_alignment=&#8221;center&#8221; _builder_version=&#8221;4.24.3&#8243; _module_preset=&#8221;default&#8221; global_colors_info=&#8221;{}&#8221;][\/et_pb_button][\/et_pb_column][\/et_pb_row][et_pb_row _builder_version=&#8221;4.21.0&#8243; _module_preset=&#8221;default&#8221; global_colors_info=&#8221;{}&#8221;][et_pb_column type=&#8221;4_4&#8243; _builder_version=&#8221;4.21.0&#8243; _module_preset=&#8221;default&#8221; global_colors_info=&#8221;{}&#8221;][et_pb_divider _builder_version=&#8221;4.21.0&#8243; _module_preset=&#8221;default&#8221; width=&#8221;65%&#8221; module_alignment=&#8221;center&#8221; global_colors_info=&#8221;{}&#8221;][\/et_pb_divider][\/et_pb_column][\/et_pb_row][et_pb_row column_structure=&#8221;1_3,1_3,1_3&#8243; _builder_version=&#8221;4.21.0&#8243; _module_preset=&#8221;default&#8221; global_colors_info=&#8221;{}&#8221;][et_pb_column type=&#8221;1_3&#8243; _builder_version=&#8221;4.21.0&#8243; _module_preset=&#8221;default&#8221; global_colors_info=&#8221;{}&#8221;][et_pb_text _builder_version=&#8221;4.21.0&#8243; _module_preset=&#8221;default&#8221; custom_margin=&#8221;||1px|||&#8221; global_colors_info=&#8221;{}&#8221;]<\/p>\n<h3 style=\"text-align: center;\">CLOSING OF THE ROLLING GREEN X SODEC PATHWAY<\/h3>\n<h3 style=\"text-align: center;\">&#8211;<\/h3>\n<h3 style=\"text-align: center;\">SPRING COHORTE\u00a0<\/h3>\n<p>[\/et_pb_text][et_pb_text _builder_version=&#8221;4.24.3&#8243; _module_preset=&#8221;default&#8221; min_height=&#8221;30.8px&#8221; global_colors_info=&#8221;{}&#8221;]<\/p>\n<p style=\"text-align: center;\"><em>June 15, 2023<\/em><\/p>\n<p>[\/et_pb_text][et_pb_image src=&#8221;https:\/\/ontournevert.com\/wp-content\/uploads\/2023\/07\/Creation-sans-titre-7.png&#8221; title_text=&#8221;Cr\u00e9ation sans titre (7)&#8221; _builder_version=&#8221;4.21.0&#8243; _module_preset=&#8221;default&#8221; global_colors_info=&#8221;{}&#8221;][\/et_pb_image][\/et_pb_column][et_pb_column type=&#8221;1_3&#8243; _builder_version=&#8221;4.21.0&#8243; _module_preset=&#8221;default&#8221; global_colors_info=&#8221;{}&#8221;][et_pb_text _builder_version=&#8221;4.21.0&#8243; _module_preset=&#8221;default&#8221; custom_margin=&#8221;||5px|||&#8221; global_colors_info=&#8221;{}&#8221;]<\/p>\n<h3 style=\"text-align: center;\">ROLLING GREEN AT CAF\u00c9<\/h3>\n<h3 style=\"text-align: center;\">&#8211;<\/h3>\n<h3 style=\"text-align: center;\">CONFERENCE\/ ANIMATION\/ VFX \/ EXPERTISE<\/h3>\n<p>[\/et_pb_text][et_pb_text _builder_version=&#8221;4.24.3&#8243; _module_preset=&#8221;default&#8221; global_colors_info=&#8221;{}&#8221;]<\/p>\n<p style=\"text-align: center;\"><em>May 16, 17, 2023<\/em><\/p>\n<p>[\/et_pb_text][et_pb_image src=&#8221;https:\/\/ontournevert.com\/wp-content\/uploads\/2023\/07\/Creation-sans-titre-8.png&#8221; title_text=&#8221;Cr\u00e9ation sans titre (8)&#8221; _builder_version=&#8221;4.21.0&#8243; _module_preset=&#8221;default&#8221; global_colors_info=&#8221;{}&#8221;][\/et_pb_image][\/et_pb_column][et_pb_column type=&#8221;1_3&#8243; _builder_version=&#8221;4.21.0&#8243; _module_preset=&#8221;default&#8221; global_colors_info=&#8221;{}&#8221;][et_pb_text _builder_version=&#8221;4.24.3&#8243; _module_preset=&#8221;default&#8221; custom_margin=&#8221;||5px|||&#8221; global_colors_info=&#8221;{}&#8221;]<\/p>\n<h3 style=\"text-align: center;\">WEBINAR : GREEN TECHNOLOGIES AND AUDIOVISUAL PRODUCTIONS<\/h3>\n<h3 style=\"text-align: center;\">&#8211;<\/h3>\n<h3 style=\"text-align: center;\">GREEN GENERATORS<\/h3>\n<p>[\/et_pb_text][et_pb_text _builder_version=&#8221;4.24.3&#8243; _module_preset=&#8221;default&#8221; global_colors_info=&#8221;{}&#8221;]<\/p>\n<p style=\"text-align: center;\"><em>May, 15, 2023<\/em><\/p>\n<p>[\/et_pb_text][et_pb_image src=&#8221;https:\/\/ontournevert.com\/wp-content\/uploads\/2023\/07\/support-visuel-OTV-Ecotech-8.png&#8221; title_text=&#8221;support visuel OTV &#8211; Ecotech (8)&#8221; _builder_version=&#8221;4.21.0&#8243; _module_preset=&#8221;default&#8221; global_colors_info=&#8221;{}&#8221;][\/et_pb_image][\/et_pb_column][\/et_pb_row][et_pb_row _builder_version=&#8221;4.21.0&#8243; _module_preset=&#8221;default&#8221; global_colors_info=&#8221;{}&#8221;][et_pb_column type=&#8221;4_4&#8243; _builder_version=&#8221;4.21.0&#8243; _module_preset=&#8221;default&#8221; global_colors_info=&#8221;{}&#8221;][et_pb_divider _builder_version=&#8221;4.21.0&#8243; _module_preset=&#8221;default&#8221; width=&#8221;65%&#8221; module_alignment=&#8221;center&#8221; global_colors_info=&#8221;{}&#8221;][\/et_pb_divider][\/et_pb_column][\/et_pb_row][et_pb_row column_structure=&#8221;1_3,1_3,1_3&#8243; _builder_version=&#8221;4.21.0&#8243; _module_preset=&#8221;default&#8221; global_colors_info=&#8221;{}&#8221;][et_pb_column type=&#8221;1_3&#8243; _builder_version=&#8221;4.21.0&#8243; _module_preset=&#8221;default&#8221; global_colors_info=&#8221;{}&#8221;][et_pb_text _builder_version=&#8221;4.24.3&#8243; _module_preset=&#8221;default&#8221; custom_margin=&#8221;||1px|||&#8221; global_colors_info=&#8221;{}&#8221;]<\/p>\n<h3 style=\"text-align: center;\">LAUNCH OF KOZE&#8217;S GREENBOOK\u00a0<\/h3>\n<h3 style=\"text-align: center;\">&#8211;<\/h3>\n<h3 style=\"text-align: center;\">CASE STUDY OF AN ECORESPONSIBLE PRODUCTION<\/h3>\n<p>[\/et_pb_text][et_pb_text _builder_version=&#8221;4.21.0&#8243; _module_preset=&#8221;default&#8221; min_height=&#8221;30.8px&#8221; global_colors_info=&#8221;{}&#8221;]<\/p>\n<p style=\"text-align: center;\"><em>Le 21 avril 2023<\/em><\/p>\n<p>[\/et_pb_text][et_pb_image src=&#8221;https:\/\/ontournevert.com\/wp-content\/uploads\/2023\/07\/TDSlancement__J4A2816-e1689673992163.png&#8221; title_text=&#8221;TDSlancement__J4A2816&#8243; _builder_version=&#8221;4.21.0&#8243; _module_preset=&#8221;default&#8221; global_colors_info=&#8221;{}&#8221;][\/et_pb_image][\/et_pb_column][et_pb_column type=&#8221;1_3&#8243; _builder_version=&#8221;4.21.0&#8243; _module_preset=&#8221;default&#8221; global_colors_info=&#8221;{}&#8221;][et_pb_text _builder_version=&#8221;4.24.3&#8243; _module_preset=&#8221;default&#8221; custom_margin=&#8221;||1px|||&#8221; global_colors_info=&#8221;{}&#8221;]<\/p>\n<h3 style=\"text-align: center;\">2nd ANNIVERSARY OF ROLLING GREEN<\/h3>\n<h3 style=\"text-align: center;\">&#8211;<\/h3>\n<h3 style=\"text-align: center;\">&amp; CLOSING OF THE ROLLING GREEN X SODEC PATHWAY (WINTER COHORTE)<\/h3>\n<p>[\/et_pb_text][et_pb_text _builder_version=&#8221;4.21.0&#8243; _module_preset=&#8221;default&#8221; min_height=&#8221;30.8px&#8221; global_colors_info=&#8221;{}&#8221;]<\/p>\n<p style=\"text-align: center;\"><em>Le 18 avril 2023<\/em><\/p>\n<p>[\/et_pb_text][et_pb_image src=&#8221;https:\/\/ontournevert.com\/wp-content\/uploads\/2023\/07\/Creation-sans-titre-9.png&#8221; title_text=&#8221;Cr\u00e9ation sans titre (9)&#8221; _builder_version=&#8221;4.21.0&#8243; _module_preset=&#8221;default&#8221; global_colors_info=&#8221;{}&#8221;][\/et_pb_image][\/et_pb_column][et_pb_column type=&#8221;1_3&#8243; _builder_version=&#8221;4.21.0&#8243; _module_preset=&#8221;default&#8221; global_colors_info=&#8221;{}&#8221;][et_pb_text _builder_version=&#8221;4.24.3&#8243; _module_preset=&#8221;default&#8221; custom_margin=&#8221;||1px|||&#8221; global_colors_info=&#8221;{}&#8221;]<\/p>\n<h3 style=\"text-align: center;\">ROLLING GREEN AWARD, COURS \u00c9CRIRE TON COURT CONTEST (SODEC)<\/h3>\n<h3 style=\"text-align: center;\">&#8211;<\/h3>\n<h3 style=\"text-align: center;\">FESTIVAL REGARD 2023<\/h3>\n<p>[\/et_pb_text][et_pb_text _builder_version=&#8221;4.24.3&#8243; _module_preset=&#8221;default&#8221; min_height=&#8221;29.8px&#8221; global_colors_info=&#8221;{}&#8221;]<\/p>\n<p style=\"text-align: center;\"><em>March 25, 2023<\/em><\/p>\n<p>[\/et_pb_text][et_pb_image src=&#8221;https:\/\/ontournevert.com\/wp-content\/uploads\/2023\/07\/Creation-sans-titre-10.png&#8221; title_text=&#8221;Cr\u00e9ation sans titre (10)&#8221; _builder_version=&#8221;4.21.0&#8243; _module_preset=&#8221;default&#8221; global_colors_info=&#8221;{}&#8221;][\/et_pb_image][\/et_pb_column][\/et_pb_row][\/et_pb_section]<\/p>\n","protected":false},"excerpt":{"rendered":"<p>EVENTSUPCOMINGRolling Green Rendez-vous 2026 Edition\u00a0 &#8211; March 31st at the Maison du d\u00e9veloppement durable\u00a0On the schedule : Sustainable production budgets and resources Costumes: between creativity and environmental awareness Inspiring stories Screening of a short film made by graduating students from ATM C\u00e9gep de Jonqui\u00e8re, accredited by Rolling Green Time for sharing and networking! The full [&hellip;]<\/p>\n","protected":false},"author":1,"featured_media":0,"parent":0,"menu_order":0,"comment_status":"closed","ping_status":"closed","template":"","meta":{"_et_pb_use_builder":"on","_et_pb_old_content":"","_et_gb_content_width":"","footnotes":""},"class_list":["post-4865","page","type-page","status-publish","hentry"],"yoast_head":"<!-- This site is optimized with the Yoast SEO plugin v27.4 - https:\/\/yoast.com\/product\/yoast-seo-wordpress\/ -->\n<title>Events - On Tourne Vert \/ Rolling Green<\/title>\n<meta name=\"robots\" content=\"index, follow, max-snippet:-1, max-image-preview:large, max-video-preview:-1\" \/>\n<link rel=\"canonical\" href=\"https:\/\/ontournevert.com\/en\/evenements\/\" \/>\n<meta property=\"og:locale\" content=\"en_US\" \/>\n<meta property=\"og:type\" content=\"article\" \/>\n<meta property=\"og:title\" content=\"Events - On Tourne Vert \/ Rolling Green\" \/>\n<meta property=\"og:description\" content=\"EVENTSUPCOMINGRolling Green Rendez-vous 2026 Edition\u00a0 - March 31st at the Maison du d\u00e9veloppement durable\u00a0On the schedule : Sustainable production budgets and resources Costumes: between creativity and environmental awareness Inspiring stories Screening of a short film made by graduating students from ATM C\u00e9gep de Jonqui\u00e8re, accredited by Rolling Green Time for sharing and networking! The full [&hellip;]\" \/>\n<meta property=\"og:url\" content=\"https:\/\/ontournevert.com\/en\/evenements\/\" \/>\n<meta property=\"og:site_name\" content=\"On Tourne Vert \/ Rolling Green\" \/>\n<meta property=\"article:publisher\" content=\"https:\/\/www.facebook.com\/bctqqftc\/\" \/>\n<meta property=\"article:modified_time\" content=\"2026-02-18T17:43:02+00:00\" \/>\n<meta name=\"twitter:card\" content=\"summary_large_image\" \/>\n<meta name=\"twitter:site\" content=\"@bctq_qftc\" \/>\n<meta name=\"twitter:label1\" content=\"Est. reading time\" \/>\n\t<meta name=\"twitter:data1\" content=\"3 minutes\" \/>\n<script type=\"application\/ld+json\" class=\"yoast-schema-graph\">{\"@context\":\"https:\\\/\\\/schema.org\",\"@graph\":[{\"@type\":\"WebPage\",\"@id\":\"https:\\\/\\\/ontournevert.com\\\/en\\\/evenements\\\/\",\"url\":\"https:\\\/\\\/ontournevert.com\\\/en\\\/evenements\\\/\",\"name\":\"Events - On Tourne Vert \\\/ Rolling Green\",\"isPartOf\":{\"@id\":\"https:\\\/\\\/ontournevert.com\\\/fr\\\/#website\"},\"datePublished\":\"2023-07-18T11:46:31+00:00\",\"dateModified\":\"2026-02-18T17:43:02+00:00\",\"breadcrumb\":{\"@id\":\"https:\\\/\\\/ontournevert.com\\\/en\\\/evenements\\\/#breadcrumb\"},\"inLanguage\":\"en-US\",\"potentialAction\":[{\"@type\":\"ReadAction\",\"target\":[\"https:\\\/\\\/ontournevert.com\\\/en\\\/evenements\\\/\"]}]},{\"@type\":\"BreadcrumbList\",\"@id\":\"https:\\\/\\\/ontournevert.com\\\/en\\\/evenements\\\/#breadcrumb\",\"itemListElement\":[{\"@type\":\"ListItem\",\"position\":1,\"name\":\"Home\",\"item\":\"https:\\\/\\\/ontournevert.com\\\/en\\\/\"},{\"@type\":\"ListItem\",\"position\":2,\"name\":\"Events\"}]},{\"@type\":\"WebSite\",\"@id\":\"https:\\\/\\\/ontournevert.com\\\/fr\\\/#website\",\"url\":\"https:\\\/\\\/ontournevert.com\\\/fr\\\/\",\"name\":\"On Tourne Vert \\\/ Rolling Green\",\"description\":\"Am\u00e9liorer l&#039;\u00e9coresponsabilit\u00e9 des productions audiovisuelles au Qu\u00e9bec.\",\"publisher\":{\"@id\":\"https:\\\/\\\/ontournevert.com\\\/fr\\\/#organization\"},\"potentialAction\":[{\"@type\":\"SearchAction\",\"target\":{\"@type\":\"EntryPoint\",\"urlTemplate\":\"https:\\\/\\\/ontournevert.com\\\/fr\\\/?s={search_term_string}\"},\"query-input\":{\"@type\":\"PropertyValueSpecification\",\"valueRequired\":true,\"valueName\":\"search_term_string\"}}],\"inLanguage\":\"en-US\"},{\"@type\":\"Organization\",\"@id\":\"https:\\\/\\\/ontournevert.com\\\/fr\\\/#organization\",\"name\":\"On Tourne Vert \\\/ Rolling Green\",\"url\":\"https:\\\/\\\/ontournevert.com\\\/fr\\\/\",\"logo\":{\"@type\":\"ImageObject\",\"inLanguage\":\"en-US\",\"@id\":\"https:\\\/\\\/ontournevert.com\\\/fr\\\/#\\\/schema\\\/logo\\\/image\\\/\",\"url\":\"http:\\\/\\\/ontournevert.com\\\/wp-content\\\/uploads\\\/2022\\\/01\\\/Logo.png\",\"contentUrl\":\"http:\\\/\\\/ontournevert.com\\\/wp-content\\\/uploads\\\/2022\\\/01\\\/Logo.png\",\"width\":506,\"height\":225,\"caption\":\"On Tourne Vert \\\/ Rolling Green\"},\"image\":{\"@id\":\"https:\\\/\\\/ontournevert.com\\\/fr\\\/#\\\/schema\\\/logo\\\/image\\\/\"},\"sameAs\":[\"https:\\\/\\\/www.facebook.com\\\/bctqqftc\\\/\",\"https:\\\/\\\/x.com\\\/bctq_qftc\",\"https:\\\/\\\/www.instagram.com\\\/bctq_qftc\\\/?hl=fr\",\"https:\\\/\\\/www.linkedin.com\\\/company\\\/bctq\\\/?originalSubdomain=ca\",\"https:\\\/\\\/www.youtube.com\\\/channel\\\/UCzPwrM1b2iYeQS4ERSehUKA\",\"https:\\\/\\\/www.instagram.com\\\/ontournevert\\\/\",\"https:\\\/\\\/www.linkedin.com\\\/company\\\/on-tourne-vert\\\/?viewAsMember=true\",\"https:\\\/\\\/www.facebook.com\\\/ontournevert\"]}]}<\/script>\n<!-- \/ Yoast SEO plugin. -->","yoast_head_json":{"title":"Events - On Tourne Vert \/ Rolling Green","robots":{"index":"index","follow":"follow","max-snippet":"max-snippet:-1","max-image-preview":"max-image-preview:large","max-video-preview":"max-video-preview:-1"},"canonical":"https:\/\/ontournevert.com\/en\/evenements\/","og_locale":"en_US","og_type":"article","og_title":"Events - On Tourne Vert \/ Rolling Green","og_description":"EVENTSUPCOMINGRolling Green Rendez-vous 2026 Edition\u00a0 - March 31st at the Maison du d\u00e9veloppement durable\u00a0On the schedule : Sustainable production budgets and resources Costumes: between creativity and environmental awareness Inspiring stories Screening of a short film made by graduating students from ATM C\u00e9gep de Jonqui\u00e8re, accredited by Rolling Green Time for sharing and networking! The full [&hellip;]","og_url":"https:\/\/ontournevert.com\/en\/evenements\/","og_site_name":"On Tourne Vert \/ Rolling Green","article_publisher":"https:\/\/www.facebook.com\/bctqqftc\/","article_modified_time":"2026-02-18T17:43:02+00:00","twitter_card":"summary_large_image","twitter_site":"@bctq_qftc","twitter_misc":{"Est. reading time":"3 minutes"},"schema":{"@context":"https:\/\/schema.org","@graph":[{"@type":"WebPage","@id":"https:\/\/ontournevert.com\/en\/evenements\/","url":"https:\/\/ontournevert.com\/en\/evenements\/","name":"Events - On Tourne Vert \/ Rolling Green","isPartOf":{"@id":"https:\/\/ontournevert.com\/fr\/#website"},"datePublished":"2023-07-18T11:46:31+00:00","dateModified":"2026-02-18T17:43:02+00:00","breadcrumb":{"@id":"https:\/\/ontournevert.com\/en\/evenements\/#breadcrumb"},"inLanguage":"en-US","potentialAction":[{"@type":"ReadAction","target":["https:\/\/ontournevert.com\/en\/evenements\/"]}]},{"@type":"BreadcrumbList","@id":"https:\/\/ontournevert.com\/en\/evenements\/#breadcrumb","itemListElement":[{"@type":"ListItem","position":1,"name":"Home","item":"https:\/\/ontournevert.com\/en\/"},{"@type":"ListItem","position":2,"name":"Events"}]},{"@type":"WebSite","@id":"https:\/\/ontournevert.com\/fr\/#website","url":"https:\/\/ontournevert.com\/fr\/","name":"On Tourne Vert \/ Rolling Green","description":"Am\u00e9liorer l&#039;\u00e9coresponsabilit\u00e9 des productions audiovisuelles au Qu\u00e9bec.","publisher":{"@id":"https:\/\/ontournevert.com\/fr\/#organization"},"potentialAction":[{"@type":"SearchAction","target":{"@type":"EntryPoint","urlTemplate":"https:\/\/ontournevert.com\/fr\/?s={search_term_string}"},"query-input":{"@type":"PropertyValueSpecification","valueRequired":true,"valueName":"search_term_string"}}],"inLanguage":"en-US"},{"@type":"Organization","@id":"https:\/\/ontournevert.com\/fr\/#organization","name":"On Tourne Vert \/ Rolling Green","url":"https:\/\/ontournevert.com\/fr\/","logo":{"@type":"ImageObject","inLanguage":"en-US","@id":"https:\/\/ontournevert.com\/fr\/#\/schema\/logo\/image\/","url":"http:\/\/ontournevert.com\/wp-content\/uploads\/2022\/01\/Logo.png","contentUrl":"http:\/\/ontournevert.com\/wp-content\/uploads\/2022\/01\/Logo.png","width":506,"height":225,"caption":"On Tourne Vert \/ Rolling Green"},"image":{"@id":"https:\/\/ontournevert.com\/fr\/#\/schema\/logo\/image\/"},"sameAs":["https:\/\/www.facebook.com\/bctqqftc\/","https:\/\/x.com\/bctq_qftc","https:\/\/www.instagram.com\/bctq_qftc\/?hl=fr","https:\/\/www.linkedin.com\/company\/bctq\/?originalSubdomain=ca","https:\/\/www.youtube.com\/channel\/UCzPwrM1b2iYeQS4ERSehUKA","https:\/\/www.instagram.com\/ontournevert\/","https:\/\/www.linkedin.com\/company\/on-tourne-vert\/?viewAsMember=true","https:\/\/www.facebook.com\/ontournevert"]}]}},"_links":{"self":[{"href":"https:\/\/ontournevert.com\/en\/wp-json\/wp\/v2\/pages\/4865","targetHints":{"allow":["GET"]}}],"collection":[{"href":"https:\/\/ontournevert.com\/en\/wp-json\/wp\/v2\/pages"}],"about":[{"href":"https:\/\/ontournevert.com\/en\/wp-json\/wp\/v2\/types\/page"}],"author":[{"embeddable":true,"href":"https:\/\/ontournevert.com\/en\/wp-json\/wp\/v2\/users\/1"}],"replies":[{"embeddable":true,"href":"https:\/\/ontournevert.com\/en\/wp-json\/wp\/v2\/comments?post=4865"}],"version-history":[{"count":18,"href":"https:\/\/ontournevert.com\/en\/wp-json\/wp\/v2\/pages\/4865\/revisions"}],"predecessor-version":[{"id":9910,"href":"https:\/\/ontournevert.com\/en\/wp-json\/wp\/v2\/pages\/4865\/revisions\/9910"}],"wp:attachment":[{"href":"https:\/\/ontournevert.com\/en\/wp-json\/wp\/v2\/media?parent=4865"}],"curies":[{"name":"wp","href":"https:\/\/api.w.org\/{rel}","templated":true}]}}