{"id":6041,"date":"2024-04-05T16:17:19","date_gmt":"2024-04-05T21:17:19","guid":{"rendered":"http:\/\/ontournevert.com\/?page_id=6041"},"modified":"2024-04-09T15:39:48","modified_gmt":"2024-04-09T20:39:48","slug":"photos-rendez-vous-on-tourne-vert","status":"publish","type":"page","link":"https:\/\/ontournevert.com\/en\/photos-rendez-vous-on-tourne-vert\/","title":{"rendered":"Photos  &#8211; The Rolling Green Rendez-vous"},"content":{"rendered":"<p>[et_pb_section fb_built=&#8221;1&#8243; admin_label=&#8221;About&#8221; _builder_version=&#8221;4.24.0&#8243; _module_preset=&#8221;default&#8221; custom_padding=&#8221;0px||0px|||&#8221; collapsed=&#8221;on&#8221; global_colors_info=&#8221;{}&#8221;][et_pb_row _builder_version=&#8221;4.24.0&#8243; _module_preset=&#8221;default&#8221; max_width=&#8221;1800px&#8221; global_colors_info=&#8221;{}&#8221;][et_pb_column type=&#8221;4_4&#8243; _builder_version=&#8221;4.22.0&#8243; _module_preset=&#8221;default&#8221; global_colors_info=&#8221;{}&#8221;][et_pb_text _builder_version=&#8221;4.24.2&#8243; _module_preset=&#8221;_initial&#8221; header_5_font=&#8221;Inter|700|||||||&#8221; header_5_font_size=&#8221;20px&#8221; header_5_line_height=&#8221;1.4em&#8221; custom_margin=&#8221;||0px||false|false&#8221; custom_padding=&#8221;31px|||||&#8221; header_5_font_size_tablet=&#8221;16px&#8221; header_5_font_size_phone=&#8221;14px&#8221; header_5_font_size_last_edited=&#8221;on|desktop&#8221; global_colors_info=&#8221;{}&#8221;]<\/p>\n<h5 style=\"text-align: center;\"><b>LES MEILLEURS MOMENT DU RENDEZ-VOUS ON TOURNE VERT 2024<\/b><\/h5>\n<p>[\/et_pb_text][et_pb_text _builder_version=&#8221;4.24.3&#8243; _module_preset=&#8221;default&#8221; hover_enabled=&#8221;0&#8243; global_colors_info=&#8221;{}&#8221; sticky_enabled=&#8221;0&#8243;]<\/p>\n<p style=\"text-align: justify;\">On March 26, 2024, over 150 industry members from all walks of life gathered at the Cin\u00e9math\u00e8que qu\u00e9b\u00e9coise for the first-ever Rolling Green Rendez-vous.<\/p>\n<p style=\"text-align: justify;\">The day began with a symbolic gathering of all Quebec broadcasters to express their commitment to a more sustainable industry. This was followed by a series of panels covering a variety of captivating topics, such as \u201cShaping the sustainable future of visual effects and animation\u201d, \u201cFacing the climate crisis, an environmental and social challenge\u201d, \u201cTraining for eco-responsible production in post-secondary education\u201d, and \u201cFirst steps towards a sustainable digital future\u201d. These fascinating discussions were accompanied by a collaborative workshop and a screening of the accredited short film \u201cThe last Rhino\u201d, produced by La Cr\u00e9ative Films.<br \/>Thanks to the partners who made this event possible: Canada Economic Development for Quebec Regions, Canada Media Fund and Caisse Desjardins de la Culture.<\/p>\n<div class=\"x11i5rnm xat24cr x1mh8g0r x1vvkbs xtlvy1s x126k92a\" style=\"text-align: justify;\"><\/div>\n<p>[\/et_pb_text][\/et_pb_column][\/et_pb_row][et_pb_row _builder_version=&#8221;4.24.2&#8243; _module_preset=&#8221;default&#8221; custom_padding=&#8221;||0px|||&#8221; global_colors_info=&#8221;{}&#8221;][et_pb_column type=&#8221;4_4&#8243; _builder_version=&#8221;4.24.2&#8243; _module_preset=&#8221;default&#8221; global_colors_info=&#8221;{}&#8221;][et_pb_divider _builder_version=&#8221;4.24.2&#8243; _module_preset=&#8221;default&#8221; width=&#8221;52%&#8221; module_alignment=&#8221;center&#8221; height=&#8221;50px&#8221; global_colors_info=&#8221;{}&#8221;][\/et_pb_divider][\/et_pb_column][\/et_pb_row][\/et_pb_section][et_pb_section fb_built=&#8221;1&#8243; admin_label=&#8221;Services&#8221; _builder_version=&#8221;4.24.2&#8243; _module_preset=&#8221;default&#8221; collapsed=&#8221;on&#8221; global_colors_info=&#8221;{}&#8221;][et_pb_row column_structure=&#8221;1_3,1_3,1_3&#8243; _builder_version=&#8221;4.24.0&#8243; _module_preset=&#8221;default&#8221; custom_margin=&#8221;-60px|auto||auto||&#8221; custom_padding=&#8221;||0px|||&#8221; global_colors_info=&#8221;{}&#8221;][et_pb_column type=&#8221;1_3&#8243; _builder_version=&#8221;4.24.0&#8243; _module_preset=&#8221;default&#8221; global_colors_info=&#8221;{}&#8221;][et_pb_image src=&#8221;http:\/\/ontournevert.com\/wp-content\/uploads\/2024\/04\/AOSA_7550.jpg&#8221; title_text=&#8221;PR-3980 Cosmos &#8211; BCTQ conf\u00e9rence &#8211; 26 mars 2024&#8243; _builder_version=&#8221;4.24.3&#8243; _module_preset=&#8221;default&#8221; global_colors_info=&#8221;{}&#8221;][\/et_pb_image][\/et_pb_column][et_pb_column type=&#8221;1_3&#8243; _builder_version=&#8221;4.24.0&#8243; _module_preset=&#8221;default&#8221; global_colors_info=&#8221;{}&#8221;][et_pb_image src=&#8221;http:\/\/ontournevert.com\/wp-content\/uploads\/2024\/04\/AOSA_7605.jpg&#8221; title_text=&#8221;PR-3980 Cosmos &#8211; BCTQ conf\u00e9rence &#8211; 26 mars 2024&#8243; _builder_version=&#8221;4.24.3&#8243; _module_preset=&#8221;default&#8221; global_colors_info=&#8221;{}&#8221;][\/et_pb_image][\/et_pb_column][et_pb_column type=&#8221;1_3&#8243; _builder_version=&#8221;4.24.0&#8243; _module_preset=&#8221;default&#8221; global_colors_info=&#8221;{}&#8221;][et_pb_image src=&#8221;http:\/\/ontournevert.com\/wp-content\/uploads\/2024\/04\/AOSA_7567.jpg&#8221; title_text=&#8221;PR-3980 Cosmos &#8211; BCTQ conf\u00e9rence &#8211; 26 mars 2024&#8243; _builder_version=&#8221;4.24.3&#8243; _module_preset=&#8221;default&#8221; global_colors_info=&#8221;{}&#8221;][\/et_pb_image][\/et_pb_column][\/et_pb_row][et_pb_row column_structure=&#8221;1_3,1_3,1_3&#8243; _builder_version=&#8221;4.24.3&#8243; _module_preset=&#8221;default&#8221; global_colors_info=&#8221;{}&#8221;][et_pb_column type=&#8221;1_3&#8243; _builder_version=&#8221;4.24.3&#8243; _module_preset=&#8221;default&#8221; global_colors_info=&#8221;{}&#8221;][et_pb_image src=&#8221;http:\/\/ontournevert.com\/wp-content\/uploads\/2024\/04\/OSA_7547.jpg&#8221; title_text=&#8221;PR-3980 Cosmos &#8211; BCTQ conf\u00e9rence &#8211; 26 mars 2024&#8243; _builder_version=&#8221;4.24.3&#8243; _module_preset=&#8221;default&#8221; width=&#8221;100%&#8221; module_alignment=&#8221;center&#8221; global_colors_info=&#8221;{}&#8221;][\/et_pb_image][\/et_pb_column][et_pb_column type=&#8221;1_3&#8243; _builder_version=&#8221;4.24.3&#8243; _module_preset=&#8221;default&#8221; global_colors_info=&#8221;{}&#8221;][et_pb_image src=&#8221;http:\/\/ontournevert.com\/wp-content\/uploads\/2024\/04\/OSA_7829.jpg&#8221; title_text=&#8221;PR-3980 Cosmos &#8211; BCTQ conf\u00e9rence &#8211; 26 mars 2024&#8243; _builder_version=&#8221;4.24.3&#8243; _module_preset=&#8221;default&#8221; global_colors_info=&#8221;{}&#8221;][\/et_pb_image][et_pb_image src=&#8221;http:\/\/ontournevert.com\/wp-content\/uploads\/2024\/04\/AOSA_7720.jpg&#8221; title_text=&#8221;PR-3980 Cosmos &#8211; BCTQ conf\u00e9rence &#8211; 26 mars 2024&#8243; _builder_version=&#8221;4.24.3&#8243; _module_preset=&#8221;default&#8221; global_colors_info=&#8221;{}&#8221;][\/et_pb_image][\/et_pb_column][et_pb_column type=&#8221;1_3&#8243; _builder_version=&#8221;4.24.3&#8243; _module_preset=&#8221;default&#8221; global_colors_info=&#8221;{}&#8221;][et_pb_image src=&#8221;http:\/\/ontournevert.com\/wp-content\/uploads\/2024\/04\/AOSA_7615.jpg&#8221; title_text=&#8221;PR-3980 Cosmos &#8211; BCTQ conf\u00e9rence &#8211; 26 mars 2024&#8243; _builder_version=&#8221;4.24.3&#8243; _module_preset=&#8221;default&#8221; global_colors_info=&#8221;{}&#8221;][\/et_pb_image][et_pb_image src=&#8221;http:\/\/ontournevert.com\/wp-content\/uploads\/2024\/04\/AOSA_7565.jpg&#8221; title_text=&#8221;PR-3980 Cosmos &#8211; BCTQ conf\u00e9rence &#8211; 26 mars 2024&#8243; _builder_version=&#8221;4.24.3&#8243; _module_preset=&#8221;default&#8221; global_colors_info=&#8221;{}&#8221;][\/et_pb_image][\/et_pb_column][\/et_pb_row][et_pb_row column_structure=&#8221;1_3,1_3,1_3&#8243; _builder_version=&#8221;4.24.3&#8243; _module_preset=&#8221;default&#8221; global_colors_info=&#8221;{}&#8221;][et_pb_column type=&#8221;1_3&#8243; _builder_version=&#8221;4.24.3&#8243; _module_preset=&#8221;default&#8221; global_colors_info=&#8221;{}&#8221;][et_pb_image src=&#8221;http:\/\/ontournevert.com\/wp-content\/uploads\/2024\/04\/AOSA_7845.jpg&#8221; title_text=&#8221;PR-3980 Cosmos &#8211; BCTQ conf\u00e9rence &#8211; 26 mars 2024&#8243; _builder_version=&#8221;4.24.3&#8243; _module_preset=&#8221;default&#8221; global_colors_info=&#8221;{}&#8221;][\/et_pb_image][et_pb_image src=&#8221;http:\/\/ontournevert.com\/wp-content\/uploads\/2024\/04\/OSA_7556.jpg&#8221; title_text=&#8221;PR-3980 Cosmos &#8211; BCTQ conf\u00e9rence &#8211; 26 mars 2024&#8243; _builder_version=&#8221;4.24.3&#8243; _module_preset=&#8221;default&#8221; global_colors_info=&#8221;{}&#8221;][\/et_pb_image][\/et_pb_column][et_pb_column type=&#8221;1_3&#8243; _builder_version=&#8221;4.24.3&#8243; _module_preset=&#8221;default&#8221; global_colors_info=&#8221;{}&#8221;][et_pb_image src=&#8221;http:\/\/ontournevert.com\/wp-content\/uploads\/2024\/04\/OSA_7555.jpg&#8221; title_text=&#8221;PR-3980 Cosmos &#8211; BCTQ conf\u00e9rence &#8211; 26 mars 2024&#8243; _builder_version=&#8221;4.24.3&#8243; _module_preset=&#8221;default&#8221; global_colors_info=&#8221;{}&#8221;][\/et_pb_image][et_pb_image src=&#8221;http:\/\/ontournevert.com\/wp-content\/uploads\/2024\/04\/OSA_7584.jpg&#8221; title_text=&#8221;PR-3980 Cosmos &#8211; BCTQ conf\u00e9rence &#8211; 26 mars 2024&#8243; _builder_version=&#8221;4.24.3&#8243; _module_preset=&#8221;default&#8221; global_colors_info=&#8221;{}&#8221;][\/et_pb_image][\/et_pb_column][et_pb_column type=&#8221;1_3&#8243; _builder_version=&#8221;4.24.3&#8243; _module_preset=&#8221;default&#8221; global_colors_info=&#8221;{}&#8221;][et_pb_image src=&#8221;http:\/\/ontournevert.com\/wp-content\/uploads\/2024\/04\/OSA_7586.jpg&#8221; title_text=&#8221;PR-3980 Cosmos &#8211; BCTQ conf\u00e9rence &#8211; 26 mars 2024&#8243; _builder_version=&#8221;4.24.3&#8243; _module_preset=&#8221;default&#8221; global_colors_info=&#8221;{}&#8221;][\/et_pb_image][\/et_pb_column][\/et_pb_row][et_pb_row column_structure=&#8221;1_3,1_3,1_3&#8243; _builder_version=&#8221;4.24.3&#8243; _module_preset=&#8221;default&#8221; global_colors_info=&#8221;{}&#8221;][et_pb_column type=&#8221;1_3&#8243; _builder_version=&#8221;4.24.3&#8243; _module_preset=&#8221;default&#8221; global_colors_info=&#8221;{}&#8221;][et_pb_image src=&#8221;http:\/\/ontournevert.com\/wp-content\/uploads\/2024\/04\/AOSA_7864.jpg&#8221; title_text=&#8221;PR-3980 Cosmos &#8211; BCTQ conf\u00e9rence &#8211; 26 mars 2024&#8243; _builder_version=&#8221;4.24.3&#8243; _module_preset=&#8221;default&#8221; global_colors_info=&#8221;{}&#8221;][\/et_pb_image][et_pb_image src=&#8221;http:\/\/ontournevert.com\/wp-content\/uploads\/2024\/04\/AOSA_7873.jpg&#8221; title_text=&#8221;PR-3980 Cosmos &#8211; BCTQ conf\u00e9rence &#8211; 26 mars 2024&#8243; _builder_version=&#8221;4.24.3&#8243; _module_preset=&#8221;default&#8221; global_colors_info=&#8221;{}&#8221;][\/et_pb_image][\/et_pb_column][et_pb_column type=&#8221;1_3&#8243; _builder_version=&#8221;4.24.3&#8243; _module_preset=&#8221;default&#8221; global_colors_info=&#8221;{}&#8221;][et_pb_image src=&#8221;http:\/\/ontournevert.com\/wp-content\/uploads\/2024\/04\/AOSA_7905.jpg&#8221; title_text=&#8221;PR-3980 Cosmos &#8211; BCTQ conf\u00e9rence &#8211; 26 mars 2024&#8243; _builder_version=&#8221;4.24.3&#8243; _module_preset=&#8221;default&#8221; global_colors_info=&#8221;{}&#8221;][\/et_pb_image][\/et_pb_column][et_pb_column type=&#8221;1_3&#8243; _builder_version=&#8221;4.24.3&#8243; _module_preset=&#8221;default&#8221; global_colors_info=&#8221;{}&#8221;][et_pb_image src=&#8221;http:\/\/ontournevert.com\/wp-content\/uploads\/2024\/04\/AOSA_8115.jpg&#8221; title_text=&#8221;PR-3980 Cosmos &#8211; BCTQ conf\u00e9rence &#8211; 26 mars 2024&#8243; _builder_version=&#8221;4.24.3&#8243; _module_preset=&#8221;default&#8221; global_colors_info=&#8221;{}&#8221;][\/et_pb_image][et_pb_image src=&#8221;http:\/\/ontournevert.com\/wp-content\/uploads\/2024\/04\/AOSA_8006.jpg&#8221; title_text=&#8221;PR-3980 Cosmos &#8211; BCTQ conf\u00e9rence &#8211; 26 mars 2024&#8243; _builder_version=&#8221;4.24.3&#8243; _module_preset=&#8221;default&#8221; global_colors_info=&#8221;{}&#8221;][\/et_pb_image][\/et_pb_column][\/et_pb_row][et_pb_row column_structure=&#8221;1_3,1_3,1_3&#8243; _builder_version=&#8221;4.24.3&#8243; _module_preset=&#8221;default&#8221; global_colors_info=&#8221;{}&#8221;][et_pb_column type=&#8221;1_3&#8243; _builder_version=&#8221;4.24.3&#8243; _module_preset=&#8221;default&#8221; global_colors_info=&#8221;{}&#8221;][et_pb_image src=&#8221;http:\/\/ontournevert.com\/wp-content\/uploads\/2024\/04\/AOSA_7967.jpg&#8221; title_text=&#8221;PR-3980 Cosmos &#8211; BCTQ conf\u00e9rence &#8211; 26 mars 2024&#8243; _builder_version=&#8221;4.24.3&#8243; _module_preset=&#8221;default&#8221; global_colors_info=&#8221;{}&#8221;][\/et_pb_image][\/et_pb_column][et_pb_column type=&#8221;1_3&#8243; _builder_version=&#8221;4.24.3&#8243; _module_preset=&#8221;default&#8221; global_colors_info=&#8221;{}&#8221;][et_pb_image src=&#8221;http:\/\/ontournevert.com\/wp-content\/uploads\/2024\/04\/OSA_7860.jpg&#8221; title_text=&#8221;PR-3980 Cosmos &#8211; BCTQ conf\u00e9rence &#8211; 26 mars 2024&#8243; _builder_version=&#8221;4.24.3&#8243; _module_preset=&#8221;default&#8221; global_colors_info=&#8221;{}&#8221;][\/et_pb_image][et_pb_image src=&#8221;http:\/\/ontournevert.com\/wp-content\/uploads\/2024\/04\/OSA_8040.jpg&#8221; title_text=&#8221;PR-3980 Cosmos &#8211; BCTQ conf\u00e9rence &#8211; 26 mars 2024&#8243; _builder_version=&#8221;4.24.3&#8243; _module_preset=&#8221;default&#8221; global_colors_info=&#8221;{}&#8221;][\/et_pb_image][\/et_pb_column][et_pb_column type=&#8221;1_3&#8243; _builder_version=&#8221;4.24.3&#8243; _module_preset=&#8221;default&#8221; global_colors_info=&#8221;{}&#8221;][et_pb_image src=&#8221;http:\/\/ontournevert.com\/wp-content\/uploads\/2024\/04\/OSA_7975.jpg&#8221; title_text=&#8221;PR-3980 Cosmos &#8211; BCTQ conf\u00e9rence &#8211; 26 mars 2024&#8243; _builder_version=&#8221;4.24.3&#8243; _module_preset=&#8221;default&#8221; global_colors_info=&#8221;{}&#8221;][\/et_pb_image][et_pb_image src=&#8221;http:\/\/ontournevert.com\/wp-content\/uploads\/2024\/04\/OSA_7958.jpg&#8221; title_text=&#8221;PR-3980 Cosmos &#8211; BCTQ conf\u00e9rence &#8211; 26 mars 2024&#8243; _builder_version=&#8221;4.24.3&#8243; _module_preset=&#8221;default&#8221; global_colors_info=&#8221;{}&#8221;][\/et_pb_image][\/et_pb_column][\/et_pb_row][et_pb_row column_structure=&#8221;1_3,1_3,1_3&#8243; _builder_version=&#8221;4.24.3&#8243; _module_preset=&#8221;default&#8221; global_colors_info=&#8221;{}&#8221;][et_pb_column type=&#8221;1_3&#8243; _builder_version=&#8221;4.24.3&#8243; _module_preset=&#8221;default&#8221; global_colors_info=&#8221;{}&#8221;][et_pb_image src=&#8221;http:\/\/ontournevert.com\/wp-content\/uploads\/2024\/04\/AOSA_8296.jpg&#8221; title_text=&#8221;PR-3980 Cosmos &#8211; BCTQ conf\u00e9rence &#8211; 26 mars 2024&#8243; _builder_version=&#8221;4.24.3&#8243; _module_preset=&#8221;default&#8221; global_colors_info=&#8221;{}&#8221;][\/et_pb_image][et_pb_image src=&#8221;http:\/\/ontournevert.com\/wp-content\/uploads\/2024\/04\/OSA_8150.jpg&#8221; title_text=&#8221;PR-3980 Cosmos &#8211; BCTQ conf\u00e9rence &#8211; 26 mars 2024&#8243; _builder_version=&#8221;4.24.3&#8243; _module_preset=&#8221;default&#8221; global_colors_info=&#8221;{}&#8221;][\/et_pb_image][\/et_pb_column][et_pb_column type=&#8221;1_3&#8243; _builder_version=&#8221;4.24.3&#8243; _module_preset=&#8221;default&#8221; global_colors_info=&#8221;{}&#8221;][et_pb_image src=&#8221;http:\/\/ontournevert.com\/wp-content\/uploads\/2024\/04\/OSA_8147.jpg&#8221; title_text=&#8221;PR-3980 Cosmos &#8211; BCTQ conf\u00e9rence &#8211; 26 mars 2024&#8243; _builder_version=&#8221;4.24.3&#8243; _module_preset=&#8221;default&#8221; global_colors_info=&#8221;{}&#8221;][\/et_pb_image][et_pb_image src=&#8221;http:\/\/ontournevert.com\/wp-content\/uploads\/2024\/04\/OSA_8322.jpg&#8221; title_text=&#8221;PR-3980 Cosmos &#8211; BCTQ conf\u00e9rence &#8211; 26 mars 2024&#8243; _builder_version=&#8221;4.24.3&#8243; _module_preset=&#8221;default&#8221; global_colors_info=&#8221;{}&#8221;][\/et_pb_image][\/et_pb_column][et_pb_column type=&#8221;1_3&#8243; _builder_version=&#8221;4.24.3&#8243; _module_preset=&#8221;default&#8221; global_colors_info=&#8221;{}&#8221;][et_pb_image src=&#8221;http:\/\/ontournevert.com\/wp-content\/uploads\/2024\/04\/OSA_8159.jpg&#8221; title_text=&#8221;PR-3980 Cosmos &#8211; BCTQ conf\u00e9rence &#8211; 26 mars 2024&#8243; _builder_version=&#8221;4.24.3&#8243; _module_preset=&#8221;default&#8221; global_colors_info=&#8221;{}&#8221;][\/et_pb_image][et_pb_image src=&#8221;http:\/\/ontournevert.com\/wp-content\/uploads\/2024\/04\/AOSA_8268.jpg&#8221; title_text=&#8221;PR-3980 Cosmos &#8211; BCTQ conf\u00e9rence &#8211; 26 mars 2024&#8243; _builder_version=&#8221;4.24.3&#8243; _module_preset=&#8221;default&#8221; global_colors_info=&#8221;{}&#8221;][\/et_pb_image][\/et_pb_column][\/et_pb_row][\/et_pb_section]<\/p>\n","protected":false},"excerpt":{"rendered":"<p>LES MEILLEURS MOMENT DU RENDEZ-VOUS ON TOURNE VERT 2024On March 26, 2024, over 150 industry members from all walks of life gathered at the Cin\u00e9math\u00e8que qu\u00e9b\u00e9coise for the first-ever Rolling Green Rendez-vous. The day began with a symbolic gathering of all Quebec broadcasters to express their commitment to a more sustainable industry. This was followed [&hellip;]<\/p>\n","protected":false},"author":1,"featured_media":0,"parent":0,"menu_order":0,"comment_status":"closed","ping_status":"closed","template":"","meta":{"_et_pb_use_builder":"on","_et_pb_old_content":"","_et_gb_content_width":"","footnotes":""},"class_list":["post-6041","page","type-page","status-publish","hentry"],"yoast_head":"<!-- This site is optimized with the Yoast SEO plugin v27.6 - https:\/\/yoast.com\/product\/yoast-seo-wordpress\/ -->\n<title>Photos - The Rolling Green Rendez-vous - On Tourne Vert \/ Rolling Green<\/title>\n<meta name=\"robots\" content=\"index, follow, max-snippet:-1, max-image-preview:large, max-video-preview:-1\" \/>\n<link rel=\"canonical\" href=\"https:\/\/ontournevert.com\/en\/photos-rendez-vous-on-tourne-vert\/\" \/>\n<meta property=\"og:locale\" content=\"en_US\" \/>\n<meta property=\"og:type\" content=\"article\" \/>\n<meta property=\"og:title\" content=\"Photos - The Rolling Green Rendez-vous - On Tourne Vert \/ Rolling Green\" \/>\n<meta property=\"og:description\" content=\"LES MEILLEURS MOMENT DU RENDEZ-VOUS ON TOURNE VERT 2024On March 26, 2024, over 150 industry members from all walks of life gathered at the Cin\u00e9math\u00e8que qu\u00e9b\u00e9coise for the first-ever Rolling Green Rendez-vous. The day began with a symbolic gathering of all Quebec broadcasters to express their commitment to a more sustainable industry. This was followed [&hellip;]\" \/>\n<meta property=\"og:url\" content=\"https:\/\/ontournevert.com\/en\/photos-rendez-vous-on-tourne-vert\/\" \/>\n<meta property=\"og:site_name\" content=\"On Tourne Vert \/ Rolling Green\" \/>\n<meta property=\"article:publisher\" content=\"https:\/\/www.facebook.com\/bctqqftc\/\" \/>\n<meta property=\"article:modified_time\" content=\"2024-04-09T20:39:48+00:00\" \/>\n<meta name=\"twitter:card\" content=\"summary_large_image\" \/>\n<meta name=\"twitter:site\" content=\"@bctq_qftc\" \/>\n<meta name=\"twitter:label1\" content=\"Est. reading time\" \/>\n\t<meta name=\"twitter:data1\" content=\"7 minutes\" \/>\n<script type=\"application\/ld+json\" class=\"yoast-schema-graph\">{\"@context\":\"https:\\\/\\\/schema.org\",\"@graph\":[{\"@type\":\"WebPage\",\"@id\":\"https:\\\/\\\/ontournevert.com\\\/en\\\/photos-rendez-vous-on-tourne-vert\\\/\",\"url\":\"https:\\\/\\\/ontournevert.com\\\/en\\\/photos-rendez-vous-on-tourne-vert\\\/\",\"name\":\"Photos - The Rolling Green Rendez-vous - On Tourne Vert \\\/ Rolling Green\",\"isPartOf\":{\"@id\":\"https:\\\/\\\/ontournevert.com\\\/fr\\\/#website\"},\"datePublished\":\"2024-04-05T21:17:19+00:00\",\"dateModified\":\"2024-04-09T20:39:48+00:00\",\"breadcrumb\":{\"@id\":\"https:\\\/\\\/ontournevert.com\\\/en\\\/photos-rendez-vous-on-tourne-vert\\\/#breadcrumb\"},\"inLanguage\":\"en-US\",\"potentialAction\":[{\"@type\":\"ReadAction\",\"target\":[\"https:\\\/\\\/ontournevert.com\\\/en\\\/photos-rendez-vous-on-tourne-vert\\\/\"]}]},{\"@type\":\"BreadcrumbList\",\"@id\":\"https:\\\/\\\/ontournevert.com\\\/en\\\/photos-rendez-vous-on-tourne-vert\\\/#breadcrumb\",\"itemListElement\":[{\"@type\":\"ListItem\",\"position\":1,\"name\":\"Home\",\"item\":\"https:\\\/\\\/ontournevert.com\\\/en\\\/\"},{\"@type\":\"ListItem\",\"position\":2,\"name\":\"Photos &#8211; The Rolling Green Rendez-vous\"}]},{\"@type\":\"WebSite\",\"@id\":\"https:\\\/\\\/ontournevert.com\\\/fr\\\/#website\",\"url\":\"https:\\\/\\\/ontournevert.com\\\/fr\\\/\",\"name\":\"On Tourne Vert \\\/ Rolling Green\",\"description\":\"Am\u00e9liorer l&#039;\u00e9coresponsabilit\u00e9 des productions audiovisuelles au Qu\u00e9bec.\",\"publisher\":{\"@id\":\"https:\\\/\\\/ontournevert.com\\\/fr\\\/#organization\"},\"potentialAction\":[{\"@type\":\"SearchAction\",\"target\":{\"@type\":\"EntryPoint\",\"urlTemplate\":\"https:\\\/\\\/ontournevert.com\\\/fr\\\/?s={search_term_string}\"},\"query-input\":{\"@type\":\"PropertyValueSpecification\",\"valueRequired\":true,\"valueName\":\"search_term_string\"}}],\"inLanguage\":\"en-US\"},{\"@type\":\"Organization\",\"@id\":\"https:\\\/\\\/ontournevert.com\\\/fr\\\/#organization\",\"name\":\"On Tourne Vert \\\/ Rolling Green\",\"url\":\"https:\\\/\\\/ontournevert.com\\\/fr\\\/\",\"logo\":{\"@type\":\"ImageObject\",\"inLanguage\":\"en-US\",\"@id\":\"https:\\\/\\\/ontournevert.com\\\/fr\\\/#\\\/schema\\\/logo\\\/image\\\/\",\"url\":\"http:\\\/\\\/ontournevert.com\\\/wp-content\\\/uploads\\\/2022\\\/01\\\/Logo.png\",\"contentUrl\":\"http:\\\/\\\/ontournevert.com\\\/wp-content\\\/uploads\\\/2022\\\/01\\\/Logo.png\",\"width\":506,\"height\":225,\"caption\":\"On Tourne Vert \\\/ Rolling Green\"},\"image\":{\"@id\":\"https:\\\/\\\/ontournevert.com\\\/fr\\\/#\\\/schema\\\/logo\\\/image\\\/\"},\"sameAs\":[\"https:\\\/\\\/www.facebook.com\\\/bctqqftc\\\/\",\"https:\\\/\\\/x.com\\\/bctq_qftc\",\"https:\\\/\\\/www.instagram.com\\\/bctq_qftc\\\/?hl=fr\",\"https:\\\/\\\/www.linkedin.com\\\/company\\\/bctq\\\/?originalSubdomain=ca\",\"https:\\\/\\\/www.youtube.com\\\/channel\\\/UCzPwrM1b2iYeQS4ERSehUKA\",\"https:\\\/\\\/www.instagram.com\\\/ontournevert\\\/\",\"https:\\\/\\\/www.linkedin.com\\\/company\\\/on-tourne-vert\\\/?viewAsMember=true\",\"https:\\\/\\\/www.facebook.com\\\/ontournevert\"]}]}<\/script>\n<!-- \/ Yoast SEO plugin. -->","yoast_head_json":{"title":"Photos - The Rolling Green Rendez-vous - On Tourne Vert \/ Rolling Green","robots":{"index":"index","follow":"follow","max-snippet":"max-snippet:-1","max-image-preview":"max-image-preview:large","max-video-preview":"max-video-preview:-1"},"canonical":"https:\/\/ontournevert.com\/en\/photos-rendez-vous-on-tourne-vert\/","og_locale":"en_US","og_type":"article","og_title":"Photos - The Rolling Green Rendez-vous - On Tourne Vert \/ Rolling Green","og_description":"LES MEILLEURS MOMENT DU RENDEZ-VOUS ON TOURNE VERT 2024On March 26, 2024, over 150 industry members from all walks of life gathered at the Cin\u00e9math\u00e8que qu\u00e9b\u00e9coise for the first-ever Rolling Green Rendez-vous. The day began with a symbolic gathering of all Quebec broadcasters to express their commitment to a more sustainable industry. This was followed [&hellip;]","og_url":"https:\/\/ontournevert.com\/en\/photos-rendez-vous-on-tourne-vert\/","og_site_name":"On Tourne Vert \/ Rolling Green","article_publisher":"https:\/\/www.facebook.com\/bctqqftc\/","article_modified_time":"2024-04-09T20:39:48+00:00","twitter_card":"summary_large_image","twitter_site":"@bctq_qftc","twitter_misc":{"Est. reading time":"7 minutes"},"schema":{"@context":"https:\/\/schema.org","@graph":[{"@type":"WebPage","@id":"https:\/\/ontournevert.com\/en\/photos-rendez-vous-on-tourne-vert\/","url":"https:\/\/ontournevert.com\/en\/photos-rendez-vous-on-tourne-vert\/","name":"Photos - The Rolling Green Rendez-vous - On Tourne Vert \/ Rolling Green","isPartOf":{"@id":"https:\/\/ontournevert.com\/fr\/#website"},"datePublished":"2024-04-05T21:17:19+00:00","dateModified":"2024-04-09T20:39:48+00:00","breadcrumb":{"@id":"https:\/\/ontournevert.com\/en\/photos-rendez-vous-on-tourne-vert\/#breadcrumb"},"inLanguage":"en-US","potentialAction":[{"@type":"ReadAction","target":["https:\/\/ontournevert.com\/en\/photos-rendez-vous-on-tourne-vert\/"]}]},{"@type":"BreadcrumbList","@id":"https:\/\/ontournevert.com\/en\/photos-rendez-vous-on-tourne-vert\/#breadcrumb","itemListElement":[{"@type":"ListItem","position":1,"name":"Home","item":"https:\/\/ontournevert.com\/en\/"},{"@type":"ListItem","position":2,"name":"Photos &#8211; The Rolling Green Rendez-vous"}]},{"@type":"WebSite","@id":"https:\/\/ontournevert.com\/fr\/#website","url":"https:\/\/ontournevert.com\/fr\/","name":"On Tourne Vert \/ Rolling Green","description":"Am\u00e9liorer l&#039;\u00e9coresponsabilit\u00e9 des productions audiovisuelles au Qu\u00e9bec.","publisher":{"@id":"https:\/\/ontournevert.com\/fr\/#organization"},"potentialAction":[{"@type":"SearchAction","target":{"@type":"EntryPoint","urlTemplate":"https:\/\/ontournevert.com\/fr\/?s={search_term_string}"},"query-input":{"@type":"PropertyValueSpecification","valueRequired":true,"valueName":"search_term_string"}}],"inLanguage":"en-US"},{"@type":"Organization","@id":"https:\/\/ontournevert.com\/fr\/#organization","name":"On Tourne Vert \/ Rolling Green","url":"https:\/\/ontournevert.com\/fr\/","logo":{"@type":"ImageObject","inLanguage":"en-US","@id":"https:\/\/ontournevert.com\/fr\/#\/schema\/logo\/image\/","url":"http:\/\/ontournevert.com\/wp-content\/uploads\/2022\/01\/Logo.png","contentUrl":"http:\/\/ontournevert.com\/wp-content\/uploads\/2022\/01\/Logo.png","width":506,"height":225,"caption":"On Tourne Vert \/ Rolling Green"},"image":{"@id":"https:\/\/ontournevert.com\/fr\/#\/schema\/logo\/image\/"},"sameAs":["https:\/\/www.facebook.com\/bctqqftc\/","https:\/\/x.com\/bctq_qftc","https:\/\/www.instagram.com\/bctq_qftc\/?hl=fr","https:\/\/www.linkedin.com\/company\/bctq\/?originalSubdomain=ca","https:\/\/www.youtube.com\/channel\/UCzPwrM1b2iYeQS4ERSehUKA","https:\/\/www.instagram.com\/ontournevert\/","https:\/\/www.linkedin.com\/company\/on-tourne-vert\/?viewAsMember=true","https:\/\/www.facebook.com\/ontournevert"]}]}},"_links":{"self":[{"href":"https:\/\/ontournevert.com\/en\/wp-json\/wp\/v2\/pages\/6041","targetHints":{"allow":["GET"]}}],"collection":[{"href":"https:\/\/ontournevert.com\/en\/wp-json\/wp\/v2\/pages"}],"about":[{"href":"https:\/\/ontournevert.com\/en\/wp-json\/wp\/v2\/types\/page"}],"author":[{"embeddable":true,"href":"https:\/\/ontournevert.com\/en\/wp-json\/wp\/v2\/users\/1"}],"replies":[{"embeddable":true,"href":"https:\/\/ontournevert.com\/en\/wp-json\/wp\/v2\/comments?post=6041"}],"version-history":[{"count":9,"href":"https:\/\/ontournevert.com\/en\/wp-json\/wp\/v2\/pages\/6041\/revisions"}],"predecessor-version":[{"id":6065,"href":"https:\/\/ontournevert.com\/en\/wp-json\/wp\/v2\/pages\/6041\/revisions\/6065"}],"wp:attachment":[{"href":"https:\/\/ontournevert.com\/en\/wp-json\/wp\/v2\/media?parent=6041"}],"curies":[{"name":"wp","href":"https:\/\/api.w.org\/{rel}","templated":true}]}}