{"id":8032,"date":"2025-05-27T14:15:06","date_gmt":"2025-05-27T19:15:06","guid":{"rendered":"https:\/\/ontournevert.com\/?page_id=8032"},"modified":"2026-03-16T15:29:25","modified_gmt":"2026-03-16T20:29:25","slug":"editions-anterieures-du-parcours","status":"publish","type":"page","link":"https:\/\/ontournevert.com\/fr\/editions-anterieures-du-parcours\/","title":{"rendered":"\u00c9ditions ant\u00e9rieures du Parcours"},"content":{"rendered":"<p>[et_pb_section fb_built=\u00a0\u00bb1&Prime; _builder_version=\u00a0\u00bb4.27.4&Prime; _module_preset=\u00a0\u00bbdefault\u00a0\u00bb global_colors_info=\u00a0\u00bb{}\u00a0\u00bb][et_pb_row _builder_version=\u00a0\u00bb4.27.6&Prime; _module_preset=\u00a0\u00bbdefault\u00a0\u00bb global_colors_info=\u00a0\u00bb{}\u00a0\u00bb][et_pb_column type=\u00a0\u00bb4_4&Prime; _builder_version=\u00a0\u00bb4.27.6&Prime; _module_preset=\u00a0\u00bbdefault\u00a0\u00bb global_colors_info=\u00a0\u00bb{}\u00a0\u00bb][et_pb_text _builder_version=\u00a0\u00bb4.27.4&Prime; _module_preset=\u00a0\u00bbe286a4b4-b547-4df8-a332-7c2c8338685e\u00a0\u00bb header_2_text_color=\u00a0\u00bb#000000&Prime; custom_margin=\u00a0\u00bb||10px||false|false\u00a0\u00bb global_colors_info=\u00a0\u00bb{}\u00a0\u00bb]<\/p>\n<h2 style=\"text-align: center;\"><span style=\"color: #000000;\"><span style=\"caret-color: #330099;\">Le parcours on tourne vert x sodec<\/span><\/span><\/h2>\n<h2 style=\"text-align: center;\"><span style=\"color: #000000;\"><span style=\"caret-color: #330099;\">\u00c9dition 2025<\/span><\/span><\/h2>\n<p>[\/et_pb_text][et_pb_text _builder_version=\u00a0\u00bb4.27.4&Prime; _module_preset=\u00a0\u00bbb453cfac-61fe-452a-8258-031be71d40ae\u00a0\u00bb header_6_text_color=\u00a0\u00bb#000000&Prime; width=\u00a0\u00bb59.3%\u00a0\u00bb module_alignment=\u00a0\u00bbcenter\u00a0\u00bb custom_margin=\u00a0\u00bb|187px||||\u00a0\u00bb custom_padding=\u00a0\u00bb||0px|||\u00a0\u00bb global_colors_info=\u00a0\u00bb{}\u00a0\u00bb]<\/p>\n<h6 style=\"text-align: center;\">UN PARCOURS QUI A FORM\u00c9 ET ACCOMPAGN\u00c9 44 GESTIONNAIRES DE PRODUCTION \u00c0 ADOPTER DES PRATIQUES VERTES AU SEIN DE L&rsquo;INDUSTRIE AUDIOVISUELLE<\/h6>\n<p>[\/et_pb_text][\/et_pb_column][\/et_pb_row][et_pb_row _builder_version=\u00a0\u00bb4.27.6&Prime; _module_preset=\u00a0\u00bbdefault\u00a0\u00bb global_colors_info=\u00a0\u00bb{}\u00a0\u00bb][et_pb_column type=\u00a0\u00bb4_4&Prime; _builder_version=\u00a0\u00bb4.27.6&Prime; _module_preset=\u00a0\u00bbdefault\u00a0\u00bb global_colors_info=\u00a0\u00bb{}\u00a0\u00bb][et_pb_image src=\u00a0\u00bbhttps:\/\/ontournevert.com\/wp-content\/uploads\/2026\/03\/Participants-parcours-OTV-SODEC-anciennes-editions.jpg\u00a0\u00bb title_text=\u00a0\u00bbParticipants parcours OTV SODEC anciennes \u00e9ditions\u00a0\u00bb _builder_version=\u00a0\u00bb4.27.6&Prime; _module_preset=\u00a0\u00bbdefault\u00a0\u00bb width=\u00a0\u00bb60%\u00a0\u00bb module_alignment=\u00a0\u00bbcenter\u00a0\u00bb global_colors_info=\u00a0\u00bb{}\u00a0\u00bb][\/et_pb_image][\/et_pb_column][\/et_pb_row][et_pb_row _builder_version=\u00a0\u00bb4.27.6&Prime; _module_preset=\u00a0\u00bbdefault\u00a0\u00bb global_colors_info=\u00a0\u00bb{}\u00a0\u00bb][et_pb_column type=\u00a0\u00bb4_4&Prime; _builder_version=\u00a0\u00bb4.27.6&Prime; _module_preset=\u00a0\u00bbdefault\u00a0\u00bb global_colors_info=\u00a0\u00bb{}\u00a0\u00bb][et_pb_text _builder_version=\u00a0\u00bb4.27.4&Prime; _module_preset=\u00a0\u00bbe286a4b4-b547-4df8-a332-7c2c8338685e\u00a0\u00bb header_2_text_color=\u00a0\u00bb#000000&Prime; min_height=\u00a0\u00bb20.4px\u00a0\u00bb custom_margin=\u00a0\u00bb||-3px||false|false\u00a0\u00bb global_colors_info=\u00a0\u00bb{}\u00a0\u00bb]<\/p>\n<h2 style=\"text-align: center;\"><\/h2>\n<h2 style=\"text-align: center;\"><span style=\"color: #000000;\"><span style=\"caret-color: #330099;\">\u00c9dition 2024<\/span><\/span><\/h2>\n<p>[\/et_pb_text][\/et_pb_column][\/et_pb_row][et_pb_row column_structure=\u00a0\u00bb1_2,1_2&Prime; _builder_version=\u00a0\u00bb4.24.2&Prime; _module_preset=\u00a0\u00bbdefault\u00a0\u00bb custom_padding=\u00a0\u00bb||0px|||\u00a0\u00bb locked=\u00a0\u00bboff\u00a0\u00bb global_colors_info=\u00a0\u00bb{}\u00a0\u00bb][et_pb_column type=\u00a0\u00bb1_2&Prime; _builder_version=\u00a0\u00bb4.24.2&Prime; _module_preset=\u00a0\u00bbdefault\u00a0\u00bb global_colors_info=\u00a0\u00bb{}\u00a0\u00bb][et_pb_image src=\u00a0\u00bbhttps:\/\/ontournevert.com\/wp-content\/uploads\/2025\/05\/1.png\u00a0\u00bb title_text=\u00a0\u00bb1&Prime; _builder_version=\u00a0\u00bb4.27.4&Prime; _module_preset=\u00a0\u00bbdefault\u00a0\u00bb width=\u00a0\u00bb69%\u00a0\u00bb max_width=\u00a0\u00bb72%\u00a0\u00bb module_alignment=\u00a0\u00bbcenter\u00a0\u00bb global_colors_info=\u00a0\u00bb{}\u00a0\u00bb][\/et_pb_image][\/et_pb_column][et_pb_column type=\u00a0\u00bb1_2&Prime; _builder_version=\u00a0\u00bb4.24.2&Prime; _module_preset=\u00a0\u00bbdefault\u00a0\u00bb global_colors_info=\u00a0\u00bb{}\u00a0\u00bb][et_pb_image src=\u00a0\u00bbhttps:\/\/ontournevert.com\/wp-content\/uploads\/2025\/05\/2.png\u00a0\u00bb title_text=\u00a0\u00bb2&Prime; _builder_version=\u00a0\u00bb4.27.4&Prime; _module_preset=\u00a0\u00bbdefault\u00a0\u00bb width=\u00a0\u00bb69%\u00a0\u00bb max_width=\u00a0\u00bb72%\u00a0\u00bb module_alignment=\u00a0\u00bbcenter\u00a0\u00bb global_colors_info=\u00a0\u00bb{}\u00a0\u00bb][\/et_pb_image][\/et_pb_column][\/et_pb_row][et_pb_row _builder_version=\u00a0\u00bb4.27.6&Prime; _module_preset=\u00a0\u00bbdefault\u00a0\u00bb global_colors_info=\u00a0\u00bb{}\u00a0\u00bb][et_pb_column type=\u00a0\u00bb4_4&Prime; _builder_version=\u00a0\u00bb4.27.6&Prime; _module_preset=\u00a0\u00bbdefault\u00a0\u00bb global_colors_info=\u00a0\u00bb{}\u00a0\u00bb][et_pb_text _builder_version=\u00a0\u00bb4.27.4&Prime; _module_preset=\u00a0\u00bbe286a4b4-b547-4df8-a332-7c2c8338685e\u00a0\u00bb header_2_text_color=\u00a0\u00bb#000000&Prime; custom_margin=\u00a0\u00bb||-3px||false|false\u00a0\u00bb global_colors_info=\u00a0\u00bb{}\u00a0\u00bb]<\/p>\n<h2 style=\"text-align: center;\"><\/h2>\n<h2 style=\"text-align: center;\"><span style=\"color: #000000;\"><span style=\"caret-color: #330099;\">\u00c9dition 2023<\/span><\/span><\/h2>\n<p>[\/et_pb_text][\/et_pb_column][\/et_pb_row][et_pb_row column_structure=\u00a0\u00bb1_3,1_3,1_3&Prime; _builder_version=\u00a0\u00bb4.27.4&Prime; _module_preset=\u00a0\u00bbdefault\u00a0\u00bb custom_padding=\u00a0\u00bb41px|||||\u00a0\u00bb global_colors_info=\u00a0\u00bb{}\u00a0\u00bb][et_pb_column type=\u00a0\u00bb1_3&Prime; _builder_version=\u00a0\u00bb4.27.4&Prime; _module_preset=\u00a0\u00bbdefault\u00a0\u00bb global_colors_info=\u00a0\u00bb{}\u00a0\u00bb][et_pb_image src=\u00a0\u00bbhttps:\/\/ontournevert.com\/wp-content\/uploads\/2025\/05\/3.png\u00a0\u00bb title_text=\u00a0\u00bb3&Prime; _builder_version=\u00a0\u00bb4.27.6&Prime; _module_preset=\u00a0\u00bbdefault\u00a0\u00bb width=\u00a0\u00bb100%\u00a0\u00bb max_width=\u00a0\u00bb100%\u00a0\u00bb module_alignment=\u00a0\u00bbcenter\u00a0\u00bb global_colors_info=\u00a0\u00bb{}\u00a0\u00bb][\/et_pb_image][\/et_pb_column][et_pb_column type=\u00a0\u00bb1_3&Prime; _builder_version=\u00a0\u00bb4.27.6&Prime; _module_preset=\u00a0\u00bbdefault\u00a0\u00bb global_colors_info=\u00a0\u00bb{}\u00a0\u00bb][et_pb_image src=\u00a0\u00bbhttps:\/\/ontournevert.com\/wp-content\/uploads\/2025\/05\/4.png\u00a0\u00bb title_text=\u00a0\u00bb4&Prime; _builder_version=\u00a0\u00bb4.27.6&Prime; _module_preset=\u00a0\u00bbdefault\u00a0\u00bb width=\u00a0\u00bb100%\u00a0\u00bb max_width=\u00a0\u00bb100%\u00a0\u00bb module_alignment=\u00a0\u00bbcenter\u00a0\u00bb global_colors_info=\u00a0\u00bb{}\u00a0\u00bb][\/et_pb_image][\/et_pb_column][et_pb_column type=\u00a0\u00bb1_3&Prime; _builder_version=\u00a0\u00bb4.27.4&Prime; _module_preset=\u00a0\u00bbdefault\u00a0\u00bb global_colors_info=\u00a0\u00bb{}\u00a0\u00bb][et_pb_image src=\u00a0\u00bbhttps:\/\/ontournevert.com\/wp-content\/uploads\/2025\/05\/5.png\u00a0\u00bb title_text=\u00a0\u00bb5&Prime; _builder_version=\u00a0\u00bb4.27.6&Prime; _module_preset=\u00a0\u00bbdefault\u00a0\u00bb width=\u00a0\u00bb100%\u00a0\u00bb max_width=\u00a0\u00bb100%\u00a0\u00bb module_alignment=\u00a0\u00bbcenter\u00a0\u00bb global_colors_info=\u00a0\u00bb{}\u00a0\u00bb][\/et_pb_image][\/et_pb_column][\/et_pb_row][et_pb_row _builder_version=\u00a0\u00bb4.27.4&Prime; _module_preset=\u00a0\u00bbdefault\u00a0\u00bb global_colors_info=\u00a0\u00bb{}\u00a0\u00bb][et_pb_column type=\u00a0\u00bb4_4&Prime; _builder_version=\u00a0\u00bb4.27.4&Prime; _module_preset=\u00a0\u00bbdefault\u00a0\u00bb global_colors_info=\u00a0\u00bb{}\u00a0\u00bb][et_pb_button button_url=\u00a0\u00bbhttps:\/\/ontournevert.com\/fr\/regards-croises-sur-ledition-2023-du-parcours-on-tourne-vert-x-sodec\/\u00a0\u00bb button_text=\u00a0\u00bbLIRE NOTRE T\u00c9MOIGNAGE\u00a0\u00bb button_alignment=\u00a0\u00bbcenter\u00a0\u00bb _builder_version=\u00a0\u00bb4.27.4&Prime; _module_preset=\u00a0\u00bbdefault\u00a0\u00bb custom_button=\u00a0\u00bbon\u00a0\u00bb button_text_size=\u00a0\u00bb28px\u00a0\u00bb button_text_color=\u00a0\u00bb#FFFFFF\u00a0\u00bb button_bg_color=\u00a0\u00bb#119b5f\u00a0\u00bb button_bg_blend=\u00a0\u00bblighten\u00a0\u00bb button_border_width=\u00a0\u00bb4px\u00a0\u00bb button_icon_color=\u00a0\u00bb#FFFFFF\u00a0\u00bb locked=\u00a0\u00bboff\u00a0\u00bb global_colors_info=\u00a0\u00bb{}\u00a0\u00bb][\/et_pb_button][\/et_pb_column][\/et_pb_row][\/et_pb_section]<\/p>\n","protected":false},"excerpt":{"rendered":"<p>Le parcours on tourne vert x sodec \u00c9dition 2025UN PARCOURS QUI A FORM\u00c9 ET ACCOMPAGN\u00c9 44 GESTIONNAIRES DE PRODUCTION \u00c0 ADOPTER DES PRATIQUES VERTES AU SEIN DE L&rsquo;INDUSTRIE AUDIOVISUELLE \u00c9dition 2024 \u00c9dition 2023<\/p>\n","protected":false},"author":1,"featured_media":0,"parent":0,"menu_order":0,"comment_status":"closed","ping_status":"closed","template":"","meta":{"_et_pb_use_builder":"on","_et_pb_old_content":"","_et_gb_content_width":"","footnotes":""},"class_list":["post-8032","page","type-page","status-publish","hentry"],"yoast_head":"<!-- This site is optimized with the Yoast SEO plugin v27.4 - https:\/\/yoast.com\/product\/yoast-seo-wordpress\/ -->\n<title>\u00c9ditions ant\u00e9rieures du Parcours - On Tourne Vert \/ Rolling Green<\/title>\n<meta name=\"robots\" content=\"index, follow, max-snippet:-1, max-image-preview:large, max-video-preview:-1\" \/>\n<link rel=\"canonical\" href=\"https:\/\/ontournevert.com\/fr\/editions-anterieures-du-parcours\/\" \/>\n<meta property=\"og:locale\" content=\"fr_FR\" \/>\n<meta property=\"og:type\" content=\"article\" \/>\n<meta property=\"og:title\" content=\"\u00c9ditions ant\u00e9rieures du Parcours - On Tourne Vert \/ Rolling Green\" \/>\n<meta property=\"og:description\" content=\"Le parcours on tourne vert x sodec \u00c9dition 2025UN PARCOURS QUI A FORM\u00c9 ET ACCOMPAGN\u00c9 44 GESTIONNAIRES DE PRODUCTION \u00c0 ADOPTER DES PRATIQUES VERTES AU SEIN DE L&#039;INDUSTRIE AUDIOVISUELLE \u00c9dition 2024 \u00c9dition 2023\" \/>\n<meta property=\"og:url\" content=\"https:\/\/ontournevert.com\/fr\/editions-anterieures-du-parcours\/\" \/>\n<meta property=\"og:site_name\" content=\"On Tourne Vert \/ Rolling Green\" \/>\n<meta property=\"article:publisher\" content=\"https:\/\/www.facebook.com\/bctqqftc\/\" \/>\n<meta property=\"article:modified_time\" content=\"2026-03-16T20:29:25+00:00\" \/>\n<meta name=\"twitter:card\" content=\"summary_large_image\" \/>\n<meta name=\"twitter:site\" content=\"@bctq_qftc\" \/>\n<script type=\"application\/ld+json\" class=\"yoast-schema-graph\">{\"@context\":\"https:\\\/\\\/schema.org\",\"@graph\":[{\"@type\":\"WebPage\",\"@id\":\"https:\\\/\\\/ontournevert.com\\\/fr\\\/editions-anterieures-du-parcours\\\/\",\"url\":\"https:\\\/\\\/ontournevert.com\\\/fr\\\/editions-anterieures-du-parcours\\\/\",\"name\":\"\u00c9ditions ant\u00e9rieures du Parcours - On Tourne Vert \\\/ Rolling Green\",\"isPartOf\":{\"@id\":\"https:\\\/\\\/ontournevert.com\\\/fr\\\/#website\"},\"datePublished\":\"2025-05-27T19:15:06+00:00\",\"dateModified\":\"2026-03-16T20:29:25+00:00\",\"breadcrumb\":{\"@id\":\"https:\\\/\\\/ontournevert.com\\\/fr\\\/editions-anterieures-du-parcours\\\/#breadcrumb\"},\"inLanguage\":\"fr-FR\",\"potentialAction\":[{\"@type\":\"ReadAction\",\"target\":[\"https:\\\/\\\/ontournevert.com\\\/fr\\\/editions-anterieures-du-parcours\\\/\"]}]},{\"@type\":\"BreadcrumbList\",\"@id\":\"https:\\\/\\\/ontournevert.com\\\/fr\\\/editions-anterieures-du-parcours\\\/#breadcrumb\",\"itemListElement\":[{\"@type\":\"ListItem\",\"position\":1,\"name\":\"Home\",\"item\":\"https:\\\/\\\/ontournevert.com\\\/fr\\\/\"},{\"@type\":\"ListItem\",\"position\":2,\"name\":\"\u00c9ditions ant\u00e9rieures du Parcours\"}]},{\"@type\":\"WebSite\",\"@id\":\"https:\\\/\\\/ontournevert.com\\\/fr\\\/#website\",\"url\":\"https:\\\/\\\/ontournevert.com\\\/fr\\\/\",\"name\":\"On Tourne Vert \\\/ Rolling Green\",\"description\":\"Am\u00e9liorer l&#039;\u00e9coresponsabilit\u00e9 des productions audiovisuelles au Qu\u00e9bec.\",\"publisher\":{\"@id\":\"https:\\\/\\\/ontournevert.com\\\/fr\\\/#organization\"},\"potentialAction\":[{\"@type\":\"SearchAction\",\"target\":{\"@type\":\"EntryPoint\",\"urlTemplate\":\"https:\\\/\\\/ontournevert.com\\\/fr\\\/?s={search_term_string}\"},\"query-input\":{\"@type\":\"PropertyValueSpecification\",\"valueRequired\":true,\"valueName\":\"search_term_string\"}}],\"inLanguage\":\"fr-FR\"},{\"@type\":\"Organization\",\"@id\":\"https:\\\/\\\/ontournevert.com\\\/fr\\\/#organization\",\"name\":\"On Tourne Vert \\\/ Rolling Green\",\"url\":\"https:\\\/\\\/ontournevert.com\\\/fr\\\/\",\"logo\":{\"@type\":\"ImageObject\",\"inLanguage\":\"fr-FR\",\"@id\":\"https:\\\/\\\/ontournevert.com\\\/fr\\\/#\\\/schema\\\/logo\\\/image\\\/\",\"url\":\"http:\\\/\\\/ontournevert.com\\\/wp-content\\\/uploads\\\/2022\\\/01\\\/Logo.png\",\"contentUrl\":\"http:\\\/\\\/ontournevert.com\\\/wp-content\\\/uploads\\\/2022\\\/01\\\/Logo.png\",\"width\":506,\"height\":225,\"caption\":\"On Tourne Vert \\\/ Rolling Green\"},\"image\":{\"@id\":\"https:\\\/\\\/ontournevert.com\\\/fr\\\/#\\\/schema\\\/logo\\\/image\\\/\"},\"sameAs\":[\"https:\\\/\\\/www.facebook.com\\\/bctqqftc\\\/\",\"https:\\\/\\\/x.com\\\/bctq_qftc\",\"https:\\\/\\\/www.instagram.com\\\/bctq_qftc\\\/?hl=fr\",\"https:\\\/\\\/www.linkedin.com\\\/company\\\/bctq\\\/?originalSubdomain=ca\",\"https:\\\/\\\/www.youtube.com\\\/channel\\\/UCzPwrM1b2iYeQS4ERSehUKA\",\"https:\\\/\\\/www.instagram.com\\\/ontournevert\\\/\",\"https:\\\/\\\/www.linkedin.com\\\/company\\\/on-tourne-vert\\\/?viewAsMember=true\",\"https:\\\/\\\/www.facebook.com\\\/ontournevert\"]}]}<\/script>\n<!-- \/ Yoast SEO plugin. -->","yoast_head_json":{"title":"\u00c9ditions ant\u00e9rieures du Parcours - On Tourne Vert \/ Rolling Green","robots":{"index":"index","follow":"follow","max-snippet":"max-snippet:-1","max-image-preview":"max-image-preview:large","max-video-preview":"max-video-preview:-1"},"canonical":"https:\/\/ontournevert.com\/fr\/editions-anterieures-du-parcours\/","og_locale":"fr_FR","og_type":"article","og_title":"\u00c9ditions ant\u00e9rieures du Parcours - On Tourne Vert \/ Rolling Green","og_description":"Le parcours on tourne vert x sodec \u00c9dition 2025UN PARCOURS QUI A FORM\u00c9 ET ACCOMPAGN\u00c9 44 GESTIONNAIRES DE PRODUCTION \u00c0 ADOPTER DES PRATIQUES VERTES AU SEIN DE L'INDUSTRIE AUDIOVISUELLE \u00c9dition 2024 \u00c9dition 2023","og_url":"https:\/\/ontournevert.com\/fr\/editions-anterieures-du-parcours\/","og_site_name":"On Tourne Vert \/ Rolling Green","article_publisher":"https:\/\/www.facebook.com\/bctqqftc\/","article_modified_time":"2026-03-16T20:29:25+00:00","twitter_card":"summary_large_image","twitter_site":"@bctq_qftc","schema":{"@context":"https:\/\/schema.org","@graph":[{"@type":"WebPage","@id":"https:\/\/ontournevert.com\/fr\/editions-anterieures-du-parcours\/","url":"https:\/\/ontournevert.com\/fr\/editions-anterieures-du-parcours\/","name":"\u00c9ditions ant\u00e9rieures du Parcours - On Tourne Vert \/ Rolling Green","isPartOf":{"@id":"https:\/\/ontournevert.com\/fr\/#website"},"datePublished":"2025-05-27T19:15:06+00:00","dateModified":"2026-03-16T20:29:25+00:00","breadcrumb":{"@id":"https:\/\/ontournevert.com\/fr\/editions-anterieures-du-parcours\/#breadcrumb"},"inLanguage":"fr-FR","potentialAction":[{"@type":"ReadAction","target":["https:\/\/ontournevert.com\/fr\/editions-anterieures-du-parcours\/"]}]},{"@type":"BreadcrumbList","@id":"https:\/\/ontournevert.com\/fr\/editions-anterieures-du-parcours\/#breadcrumb","itemListElement":[{"@type":"ListItem","position":1,"name":"Home","item":"https:\/\/ontournevert.com\/fr\/"},{"@type":"ListItem","position":2,"name":"\u00c9ditions ant\u00e9rieures du Parcours"}]},{"@type":"WebSite","@id":"https:\/\/ontournevert.com\/fr\/#website","url":"https:\/\/ontournevert.com\/fr\/","name":"On Tourne Vert \/ Rolling Green","description":"Am\u00e9liorer l&#039;\u00e9coresponsabilit\u00e9 des productions audiovisuelles au Qu\u00e9bec.","publisher":{"@id":"https:\/\/ontournevert.com\/fr\/#organization"},"potentialAction":[{"@type":"SearchAction","target":{"@type":"EntryPoint","urlTemplate":"https:\/\/ontournevert.com\/fr\/?s={search_term_string}"},"query-input":{"@type":"PropertyValueSpecification","valueRequired":true,"valueName":"search_term_string"}}],"inLanguage":"fr-FR"},{"@type":"Organization","@id":"https:\/\/ontournevert.com\/fr\/#organization","name":"On Tourne Vert \/ Rolling Green","url":"https:\/\/ontournevert.com\/fr\/","logo":{"@type":"ImageObject","inLanguage":"fr-FR","@id":"https:\/\/ontournevert.com\/fr\/#\/schema\/logo\/image\/","url":"http:\/\/ontournevert.com\/wp-content\/uploads\/2022\/01\/Logo.png","contentUrl":"http:\/\/ontournevert.com\/wp-content\/uploads\/2022\/01\/Logo.png","width":506,"height":225,"caption":"On Tourne Vert \/ Rolling Green"},"image":{"@id":"https:\/\/ontournevert.com\/fr\/#\/schema\/logo\/image\/"},"sameAs":["https:\/\/www.facebook.com\/bctqqftc\/","https:\/\/x.com\/bctq_qftc","https:\/\/www.instagram.com\/bctq_qftc\/?hl=fr","https:\/\/www.linkedin.com\/company\/bctq\/?originalSubdomain=ca","https:\/\/www.youtube.com\/channel\/UCzPwrM1b2iYeQS4ERSehUKA","https:\/\/www.instagram.com\/ontournevert\/","https:\/\/www.linkedin.com\/company\/on-tourne-vert\/?viewAsMember=true","https:\/\/www.facebook.com\/ontournevert"]}]}},"_links":{"self":[{"href":"https:\/\/ontournevert.com\/fr\/wp-json\/wp\/v2\/pages\/8032","targetHints":{"allow":["GET"]}}],"collection":[{"href":"https:\/\/ontournevert.com\/fr\/wp-json\/wp\/v2\/pages"}],"about":[{"href":"https:\/\/ontournevert.com\/fr\/wp-json\/wp\/v2\/types\/page"}],"author":[{"embeddable":true,"href":"https:\/\/ontournevert.com\/fr\/wp-json\/wp\/v2\/users\/1"}],"replies":[{"embeddable":true,"href":"https:\/\/ontournevert.com\/fr\/wp-json\/wp\/v2\/comments?post=8032"}],"version-history":[{"count":8,"href":"https:\/\/ontournevert.com\/fr\/wp-json\/wp\/v2\/pages\/8032\/revisions"}],"predecessor-version":[{"id":10197,"href":"https:\/\/ontournevert.com\/fr\/wp-json\/wp\/v2\/pages\/8032\/revisions\/10197"}],"wp:attachment":[{"href":"https:\/\/ontournevert.com\/fr\/wp-json\/wp\/v2\/media?parent=8032"}],"curies":[{"name":"wp","href":"https:\/\/api.w.org\/{rel}","templated":true}]}}