{"id":8145,"date":"2025-06-05T16:05:47","date_gmt":"2025-06-05T21:05:47","guid":{"rendered":"https:\/\/ontournevert.com\/?page_id=8145"},"modified":"2026-03-17T09:17:05","modified_gmt":"2026-03-17T14:17:05","slug":"rendez-vous-on-tourne-vert","status":"publish","type":"page","link":"https:\/\/ontournevert.com\/fr\/rendez-vous-on-tourne-vert\/","title":{"rendered":"Rendez-vous On tourne vert"},"content":{"rendered":"<p>[et_pb_section fb_built=\u00a0\u00bb1&Prime; admin_label=\u00a0\u00bbHero\u00a0\u00bb _builder_version=\u00a0\u00bb4.27.4&Prime; background_color=\u00a0\u00bb#FFFFFF\u00a0\u00bb background_image=\u00a0\u00bbhttps:\/\/ontournevert.com\/wp-content\/uploads\/2025\/07\/Bandeau-RDV-OTV-_Site-web-2.png\u00a0\u00bb background_size=\u00a0\u00bbcontain\u00a0\u00bb height=\u00a0\u00bb400px\u00a0\u00bb max_height=\u00a0\u00bb2000px\u00a0\u00bb custom_margin=\u00a0\u00bb||24px|||\u00a0\u00bb custom_padding=\u00a0\u00bb2px|||||\u00a0\u00bb animation_style=\u00a0\u00bbzoom\u00a0\u00bb animation_intensity_zoom=\u00a0\u00bb4%\u00a0\u00bb locked=\u00a0\u00bboff\u00a0\u00bb global_colors_info=\u00a0\u00bb{}\u00a0\u00bb][\/et_pb_section][et_pb_section fb_built=\u00a0\u00bb1&Prime; _builder_version=\u00a0\u00bb4.27.4&Prime; _module_preset=\u00a0\u00bbdefault\u00a0\u00bb custom_padding=\u00a0\u00bb1px|||||\u00a0\u00bb global_colors_info=\u00a0\u00bb{}\u00a0\u00bb][et_pb_row _builder_version=\u00a0\u00bb4.24.2&Prime; _module_preset=\u00a0\u00bbdefault\u00a0\u00bb locked=\u00a0\u00bboff\u00a0\u00bb global_colors_info=\u00a0\u00bb{}\u00a0\u00bb][et_pb_column type=\u00a0\u00bb4_4&Prime; _builder_version=\u00a0\u00bb4.24.2&Prime; _module_preset=\u00a0\u00bbdefault\u00a0\u00bb global_colors_info=\u00a0\u00bb{}\u00a0\u00bb][et_pb_text _builder_version=\u00a0\u00bb4.27.4&Prime; _module_preset=\u00a0\u00bbe286a4b4-b547-4df8-a332-7c2c8338685e\u00a0\u00bb header_2_text_color=\u00a0\u00bb#000000&Prime; custom_margin=\u00a0\u00bb||10px||false|false\u00a0\u00bb global_colors_info=\u00a0\u00bb{}\u00a0\u00bb]<\/p>\n<h2 style=\"text-align: center;\"><span style=\"color: #000000;\"><span style=\"caret-color: #330099;\">Le Rendez-vous On tourne vert<\/span><\/span><\/h2>\n<p>[\/et_pb_text][et_pb_text _builder_version=\u00a0\u00bb4.27.4&Prime; _module_preset=\u00a0\u00bbb453cfac-61fe-452a-8258-031be71d40ae\u00a0\u00bb header_6_text_color=\u00a0\u00bb#000000&Prime; width=\u00a0\u00bb59.3%\u00a0\u00bb module_alignment=\u00a0\u00bbcenter\u00a0\u00bb custom_margin=\u00a0\u00bb|187px||||\u00a0\u00bb global_colors_info=\u00a0\u00bb{}\u00a0\u00bb]<\/p>\n<h6 style=\"text-align: center;\">UNE JOURN\u00c9E D\u00c9DI\u00c9E \u00c0 L\u2019\u00c9CORESPONSABILIT\u00c9 DANS L\u2019INDUSTRIE AUDIOVISUELLE DU QU\u00c9BEC<\/h6>\n<p>[\/et_pb_text][\/et_pb_column][\/et_pb_row][et_pb_row _builder_version=\u00a0\u00bb4.27.4&Prime; _module_preset=\u00a0\u00bbdefault\u00a0\u00bb background_color=\u00a0\u00bb#FFFFFF\u00a0\u00bb width=\u00a0\u00bb64%\u00a0\u00bb custom_padding=\u00a0\u00bb51px|||||\u00a0\u00bb border_width_all=\u00a0\u00bb2px\u00a0\u00bb locked=\u00a0\u00bboff\u00a0\u00bb global_colors_info=\u00a0\u00bb{}\u00a0\u00bb][et_pb_column type=\u00a0\u00bb4_4&Prime; _builder_version=\u00a0\u00bb4.24.2&Prime; _module_preset=\u00a0\u00bbdefault\u00a0\u00bb global_colors_info=\u00a0\u00bb{}\u00a0\u00bb][et_pb_text _builder_version=\u00a0\u00bb4.27.6&Prime; _module_preset=\u00a0\u00bb3fb0acc0-ca95-4e08-a49b-6fb2b7f04660&Prime; width=\u00a0\u00bb93%\u00a0\u00bb module_alignment=\u00a0\u00bbcenter\u00a0\u00bb hover_enabled=\u00a0\u00bb0&Prime; global_colors_info=\u00a0\u00bb{}\u00a0\u00bb text_font_size=\u00a0\u00bb20px\u00a0\u00bb sticky_enabled=\u00a0\u00bb0&Prime;]<\/p>\n<div class=\"et_pb_module et_pb_text et_pb_text_5  et_pb_text_align_left et_pb_bg_layout_light\">\n<div class=\"et_pb_text_inner\">\n<h2 style=\"text-align: justify;\"><span style=\"font-size: 16px; text-align: left; font-family: Lato, Helvetica, Arial, Lucida, sans-serif; color: #666666;\">Le Rendez-Vous <\/span><i style=\"font-size: 16px; text-align: left; font-family: Lato, Helvetica, Arial, Lucida, sans-serif; color: #666666;\">On Tourne Vert<\/i><span style=\"font-size: 16px; text-align: left; font-family: Lato, Helvetica, Arial, Lucida, sans-serif; color: #666666;\"> vise \u00e0 rassembler l\u2019ensemble des acteurs de l\u2019industrie audiovisuelle et \u00e0 les sensibiliser sur l\u2019impact environnemental du secteur. La journ\u00e9e a pour objectif de cr\u00e9er des moments de r\u00e9flexion, de partage de bonnes pratiques et <span>propose une vari\u00e9t\u00e9 de panels pour approfondir les discussions sur la production audiovisuelle durable.\u00a0<\/span><\/span><\/h2>\n<p><span style=\"font-size: 16px; text-align: left; font-family: Lato, Helvetica, Arial, Lucida, sans-serif; color: #666666;\"><\/span><\/p>\n<div class=\"et_pb_module et_pb_text et_pb_text_5  et_pb_text_align_left et_pb_bg_layout_light\">\n<div class=\"et_pb_text_inner\">\n<h2 style=\"text-align: center;\"><span style=\"color: #119e5f;\"><strong><span style=\"font-family: Lato, Helvetica, Arial, Lucida, sans-serif;\"><span style=\"font-size: 16px;\">Le Rendez-vous On tourne vert revient pour une nouvelle \u00e9dition !<\/span><\/span><\/strong><\/span><\/h2>\n<\/div>\n<\/div>\n<\/div>\n<\/div>\n<div class=\"et_pb_module et_pb_text et_pb_text_7  et_pb_text_align_left et_pb_bg_layout_light\">\n<div class=\"et_pb_text_inner\"><\/div>\n<\/div>\n<p style=\"text-align: center;\">\n<p>[\/et_pb_text][et_pb_button button_text=\u00a0\u00bbRENDEZ-VOUS ON TOURNE VERT 2026&Prime; _builder_version=\u00a0\u00bb4.27.6&Prime; _module_preset=\u00a0\u00bbdefault\u00a0\u00bb button_url=\u00a0\u00bbhttps:\/\/ontournevert.com\/fr\/rendez-vous-on-tourne-vert\/rendez-vous-on-tourne-vert-2026\/\u00a0\u00bb button_alignment=\u00a0\u00bbcenter\u00a0\u00bb background_layout=\u00a0\u00bbdark\u00a0\u00bb custom_button=\u00a0\u00bbon\u00a0\u00bb button_text_size=\u00a0\u00bb28px\u00a0\u00bb button_text_color=\u00a0\u00bb#FFFFFF\u00a0\u00bb button_bg_color=\u00a0\u00bb#119b5f\u00a0\u00bb button_bg_enable_color=\u00a0\u00bbon\u00a0\u00bb hover_enabled=\u00a0\u00bb0&Prime; sticky_enabled=\u00a0\u00bb0&Prime;][\/et_pb_button][et_pb_text _builder_version=\u00a0\u00bb4.27.6&Prime; _module_preset=\u00a0\u00bbdefault\u00a0\u00bb text_font_size=\u00a0\u00bb19px\u00a0\u00bb text_text_color=\u00a0\u00bb#119e5f\u00a0\u00bb hover_enabled=\u00a0\u00bb0&Prime; sticky_enabled=\u00a0\u00bb0&Prime;]<\/p>\n<p style=\"text-align: center;\"><strong>Les \u00e9ditions pass\u00e9es<\/strong><\/p>\n<p>[\/et_pb_text][et_pb_button button_url=\u00a0\u00bbhttps:\/\/ontournevert.com\/fr\/deuxieme-rendez-vous-on-tourne-vert\/\u00a0\u00bb button_text=\u00a0\u00bbRENDEZ-VOUS ON TOURNE VERT 2025&Prime; button_alignment=\u00a0\u00bbcenter\u00a0\u00bb _builder_version=\u00a0\u00bb4.27.6&Prime; _module_preset=\u00a0\u00bbdefault\u00a0\u00bb custom_button=\u00a0\u00bbon\u00a0\u00bb button_text_size=\u00a0\u00bb28px\u00a0\u00bb button_text_color=\u00a0\u00bb#FFFFFF\u00a0\u00bb button_bg_color=\u00a0\u00bb#119b5f\u00a0\u00bb button_bg_blend=\u00a0\u00bblighten\u00a0\u00bb button_border_width=\u00a0\u00bb4px\u00a0\u00bb button_icon_color=\u00a0\u00bb#FFFFFF\u00a0\u00bb hover_enabled=\u00a0\u00bb0&Prime; global_colors_info=\u00a0\u00bb{}\u00a0\u00bb sticky_enabled=\u00a0\u00bb0&Prime;][\/et_pb_button][et_pb_button button_url=\u00a0\u00bbhttps:\/\/ontournevert.com\/fr\/le-rendez-vous-on-tourne-vert\/\u00a0\u00bb button_text=\u00a0\u00bbRENDEZ-VOUS ON TOURNE VERT 2024&Prime; button_alignment=\u00a0\u00bbcenter\u00a0\u00bb _builder_version=\u00a0\u00bb4.27.4&Prime; _module_preset=\u00a0\u00bbdefault\u00a0\u00bb custom_button=\u00a0\u00bbon\u00a0\u00bb button_text_size=\u00a0\u00bb28px\u00a0\u00bb button_text_color=\u00a0\u00bb#FFFFFF\u00a0\u00bb button_bg_color=\u00a0\u00bb#119b5f\u00a0\u00bb button_bg_blend=\u00a0\u00bblighten\u00a0\u00bb button_border_width=\u00a0\u00bb4px\u00a0\u00bb button_icon_color=\u00a0\u00bb#FFFFFF\u00a0\u00bb global_colors_info=\u00a0\u00bb{}\u00a0\u00bb][\/et_pb_button][\/et_pb_column][\/et_pb_row][\/et_pb_section]<\/p>\n","protected":false},"excerpt":{"rendered":"<p>Le Rendez-vous On tourne vertUNE JOURN\u00c9E D\u00c9DI\u00c9E \u00c0 L\u2019\u00c9CORESPONSABILIT\u00c9 DANS L\u2019INDUSTRIE AUDIOVISUELLE DU QU\u00c9BEC Le Rendez-Vous On Tourne Vert vise \u00e0 rassembler l\u2019ensemble des acteurs de l\u2019industrie audiovisuelle et \u00e0 les sensibiliser sur l\u2019impact environnemental du secteur. La journ\u00e9e a pour objectif de cr\u00e9er des moments de r\u00e9flexion, de partage de bonnes pratiques et propose [&hellip;]<\/p>\n","protected":false},"author":1,"featured_media":0,"parent":0,"menu_order":0,"comment_status":"closed","ping_status":"closed","template":"","meta":{"_et_pb_use_builder":"on","_et_pb_old_content":"","_et_gb_content_width":"","footnotes":""},"class_list":["post-8145","page","type-page","status-publish","hentry"],"yoast_head":"<!-- This site is optimized with the Yoast SEO plugin v27.4 - https:\/\/yoast.com\/product\/yoast-seo-wordpress\/ -->\n<title>Rendez-vous On tourne vert - On Tourne Vert \/ Rolling Green<\/title>\n<meta name=\"robots\" content=\"index, follow, max-snippet:-1, max-image-preview:large, max-video-preview:-1\" \/>\n<link rel=\"canonical\" href=\"https:\/\/ontournevert.com\/fr\/rendez-vous-on-tourne-vert\/\" \/>\n<meta property=\"og:locale\" content=\"fr_FR\" \/>\n<meta property=\"og:type\" content=\"article\" \/>\n<meta property=\"og:title\" content=\"Rendez-vous On tourne vert - On Tourne Vert \/ Rolling Green\" \/>\n<meta property=\"og:description\" content=\"Le Rendez-vous On tourne vertUNE JOURN\u00c9E D\u00c9DI\u00c9E \u00c0 L\u2019\u00c9CORESPONSABILIT\u00c9 DANS L\u2019INDUSTRIE AUDIOVISUELLE DU QU\u00c9BEC Le Rendez-Vous On Tourne Vert vise \u00e0 rassembler l\u2019ensemble des acteurs de l\u2019industrie audiovisuelle et \u00e0 les sensibiliser sur l\u2019impact environnemental du secteur. La journ\u00e9e a pour objectif de cr\u00e9er des moments de r\u00e9flexion, de partage de bonnes pratiques et propose [&hellip;]\" \/>\n<meta property=\"og:url\" content=\"https:\/\/ontournevert.com\/fr\/rendez-vous-on-tourne-vert\/\" \/>\n<meta property=\"og:site_name\" content=\"On Tourne Vert \/ Rolling Green\" \/>\n<meta property=\"article:publisher\" content=\"https:\/\/www.facebook.com\/bctqqftc\/\" \/>\n<meta property=\"article:modified_time\" content=\"2026-03-17T14:17:05+00:00\" \/>\n<meta name=\"twitter:card\" content=\"summary_large_image\" \/>\n<meta name=\"twitter:site\" content=\"@bctq_qftc\" \/>\n<script type=\"application\/ld+json\" class=\"yoast-schema-graph\">{\"@context\":\"https:\\\/\\\/schema.org\",\"@graph\":[{\"@type\":\"WebPage\",\"@id\":\"https:\\\/\\\/ontournevert.com\\\/fr\\\/rendez-vous-on-tourne-vert\\\/\",\"url\":\"https:\\\/\\\/ontournevert.com\\\/fr\\\/rendez-vous-on-tourne-vert\\\/\",\"name\":\"Rendez-vous On tourne vert - On Tourne Vert \\\/ Rolling Green\",\"isPartOf\":{\"@id\":\"https:\\\/\\\/ontournevert.com\\\/fr\\\/#website\"},\"datePublished\":\"2025-06-05T21:05:47+00:00\",\"dateModified\":\"2026-03-17T14:17:05+00:00\",\"breadcrumb\":{\"@id\":\"https:\\\/\\\/ontournevert.com\\\/fr\\\/rendez-vous-on-tourne-vert\\\/#breadcrumb\"},\"inLanguage\":\"fr-FR\",\"potentialAction\":[{\"@type\":\"ReadAction\",\"target\":[\"https:\\\/\\\/ontournevert.com\\\/fr\\\/rendez-vous-on-tourne-vert\\\/\"]}]},{\"@type\":\"BreadcrumbList\",\"@id\":\"https:\\\/\\\/ontournevert.com\\\/fr\\\/rendez-vous-on-tourne-vert\\\/#breadcrumb\",\"itemListElement\":[{\"@type\":\"ListItem\",\"position\":1,\"name\":\"Home\",\"item\":\"https:\\\/\\\/ontournevert.com\\\/fr\\\/\"},{\"@type\":\"ListItem\",\"position\":2,\"name\":\"Rendez-vous On tourne vert\"}]},{\"@type\":\"WebSite\",\"@id\":\"https:\\\/\\\/ontournevert.com\\\/fr\\\/#website\",\"url\":\"https:\\\/\\\/ontournevert.com\\\/fr\\\/\",\"name\":\"On Tourne Vert \\\/ Rolling Green\",\"description\":\"Am\u00e9liorer l&#039;\u00e9coresponsabilit\u00e9 des productions audiovisuelles au Qu\u00e9bec.\",\"publisher\":{\"@id\":\"https:\\\/\\\/ontournevert.com\\\/fr\\\/#organization\"},\"potentialAction\":[{\"@type\":\"SearchAction\",\"target\":{\"@type\":\"EntryPoint\",\"urlTemplate\":\"https:\\\/\\\/ontournevert.com\\\/fr\\\/?s={search_term_string}\"},\"query-input\":{\"@type\":\"PropertyValueSpecification\",\"valueRequired\":true,\"valueName\":\"search_term_string\"}}],\"inLanguage\":\"fr-FR\"},{\"@type\":\"Organization\",\"@id\":\"https:\\\/\\\/ontournevert.com\\\/fr\\\/#organization\",\"name\":\"On Tourne Vert \\\/ Rolling Green\",\"url\":\"https:\\\/\\\/ontournevert.com\\\/fr\\\/\",\"logo\":{\"@type\":\"ImageObject\",\"inLanguage\":\"fr-FR\",\"@id\":\"https:\\\/\\\/ontournevert.com\\\/fr\\\/#\\\/schema\\\/logo\\\/image\\\/\",\"url\":\"http:\\\/\\\/ontournevert.com\\\/wp-content\\\/uploads\\\/2022\\\/01\\\/Logo.png\",\"contentUrl\":\"http:\\\/\\\/ontournevert.com\\\/wp-content\\\/uploads\\\/2022\\\/01\\\/Logo.png\",\"width\":506,\"height\":225,\"caption\":\"On Tourne Vert \\\/ Rolling Green\"},\"image\":{\"@id\":\"https:\\\/\\\/ontournevert.com\\\/fr\\\/#\\\/schema\\\/logo\\\/image\\\/\"},\"sameAs\":[\"https:\\\/\\\/www.facebook.com\\\/bctqqftc\\\/\",\"https:\\\/\\\/x.com\\\/bctq_qftc\",\"https:\\\/\\\/www.instagram.com\\\/bctq_qftc\\\/?hl=fr\",\"https:\\\/\\\/www.linkedin.com\\\/company\\\/bctq\\\/?originalSubdomain=ca\",\"https:\\\/\\\/www.youtube.com\\\/channel\\\/UCzPwrM1b2iYeQS4ERSehUKA\",\"https:\\\/\\\/www.instagram.com\\\/ontournevert\\\/\",\"https:\\\/\\\/www.linkedin.com\\\/company\\\/on-tourne-vert\\\/?viewAsMember=true\",\"https:\\\/\\\/www.facebook.com\\\/ontournevert\"]}]}<\/script>\n<!-- \/ Yoast SEO plugin. -->","yoast_head_json":{"title":"Rendez-vous On tourne vert - On Tourne Vert \/ Rolling Green","robots":{"index":"index","follow":"follow","max-snippet":"max-snippet:-1","max-image-preview":"max-image-preview:large","max-video-preview":"max-video-preview:-1"},"canonical":"https:\/\/ontournevert.com\/fr\/rendez-vous-on-tourne-vert\/","og_locale":"fr_FR","og_type":"article","og_title":"Rendez-vous On tourne vert - On Tourne Vert \/ Rolling Green","og_description":"Le Rendez-vous On tourne vertUNE JOURN\u00c9E D\u00c9DI\u00c9E \u00c0 L\u2019\u00c9CORESPONSABILIT\u00c9 DANS L\u2019INDUSTRIE AUDIOVISUELLE DU QU\u00c9BEC Le Rendez-Vous On Tourne Vert vise \u00e0 rassembler l\u2019ensemble des acteurs de l\u2019industrie audiovisuelle et \u00e0 les sensibiliser sur l\u2019impact environnemental du secteur. La journ\u00e9e a pour objectif de cr\u00e9er des moments de r\u00e9flexion, de partage de bonnes pratiques et propose [&hellip;]","og_url":"https:\/\/ontournevert.com\/fr\/rendez-vous-on-tourne-vert\/","og_site_name":"On Tourne Vert \/ Rolling Green","article_publisher":"https:\/\/www.facebook.com\/bctqqftc\/","article_modified_time":"2026-03-17T14:17:05+00:00","twitter_card":"summary_large_image","twitter_site":"@bctq_qftc","schema":{"@context":"https:\/\/schema.org","@graph":[{"@type":"WebPage","@id":"https:\/\/ontournevert.com\/fr\/rendez-vous-on-tourne-vert\/","url":"https:\/\/ontournevert.com\/fr\/rendez-vous-on-tourne-vert\/","name":"Rendez-vous On tourne vert - On Tourne Vert \/ Rolling Green","isPartOf":{"@id":"https:\/\/ontournevert.com\/fr\/#website"},"datePublished":"2025-06-05T21:05:47+00:00","dateModified":"2026-03-17T14:17:05+00:00","breadcrumb":{"@id":"https:\/\/ontournevert.com\/fr\/rendez-vous-on-tourne-vert\/#breadcrumb"},"inLanguage":"fr-FR","potentialAction":[{"@type":"ReadAction","target":["https:\/\/ontournevert.com\/fr\/rendez-vous-on-tourne-vert\/"]}]},{"@type":"BreadcrumbList","@id":"https:\/\/ontournevert.com\/fr\/rendez-vous-on-tourne-vert\/#breadcrumb","itemListElement":[{"@type":"ListItem","position":1,"name":"Home","item":"https:\/\/ontournevert.com\/fr\/"},{"@type":"ListItem","position":2,"name":"Rendez-vous On tourne vert"}]},{"@type":"WebSite","@id":"https:\/\/ontournevert.com\/fr\/#website","url":"https:\/\/ontournevert.com\/fr\/","name":"On Tourne Vert \/ Rolling Green","description":"Am\u00e9liorer l&#039;\u00e9coresponsabilit\u00e9 des productions audiovisuelles au Qu\u00e9bec.","publisher":{"@id":"https:\/\/ontournevert.com\/fr\/#organization"},"potentialAction":[{"@type":"SearchAction","target":{"@type":"EntryPoint","urlTemplate":"https:\/\/ontournevert.com\/fr\/?s={search_term_string}"},"query-input":{"@type":"PropertyValueSpecification","valueRequired":true,"valueName":"search_term_string"}}],"inLanguage":"fr-FR"},{"@type":"Organization","@id":"https:\/\/ontournevert.com\/fr\/#organization","name":"On Tourne Vert \/ Rolling Green","url":"https:\/\/ontournevert.com\/fr\/","logo":{"@type":"ImageObject","inLanguage":"fr-FR","@id":"https:\/\/ontournevert.com\/fr\/#\/schema\/logo\/image\/","url":"http:\/\/ontournevert.com\/wp-content\/uploads\/2022\/01\/Logo.png","contentUrl":"http:\/\/ontournevert.com\/wp-content\/uploads\/2022\/01\/Logo.png","width":506,"height":225,"caption":"On Tourne Vert \/ Rolling Green"},"image":{"@id":"https:\/\/ontournevert.com\/fr\/#\/schema\/logo\/image\/"},"sameAs":["https:\/\/www.facebook.com\/bctqqftc\/","https:\/\/x.com\/bctq_qftc","https:\/\/www.instagram.com\/bctq_qftc\/?hl=fr","https:\/\/www.linkedin.com\/company\/bctq\/?originalSubdomain=ca","https:\/\/www.youtube.com\/channel\/UCzPwrM1b2iYeQS4ERSehUKA","https:\/\/www.instagram.com\/ontournevert\/","https:\/\/www.linkedin.com\/company\/on-tourne-vert\/?viewAsMember=true","https:\/\/www.facebook.com\/ontournevert"]}]}},"_links":{"self":[{"href":"https:\/\/ontournevert.com\/fr\/wp-json\/wp\/v2\/pages\/8145","targetHints":{"allow":["GET"]}}],"collection":[{"href":"https:\/\/ontournevert.com\/fr\/wp-json\/wp\/v2\/pages"}],"about":[{"href":"https:\/\/ontournevert.com\/fr\/wp-json\/wp\/v2\/types\/page"}],"author":[{"embeddable":true,"href":"https:\/\/ontournevert.com\/fr\/wp-json\/wp\/v2\/users\/1"}],"replies":[{"embeddable":true,"href":"https:\/\/ontournevert.com\/fr\/wp-json\/wp\/v2\/comments?post=8145"}],"version-history":[{"count":11,"href":"https:\/\/ontournevert.com\/fr\/wp-json\/wp\/v2\/pages\/8145\/revisions"}],"predecessor-version":[{"id":10204,"href":"https:\/\/ontournevert.com\/fr\/wp-json\/wp\/v2\/pages\/8145\/revisions\/10204"}],"wp:attachment":[{"href":"https:\/\/ontournevert.com\/fr\/wp-json\/wp\/v2\/media?parent=8145"}],"curies":[{"name":"wp","href":"https:\/\/api.w.org\/{rel}","templated":true}]}}